{"id":1163,"date":"2019-05-08T14:58:06","date_gmt":"2019-05-08T14:58:06","guid":{"rendered":"https:\/\/organicthemes.com\/demo\/artisan\/?page_id=1163"},"modified":"2024-09-24T16:51:06","modified_gmt":"2024-09-24T14:51:06","slug":"home","status":"publish","type":"page","link":"https:\/\/maisonnormande.boutique\/en\/","title":{"rendered":""},"content":{"rendered":"<div class=\"wp-block-group\"><div class=\"wp-block-group__inner-container is-layout-flow wp-block-group-is-layout-flow\">\n<div class=\"wp-block-group\"><div class=\"wp-block-group__inner-container is-layout-flow wp-block-group-is-layout-flow\">\n<div class=\"wp-block-cover alignwide is-position-center-center\" style=\"min-height:586px;aspect-ratio:unset;\"><span aria-hidden=\"true\" class=\"wp-block-cover__background has-background-dim-0 has-background-dim\" style=\"background-color:#5e76a4\"><\/span><img loading=\"lazy\" decoding=\"async\" width=\"800\" height=\"533\" class=\"wp-block-cover__image-background wp-image-1388214\" alt=\"\" src=\"https:\/\/maisonnormande.boutique\/wp-content\/uploads\/2024\/06\/Fleurs-de-lin.jpg\" data-object-fit=\"cover\" srcset=\"https:\/\/maisonnormande.boutique\/wp-content\/uploads\/2024\/06\/Fleurs-de-lin.jpg 800w, https:\/\/maisonnormande.boutique\/wp-content\/uploads\/2024\/06\/Fleurs-de-lin-300x200.jpg 300w, https:\/\/maisonnormande.boutique\/wp-content\/uploads\/2024\/06\/Fleurs-de-lin-768x512.jpg 768w, https:\/\/maisonnormande.boutique\/wp-content\/uploads\/2024\/06\/Fleurs-de-lin-18x12.jpg 18w, https:\/\/maisonnormande.boutique\/wp-content\/uploads\/2024\/06\/Fleurs-de-lin-416x277.jpg 416w\" sizes=\"auto, (max-width: 800px) 100vw, 800px\" \/><div class=\"wp-block-cover__inner-container is-layout-flow wp-block-cover-is-layout-flow\">\n<p><\/p>\n<\/div><\/div>\n\n\n\n<blockquote class=\"wp-block-quote has-text-align-center is-layout-flow wp-block-quote-is-layout-flow\">\n<p class=\"has-text-color has-link-color wp-elements-1ad552aad25840796368b35eb2f63594\" style=\"color:#494944\">\u201cLINEN, A NOBLE, SUBTLE, NONCHALANT, FRESH AND LIGHT MATERIAL\u201d \u2013 KENZO<\/p>\n<\/blockquote>\n<\/div><\/div>\n\n\n\n<p class=\"has-text-color has-link-color has-normal-font-size wp-elements-b2969b3bf9d2ad882b15714ff94a9d74\" style=\"color:#494944\">Flax, a specialty of our region, Normandy, represents 63% of French textile flax production and occupies a key position worldwide.<\/p>\n\n\n\n<p class=\"has-text-align-left has-text-color has-link-color has-normal-font-size wp-elements-f62cb7c1dc1a6dcc749d3751fc370573\" style=\"color:#494944\">It is a high-end linen with fine, robust and resistant fibers.<\/p>\n\n\n\n<p class=\"has-text-align-left has-text-color has-link-color has-normal-font-size wp-elements-308439dc01177f48e7df82c7c62ee7c6\" style=\"color:#494944\">Respectful of the environment, linen is the leader in ecological fibers. For its cultivation, it requires very little water, does not need fertilizer and does not produce waste since everything is recycled.<em><mark style=\"background-color:rgba(0, 0, 0, 0);color:#5b5858\" class=\"has-inline-color\"><\/mark><\/em><\/p>\n\n\n\n<div class=\"wp-block-buttons is-content-justification-center is-layout-flex wp-container-core-buttons-is-layout-a89b3969 wp-block-buttons-is-layout-flex\"><\/div>\n\n\n\n<h1 class=\"wp-block-heading has-text-align-center has-text-color\" style=\"color:#494944\"><strong>OUR FRENCH LINEN FABRICS<\/strong><\/h1>\n\n\n\n<figure class=\"wp-block-image alignwide size-full\"><a href=\"https:\/\/maisonnormande.boutique\/en\/product-category\/tissus-lin-au-metre\/\" target=\"_blank\" rel=\"noreferrer noopener\"><img loading=\"lazy\" decoding=\"async\" width=\"600\" height=\"450\" src=\"https:\/\/maisonnormande.boutique\/wp-content\/uploads\/2024\/01\/Tissus-lin-Maison-Normande-Home-Decor-new-colors-2024.jpg\" alt=\"tissus lin francais au metre\" class=\"wp-image-1201930\" srcset=\"https:\/\/maisonnormande.boutique\/wp-content\/uploads\/2024\/01\/Tissus-lin-Maison-Normande-Home-Decor-new-colors-2024.jpg 600w, https:\/\/maisonnormande.boutique\/wp-content\/uploads\/2024\/01\/Tissus-lin-Maison-Normande-Home-Decor-new-colors-2024-324x243.jpg 324w, https:\/\/maisonnormande.boutique\/wp-content\/uploads\/2024\/01\/Tissus-lin-Maison-Normande-Home-Decor-new-colors-2024-416x312.jpg 416w, https:\/\/maisonnormande.boutique\/wp-content\/uploads\/2024\/01\/Tissus-lin-Maison-Normande-Home-Decor-new-colors-2024-300x225.jpg 300w, https:\/\/maisonnormande.boutique\/wp-content\/uploads\/2024\/01\/Tissus-lin-Maison-Normande-Home-Decor-new-colors-2024-16x12.jpg 16w\" sizes=\"auto, (max-width: 600px) 100vw, 600px\" \/><\/a><figcaption class=\"wp-element-caption\"><em>French linen fabrics sold by the meter<\/em><\/figcaption><\/figure>\n\n\n\n<p class=\"has-text-color has-link-color wp-elements-9c5b8164ef80e3c5ca47a1207071e3d1\" style=\"color:#494944\">Maison Normande Home Decor offers a wide range of French linen fabrics sold by the metre.<\/p>\n\n\n\n<p class=\"has-text-color has-link-color wp-elements-c2b13c4034ead02bfff215d632696cb8\" style=\"color:#494944\">Our fabrics are dyed and woven in France and some have the particularity of being machine washable.<\/p>\n\n\n\n<p class=\"has-text-color has-link-color wp-elements-57b2b14585d652ece62254eec3ad5655\" style=\"color:#494944\">Very high quality, the French linen fabric does not warp over time and does not lint.<\/p>\n\n\n\n<p class=\"has-text-color has-link-color wp-elements-089777023e5ef71b9cc584246278f971\" style=\"color:#494944\">It has hypoallergenic, antibacterial and anti-stress properties; it even promotes sleep.<\/p>\n\n\n\n<p class=\"has-text-color has-link-color wp-elements-5efc0d23c7a9a1e3298e41602be22e0c\" style=\"color:#494944\">The linen fabric is a thermoregulator, warm in winter and cool in summer.<\/p>\n\n\n\n<p class=\"has-text-color has-link-color wp-elements-6edbd61237c423150cf4e0743d5d7142\" style=\"color:#494944\">It is a noble material by excellence, perfect for furnishings, household linen and clothing.<\/p>\n\n\n\n<p class=\"has-text-color has-link-color wp-elements-ce052ab1a2df604bdd07c46f6a14fb84\" style=\"color:#494944\">Discover in our E-boutique our different collections of French linen fabrics in various weights and colors as well as our ready-to-dye linen fabric for making clothes in the color of your choice.<\/p>\n\n\n\n<hr class=\"wp-block-separator has-alpha-channel-opacity\"\/>\n<\/div><\/div>\n\n\n\n<p class=\"has-text-color has-link-color wp-elements-b3255740c9a233992ca7b1248a4230a6\" style=\"color:#494944\">We have created a few designs that are meant to be UNIQUE, durable, timeless, simple and elegant.<\/p>\n\n\n\n<p class=\"has-text-color has-link-color wp-elements-9de180880f46fe87d078cbf9f3261985\" style=\"color:#494944\">It\u2019s a SHOWCASE of what can be done with our French linen fabrics.<\/p>\n\n\n\n<h1 class=\"wp-block-heading has-text-align-center has-text-color\" style=\"color:#494944\"><em><strong>TABLE LINEN<\/strong><\/em><\/h1>\n\n\n\n<figure class=\"wp-block-gallery alignwide has-nested-images columns-default is-cropped wp-block-gallery-2 is-layout-flex wp-block-gallery-is-layout-flex\">\n<figure class=\"wp-block-image size-full\"><img loading=\"lazy\" decoding=\"async\" width=\"800\" height=\"600\" data-id=\"1240233\" src=\"https:\/\/maisonnormande.boutique\/wp-content\/uploads\/2024\/02\/Table-linen2-MNHD.jpg\" alt=\"linge de table en lin francais\" class=\"wp-image-1240233\" srcset=\"https:\/\/maisonnormande.boutique\/wp-content\/uploads\/2024\/02\/Table-linen2-MNHD.jpg 800w, https:\/\/maisonnormande.boutique\/wp-content\/uploads\/2024\/02\/Table-linen2-MNHD-324x243.jpg 324w, https:\/\/maisonnormande.boutique\/wp-content\/uploads\/2024\/02\/Table-linen2-MNHD-416x312.jpg 416w, https:\/\/maisonnormande.boutique\/wp-content\/uploads\/2024\/02\/Table-linen2-MNHD-300x225.jpg 300w, https:\/\/maisonnormande.boutique\/wp-content\/uploads\/2024\/02\/Table-linen2-MNHD-768x576.jpg 768w, https:\/\/maisonnormande.boutique\/wp-content\/uploads\/2024\/02\/Table-linen2-MNHD-16x12.jpg 16w\" sizes=\"auto, (max-width: 800px) 100vw, 800px\" \/><\/figure>\n\n\n\n<figure class=\"wp-block-image size-full\"><img loading=\"lazy\" decoding=\"async\" width=\"800\" height=\"600\" data-id=\"1240196\" src=\"https:\/\/maisonnormande.boutique\/wp-content\/uploads\/2024\/02\/Table-linen-MNHD.jpg\" alt=\"linge de table en lin francais\" class=\"wp-image-1240196\" srcset=\"https:\/\/maisonnormande.boutique\/wp-content\/uploads\/2024\/02\/Table-linen-MNHD.jpg 800w, https:\/\/maisonnormande.boutique\/wp-content\/uploads\/2024\/02\/Table-linen-MNHD-324x243.jpg 324w, https:\/\/maisonnormande.boutique\/wp-content\/uploads\/2024\/02\/Table-linen-MNHD-416x312.jpg 416w, https:\/\/maisonnormande.boutique\/wp-content\/uploads\/2024\/02\/Table-linen-MNHD-300x225.jpg 300w, https:\/\/maisonnormande.boutique\/wp-content\/uploads\/2024\/02\/Table-linen-MNHD-768x576.jpg 768w, https:\/\/maisonnormande.boutique\/wp-content\/uploads\/2024\/02\/Table-linen-MNHD-16x12.jpg 16w\" sizes=\"auto, (max-width: 800px) 100vw, 800px\" \/><\/figure>\n<\/figure>\n\n\n\n<h1 class=\"wp-block-heading has-text-align-center has-text-color has-huge-font-size\" style=\"color:#494944\"><em><strong>BEDDING<\/strong><\/em><\/h1>\n\n\n<div class=\"wp-block-image\">\n<figure class=\"aligncenter size-full\"><img loading=\"lazy\" decoding=\"async\" width=\"800\" height=\"600\" src=\"https:\/\/maisonnormande.boutique\/wp-content\/uploads\/2024\/02\/Linge-de-lit-MNHD.jpg\" alt=\"\" class=\"wp-image-1240224\" srcset=\"https:\/\/maisonnormande.boutique\/wp-content\/uploads\/2024\/02\/Linge-de-lit-MNHD.jpg 800w, https:\/\/maisonnormande.boutique\/wp-content\/uploads\/2024\/02\/Linge-de-lit-MNHD-324x243.jpg 324w, https:\/\/maisonnormande.boutique\/wp-content\/uploads\/2024\/02\/Linge-de-lit-MNHD-416x312.jpg 416w, https:\/\/maisonnormande.boutique\/wp-content\/uploads\/2024\/02\/Linge-de-lit-MNHD-300x225.jpg 300w, https:\/\/maisonnormande.boutique\/wp-content\/uploads\/2024\/02\/Linge-de-lit-MNHD-768x576.jpg 768w, https:\/\/maisonnormande.boutique\/wp-content\/uploads\/2024\/02\/Linge-de-lit-MNHD-16x12.jpg 16w\" sizes=\"auto, (max-width: 800px) 100vw, 800px\" \/><\/figure>\n<\/div>\n\n\n<h1 class=\"wp-block-heading has-text-align-center has-text-color has-link-color wp-elements-aa5cc8103af9446a84cfe73008d00fdd\" style=\"color:#494944\"><strong><em>DECORATION<\/em><\/strong><\/h1>\n\n\n\n<div class=\"wp-block-group alignwide\"><div class=\"wp-block-group__inner-container is-layout-flow wp-block-group-is-layout-flow\">\n<figure class=\"wp-block-gallery alignwide has-nested-images columns-default is-cropped wp-block-gallery-3 is-layout-flex wp-block-gallery-is-layout-flex\">\n<figure class=\"wp-block-image size-large\"><img loading=\"lazy\" decoding=\"async\" width=\"600\" height=\"400\" data-id=\"238761\" src=\"https:\/\/maisonnormande.boutique\/wp-content\/uploads\/2021\/08\/9-Coussins-en-lin-MN-Home-Decor\u00ae-.jpg\" alt=\"coussins en lin francais\" class=\"wp-image-238761\" srcset=\"https:\/\/maisonnormande.boutique\/wp-content\/uploads\/2021\/08\/9-Coussins-en-lin-MN-Home-Decor\u00ae-.jpg 600w, https:\/\/maisonnormande.boutique\/wp-content\/uploads\/2021\/08\/9-Coussins-en-lin-MN-Home-Decor\u00ae--416x277.jpg 416w, https:\/\/maisonnormande.boutique\/wp-content\/uploads\/2021\/08\/9-Coussins-en-lin-MN-Home-Decor\u00ae--300x200.jpg 300w, https:\/\/maisonnormande.boutique\/wp-content\/uploads\/2021\/08\/9-Coussins-en-lin-MN-Home-Decor\u00ae--18x12.jpg 18w\" sizes=\"auto, (max-width: 600px) 100vw, 600px\" \/><figcaption class=\"wp-element-caption\"><em> <\/em><\/figcaption><\/figure>\n\n\n\n<figure class=\"wp-block-image size-full\"><img loading=\"lazy\" decoding=\"async\" width=\"800\" height=\"599\" data-id=\"1240203\" src=\"https:\/\/maisonnormande.boutique\/wp-content\/uploads\/2024\/02\/linen-curtain-MNHD.jpg\" alt=\"Rideaux en lin francais\" class=\"wp-image-1240203\" srcset=\"https:\/\/maisonnormande.boutique\/wp-content\/uploads\/2024\/02\/linen-curtain-MNHD.jpg 800w, https:\/\/maisonnormande.boutique\/wp-content\/uploads\/2024\/02\/linen-curtain-MNHD-324x243.jpg 324w, https:\/\/maisonnormande.boutique\/wp-content\/uploads\/2024\/02\/linen-curtain-MNHD-416x311.jpg 416w, https:\/\/maisonnormande.boutique\/wp-content\/uploads\/2024\/02\/linen-curtain-MNHD-300x225.jpg 300w, https:\/\/maisonnormande.boutique\/wp-content\/uploads\/2024\/02\/linen-curtain-MNHD-768x575.jpg 768w, https:\/\/maisonnormande.boutique\/wp-content\/uploads\/2024\/02\/linen-curtain-MNHD-16x12.jpg 16w\" sizes=\"auto, (max-width: 800px) 100vw, 800px\" \/><\/figure>\n<\/figure>\n<\/div><\/div>\n\n\n\n<div style=\"height:15px\" aria-hidden=\"true\" class=\"wp-block-spacer\"><\/div>\n\n\n\n<h1 class=\"wp-block-heading has-text-align-center has-text-color has-link-color wp-elements-33dbf1276614a3a71b7d23c4dc81cec4\" style=\"color:#494944\"><strong><em>LINEN ACCESSORIES<\/em><\/strong><\/h1>\n\n\n<div class=\"wp-block-image\">\n<figure class=\"aligncenter size-full\"><a href=\"https:\/\/maisonnormande.boutique\/en\/product-category\/accessoires-en-lin\/\"><img loading=\"lazy\" decoding=\"async\" width=\"711\" height=\"533\" src=\"https:\/\/maisonnormande.boutique\/wp-content\/uploads\/2024\/02\/Echarpe-MNHD3-edited.jpg\" alt=\"Accessoires en lin echarpes\" class=\"wp-image-1240245\" srcset=\"https:\/\/maisonnormande.boutique\/wp-content\/uploads\/2024\/02\/Echarpe-MNHD3-edited.jpg 711w, https:\/\/maisonnormande.boutique\/wp-content\/uploads\/2024\/02\/Echarpe-MNHD3-edited-324x243.jpg 324w, https:\/\/maisonnormande.boutique\/wp-content\/uploads\/2024\/02\/Echarpe-MNHD3-edited-416x312.jpg 416w, https:\/\/maisonnormande.boutique\/wp-content\/uploads\/2024\/02\/Echarpe-MNHD3-edited-300x225.jpg 300w, https:\/\/maisonnormande.boutique\/wp-content\/uploads\/2024\/02\/Echarpe-MNHD3-edited-16x12.jpg 16w\" sizes=\"auto, (max-width: 711px) 100vw, 711px\" \/><\/a><\/figure>\n<\/div>","protected":false},"excerpt":{"rendered":"<p>&#8220;LE LIN, MATI\u00c8RE NOBLE, SUBTILE, NONCHALANTE, FRA\u00ceCHE ET L\u00c9G\u00c8RE&#8221; &#8211; KENZO Le lin, sp\u00e9cialit\u00e9 de notre r\u00e9gion, la Normandie, repr\u00e9sente 63% de la production fran\u00e7aise de lin textile et occupe une place primordiale au niveau mondial. C&#8217;est un lin haut de gamme aux fibres fines, robustes et r\u00e9sistantes. Respectueux de l&#8217;environnement, le lin est le [&hellip;]<\/p>\n","protected":false},"author":1,"featured_media":0,"parent":0,"menu_order":0,"comment_status":"closed","ping_status":"closed","template":"","meta":{"footnotes":""},"class_list":["post-1163","page","type-page","status-publish","hentry"],"_links":{"self":[{"href":"https:\/\/maisonnormande.boutique\/en\/wp-json\/wp\/v2\/pages\/1163","targetHints":{"allow":["GET"]}}],"collection":[{"href":"https:\/\/maisonnormande.boutique\/en\/wp-json\/wp\/v2\/pages"}],"about":[{"href":"https:\/\/maisonnormande.boutique\/en\/wp-json\/wp\/v2\/types\/page"}],"author":[{"embeddable":true,"href":"https:\/\/maisonnormande.boutique\/en\/wp-json\/wp\/v2\/users\/1"}],"replies":[{"embeddable":true,"href":"https:\/\/maisonnormande.boutique\/en\/wp-json\/wp\/v2\/comments?post=1163"}],"version-history":[{"count":12,"href":"https:\/\/maisonnormande.boutique\/en\/wp-json\/wp\/v2\/pages\/1163\/revisions"}],"predecessor-version":[{"id":1388216,"href":"https:\/\/maisonnormande.boutique\/en\/wp-json\/wp\/v2\/pages\/1163\/revisions\/1388216"}],"wp:attachment":[{"href":"https:\/\/maisonnormande.boutique\/en\/wp-json\/wp\/v2\/media?parent=1163"}],"curies":[{"name":"wp","href":"https:\/\/api.w.org\/{rel}","templated":true}]}}