{"id":19,"date":"2020-06-23T12:29:45","date_gmt":"2020-06-23T12:29:45","guid":{"rendered":"https:\/\/maisonnormande.boutique\/?page_id=19"},"modified":"2022-09-15T21:40:54","modified_gmt":"2022-09-15T19:40:54","slug":"a-propos-de","status":"publish","type":"page","link":"https:\/\/maisonnormande.boutique\/en\/a-propos-de\/","title":{"rendered":"WHO ARE WE ?"},"content":{"rendered":"<div style=\"height:100px\" aria-hidden=\"true\" class=\"wp-block-spacer\"><\/div>\n\n\n\n<h1 class=\"has-text-align-center wp-block-heading\"><strong>WHO ARE WE ?<\/strong><\/h1>\n\n\n\n<div style=\"height:80px\" aria-hidden=\"true\" class=\"wp-block-spacer\"><\/div>\n\n\n\n<p>Maison Normande Home Decor is a duo made up of two childhood friends who spent their childhood in Rouen, Normandy. With different characters and professional backgrounds they also have common interests: nature, the taste for things well done and challenges.<\/p>\n\n\n\n<p><\/p>\n\n\n\n<p>Annick KURODA, Manager, is the creative and artistic side of Maison Normande Home Decor.<\/p>\n\n\n\n<p>She has always loved working in textile and fashion design.<\/p>\n\n\n\n<p>After having studied styling \/ pattern making in a fashion school in Paris, she flew to other horizons to perfect her knowledge and continued her career by settling in London (United Kingdom).<\/p>\n\n\n\n<p>Over the years, she has specialized in the field of textile furnishing and has more than 20 years experience as an upholstery seamstress. Her main client\u00e8le being architects and interior designers from London.<\/p>\n\n\n\n<p>Annick, having decided to come back to live in Normandy, created Maison Normande Home Decor in 2019.<\/p>\n\n\n\n<p><\/p>\n\n\n\n<p><\/p>\n\n\n\n<p>Catherine CIRROTTO, Co-manager, is the structural and \u201cbusiness\u201d side of Maison Normande Home Decor.<\/p>\n\n\n\n<p>Passionate about travel and foreign languages, she has always worked internationally.<\/p>\n\n\n\n<p>After more than 20 years spent in a large multinational in the automotive industry as Export Manager, she decided to set up on her own.<\/p>\n\n\n\n<p>Her taste for challenges led her to Latin America to continue her activities.<\/p>\n\n\n\n<p>While maintaining strong connections in different parts of the world, she specialized as an Import \/ Export Consultant to Latin American manufacturers and importers.<\/p>\n\n\n\n<p><\/p>\n\n\n\n<p>In 2021, in view of international news and a world increasingly aware of respect for Nature, we have decided to combine our skills in order to carry out the Maison Normande Home Decor concept.<\/p>\n\n\n\n<p>We want to introduce French know-how, the French Touch, internationally so that Maison Normande Home Decor becomes one of the benchmarks for interior decorators, or designers, and thus, share our passion with the four corners of the world.<\/p>\n\n\n\n<p>Our goal is to offer simple but chic eco-friendly products to customers who have the taste for beautiful things and natural products.<\/p>","protected":false},"excerpt":{"rendered":"<p>QUI SOMMES NOUS ? Maison Normande Home Decor, c\u2019est un duo compos\u00e9 par 2 amies d\u2019enfance ayant pass\u00e9 leur jeunesse \u00e0 Rouen, en Normandie, aux caract\u00e8res et parcours professionnels diff\u00e9rents mais ayant des points communs&nbsp;: la nature, le go\u00fbt des choses bien faites et les d\u00e9fis. Annick KURODA, G\u00e9rante, est le c\u00f4t\u00e9 cr\u00e9ateur et artistique [&hellip;]<\/p>\n","protected":false},"author":1,"featured_media":0,"parent":0,"menu_order":0,"comment_status":"closed","ping_status":"closed","template":"","meta":{"footnotes":""},"class_list":["post-19","page","type-page","status-publish","hentry"],"_links":{"self":[{"href":"https:\/\/maisonnormande.boutique\/en\/wp-json\/wp\/v2\/pages\/19","targetHints":{"allow":["GET"]}}],"collection":[{"href":"https:\/\/maisonnormande.boutique\/en\/wp-json\/wp\/v2\/pages"}],"about":[{"href":"https:\/\/maisonnormande.boutique\/en\/wp-json\/wp\/v2\/types\/page"}],"author":[{"embeddable":true,"href":"https:\/\/maisonnormande.boutique\/en\/wp-json\/wp\/v2\/users\/1"}],"replies":[{"embeddable":true,"href":"https:\/\/maisonnormande.boutique\/en\/wp-json\/wp\/v2\/comments?post=19"}],"version-history":[{"count":0,"href":"https:\/\/maisonnormande.boutique\/en\/wp-json\/wp\/v2\/pages\/19\/revisions"}],"wp:attachment":[{"href":"https:\/\/maisonnormande.boutique\/en\/wp-json\/wp\/v2\/media?parent=19"}],"curies":[{"name":"wp","href":"https:\/\/api.w.org\/{rel}","templated":true}]}}