{"id":19,"date":"2020-06-23T12:29:45","date_gmt":"2020-06-23T12:29:45","guid":{"rendered":"https:\/\/maisonnormande.boutique\/?page_id=19"},"modified":"2022-09-15T21:40:54","modified_gmt":"2022-09-15T19:40:54","slug":"a-propos-de","status":"publish","type":"page","link":"https:\/\/maisonnormande.boutique\/es_uy\/a-propos-de\/","title":{"rendered":"QUI\u00c9NES SOMOS ?"},"content":{"rendered":"<div style=\"height:100px\" aria-hidden=\"true\" class=\"wp-block-spacer\"><\/div>\n\n\n\n<h1 class=\"has-text-align-center wp-block-heading\"><strong>QUI\u00c9NES SOMOS ?<\/strong><\/h1>\n\n\n\n<div style=\"height:80px\" aria-hidden=\"true\" class=\"wp-block-spacer\"><\/div>\n\n\n\n<p>Maison Normande Home Decor es un d\u00fao formado por 2 amigos de la infancia que pasaron su juventud en Rouen, en Normand\u00eda, con caracteres y trayectorias profesionales diferentes pero que tienen cosas en com\u00fan: la naturaleza, el gusto por las cosas bien hechas y los desaf\u00edos.<\/p>\n\n\n\n<p><\/p>\n\n\n\n<p>Annick KURODA, directora, es la parte creativa y art\u00edstica de Maison Normande Home Decor.<\/p>\n\n\n\n<p>Siempre le ha encantado trabajar en dise\u00f1o textil y moda.<\/p>\n\n\n\n<p>Tras estudiar dise\u00f1o de moda en una escuela de moda de Par\u00eds, parti\u00f3 hacia otros horizontes para perfeccionar sus conocimientos y continu\u00f3 su carrera instal\u00e1ndose en Londres (Reino Unido).<\/p>\n\n\n\n<p>Con el paso de los a\u00f1os, se especializ\u00f3 en el campo de la fabricaci\u00f3n de muebles textiles y se convirti\u00f3 en costurera de muebles durante m\u00e1s de 20 a\u00f1os, con muchos arquitectos y dise\u00f1adores de interiores de Londres como sus principales clientes.<\/p>\n\n\n\n<p>Annick, tras haber decidido volver a vivir en Normand\u00eda, cre\u00f3 Maison Normande Home Decor en 2019.<\/p>\n\n\n\n<p><\/p>\n\n\n\n<p><\/p>\n\n\n\n<p>Catherine CIRROTTO, codirectora, es la parte estructural y \u201ccomercial\u201d de Maison Normande Home Decor.<\/p>\n\n\n\n<p>Apasionada por los viajes y los idiomas extranjeros, siempre ha trabajado a nivel internacional.<\/p>\n\n\n\n<p>Despu\u00e9s de m\u00e1s de 20 a\u00f1os en una gran multinacional del sector de la automoci\u00f3n como Export Manager, decidi\u00f3 emprender su propio negocio.<\/p>\n\n\n\n<p>Su gusto por los desaf\u00edos la llev\u00f3 a Am\u00e9rica Latina para continuar sus actividades.<\/p>\n\n\n\n<p>Mientras manten\u00eda fuertes conexiones en diferentes partes del mundo, se especializ\u00f3 como Consultora de Importaci\u00f3n\/Exportaci\u00f3n con fabricantes e importadores latinoamericanos.<\/p>\n\n\n\n<p><\/p>\n\n\n\n<p>En 2021, ante las novedades internacionales y un mundo cada vez m\u00e1s consciente del respeto por la Naturaleza, hemos decidido combinar nuestras habilidades para hacer realidad el concepto de Maison Normande Home Decor.<\/p>\n\n\n\n<p>Queremos llevar el saber hacer franc\u00e9s, el French Touch, a nivel internacional para que Maison Normande Home Decor se convierta en una de las referencias para los decoradores o creadores de interiores y, as\u00ed, compartir nuestra pasi\u00f3n en los cuatro rincones del mundo.<\/p>\n\n\n\n<p>Nuestro objetivo es ofrecer productos ecorresponsables sencillos pero elegantes a los clientes que gustan de las cosas bellas y los productos naturales.<\/p>","protected":false},"excerpt":{"rendered":"<p>QUI SOMMES NOUS ? Maison Normande Home Decor, c\u2019est un duo compos\u00e9 par 2 amies d\u2019enfance ayant pass\u00e9 leur jeunesse \u00e0 Rouen, en Normandie, aux caract\u00e8res et parcours professionnels diff\u00e9rents mais ayant des points communs&nbsp;: la nature, le go\u00fbt des choses bien faites et les d\u00e9fis. Annick KURODA, G\u00e9rante, est le c\u00f4t\u00e9 cr\u00e9ateur et artistique [&hellip;]<\/p>\n","protected":false},"author":1,"featured_media":0,"parent":0,"menu_order":0,"comment_status":"closed","ping_status":"closed","template":"","meta":{"footnotes":""},"class_list":["post-19","page","type-page","status-publish","hentry"],"_links":{"self":[{"href":"https:\/\/maisonnormande.boutique\/es_uy\/wp-json\/wp\/v2\/pages\/19","targetHints":{"allow":["GET"]}}],"collection":[{"href":"https:\/\/maisonnormande.boutique\/es_uy\/wp-json\/wp\/v2\/pages"}],"about":[{"href":"https:\/\/maisonnormande.boutique\/es_uy\/wp-json\/wp\/v2\/types\/page"}],"author":[{"embeddable":true,"href":"https:\/\/maisonnormande.boutique\/es_uy\/wp-json\/wp\/v2\/users\/1"}],"replies":[{"embeddable":true,"href":"https:\/\/maisonnormande.boutique\/es_uy\/wp-json\/wp\/v2\/comments?post=19"}],"version-history":[{"count":0,"href":"https:\/\/maisonnormande.boutique\/es_uy\/wp-json\/wp\/v2\/pages\/19\/revisions"}],"wp:attachment":[{"href":"https:\/\/maisonnormande.boutique\/es_uy\/wp-json\/wp\/v2\/media?parent=19"}],"curies":[{"name":"wp","href":"https:\/\/api.w.org\/{rel}","templated":true}]}}