{"id":2245,"date":"2020-08-12T16:31:23","date_gmt":"2020-08-12T14:31:23","guid":{"rendered":"https:\/\/maisonnormande.boutique\/?page_id=2245"},"modified":"2021-05-12T00:54:40","modified_gmt":"2021-05-11T22:54:40","slug":"conditions-generales-de-vente-maison-normande-boutique","status":"publish","type":"page","link":"https:\/\/maisonnormande.boutique\/es_uy\/conditions-generales-de-vente-maison-normande-boutique\/","title":{"rendered":"CGV"},"content":{"rendered":"<div style=\"height:100px\" aria-hidden=\"true\" class=\"wp-block-spacer\"><\/div>\n\n\n\n<h1 class=\"has-text-align-center wp-block-heading\"><strong>CONDICIONES GENERALES DE VENTA<\/strong><\/h1>\n\n\n\n<div style=\"height:100px\" aria-hidden=\"true\" class=\"wp-block-spacer\"><\/div>\n\n\n\n<p class=\"has-text-align-left\">El presente <strong>CONDICIONES GENERALES DE VENTA<\/strong>  son concluidos, por un lado, por la Sociedad SARL MAISON NORMANDE HOME DECOR con un capital social de 2.760 \u20ac cuya sede social est\u00e1 situada en 46 rue de la Lib\u00e9ration, 76680 Maucomble, Francia, inscrita en el Registro Mercantil y de Sociedades (RCS) de DIEPPE con el n\u00famero de SIRENA 850 524 166, en adelante denominada \u201cMAISON NORMANDE HOME DECOR\u201d y que gestiona el sitio www.maisonnormande.boutique y, por otra parte, por cualquier persona f\u00edsica o jur\u00eddica que desee realizar una compra a trav\u00e9s del sitio web www. .maisonnormande.boutique, en adelante denominado \u201cel comprador\u201d.<\/p>\n\n\n\n<p><\/p>\n\n\n\n<h2 class=\"wp-block-heading\"><strong>ART\u00cdCULO 1: OBJETO<\/strong><\/h2>\n\n\n\n<p>Las presentes condiciones generales de venta tienen como objetivo definir las relaciones contractuales entre MAISON NORMANDE HOME DECOR y el comprador, y las condiciones aplicables a cualquier compra realizada a trav\u00e9s del sitio web www.maisonnormande.boutique. La adquisici\u00f3n de un producto a trav\u00e9s de este sitio implica la aceptaci\u00f3n sin reservas por parte del comprador de las presentes condiciones generales de venta de las cuales el comprador reconoce haber le\u00eddo con anterioridad a su pedido. Antes de cualquier transacci\u00f3n, el comprador declara, por un lado, que la compra de productos en el sitio www.maisonnormande.boutique no est\u00e1 directamente relacionada con su actividad profesional y se limita a un uso estrictamente personal y, por otro lado, tiene plena capacidad jur\u00eddica que le permita comprometerse con las presentes condiciones generales de venta.<\/p>\n\n\n\n<p>La Sociedad SARL MAISON NORMANDE HOME DECOR se reserva la posibilidad de modificar sus condiciones generales de venta en cualquier momento, para cumplir con nuevas regulaciones o para mejorar el uso de su sitio. por tanto, las condiciones aplicables ser\u00e1n las vigentes en la fecha del pedido por parte del comprador.<\/p>\n\n\n\n<p><\/p>\n\n\n\n<h2 class=\"wp-block-heading\"><strong>ART\u00cdCULO 2 \u2013 PRODUCTOS<\/strong><\/h2>\n\n\n\n<p>Los productos ofrecidos son los que aparecen en el sitio web www.maisonnormande.boutique de la Sociedad SARL MAISON NORMANDE HOME DECOR hasta agotar existencias. La Empresa SARL MAISON NORMANDE HOME DECOR se reserva el derecho de modificar el surtido de productos en cualquier momento. Cada producto se presenta en el sitio web en forma de descripci\u00f3n en la que se enumeran sus principales caracter\u00edsticas t\u00e9cnicas: descripci\u00f3n, composici\u00f3n, uso. Las fotograf\u00edas son lo m\u00e1s fieles posibles pero no comprometen en modo alguno al vendedor. La venta de los productos presentados en el sitio www.maisonnormande.boutique est\u00e1 destinada a todos los compradores residentes en pa\u00edses que autorizan plenamente la entrada en su territorio de estos productos. Es responsabilidad del comprador consultar la normativa de su pa\u00eds de residencia.<\/p>\n\n\n\n<p><\/p>\n\n\n\n<h2 class=\"wp-block-heading\"><strong>ART\u00cdCULO 3 \u2013 PRECIOS<\/strong><\/h2>\n\n\n\n<p>Los precios que aparecen en las \u201cfichas de producto\u201d del cat\u00e1logo de Internet son precios en Euros (\u20ac) IVA incluido (TTC) teniendo en cuenta el IVA aplicable el d\u00eda del pedido. Cualquier cambio en el tipo del IVA podr\u00e1 verse reflejado en el precio de los productos. La empresa SARL MAISON NORMANDE HOME DECOR se reserva el derecho de modificar sus precios en cualquier momento, entendi\u00e9ndose, no obstante, que el precio que figura en el cat\u00e1logo el d\u00eda del pedido ser\u00e1 el \u00fanico aplicable al comprador. Los precios indicados no incluyen los gastos de env\u00edo, facturados adem\u00e1s del precio de los productos adquiridos en funci\u00f3n del importe total del pedido.<\/p>\n\n\n\n<p><strong>IMPORTANTE: Cualquier impuesto de aduana e importaci\u00f3n es responsabilidad de los compradores.<\/strong><\/p>\n\n\n\n<p><\/p>\n\n\n\n<h2 class=\"wp-block-heading\"><strong>ART\u00cdCULO 4 \u2013 CONDICIONES DE PEDIDO Y PAGO<\/strong><\/h2>\n\n\n\n<p>Antes de cualquier pedido, el comprador deber\u00e1 crear una cuenta en el sitio web www.maisonnormande.boutique. Se puede acceder a la secci\u00f3n de creaci\u00f3n de cuenta directamente desde la barra &quot;Men\u00fa&quot;. En cada visita, el comprador, si desea realizar un pedido o consultar su cuenta (estado del pedido, perfil, etc.), deber\u00e1 identificarse con sus datos.<\/p>\n\n\n\n<p>La empresa SARL MAISON NORMANDE HOME DECOR ofrece al comprador la posibilidad de realizar pedidos y pagar sus productos con diferentes m\u00e9todos de pago.<\/p>\n\n\n\n<p><strong>Pago seguro mediante PAYPAL o tarjeta bancaria (mediante sistema PAYPAL o STRIPE):<\/strong> el comprador selecciona en la \u201cCesta\u201d los productos que desea pedir, los modifica si es necesario (cantidades, referencias, etc.), comprueba la direcci\u00f3n de entrega o introduce una nueva. Luego, los costos de env\u00edo se calculan y se env\u00edan al comprador, junto con el nombre del transportista. Luego, el comprador elige el m\u00e9todo de pago de su preferencia. El siguiente paso le pide que consulte toda la informaci\u00f3n, lea y acepte estas condiciones generales de venta marcando la casilla correspondiente, luego le invita a validar su pedido haciendo clic en el bot\u00f3n \u201cConfirmar mi pedido\u201d. Finalmente, el comprador es redirigido a la interfaz segura de PAYPAL o STRIPE para ingresar de forma segura los detalles de su cuenta y realizar el pago. Si se acepta el pago, se registra el pedido y se forma definitivamente el contrato.<\/p>\n\n\n\n<p><strong>El pago mediante PAYPAL, cuenta STRIPE o mediante tarjeta de cr\u00e9dito es irrevocable.<\/strong><\/p>\n\n\n\n<p>En caso de comprobada utilizaci\u00f3n fraudulenta de su tarjeta bancaria, el comprador podr\u00e1 solicitar a su banco la cancelaci\u00f3n del pago con tarjeta seg\u00fan la normativa y t\u00e9rminos vigentes en su pa\u00eds de residencia. No se podr\u00e1n cargar a la Sociedad SARL MAISON NORMANDE NORMANDE ning\u00fan coste de devoluci\u00f3n del importe.<\/p>\n\n\n\n<p>La confirmaci\u00f3n de un pedido implica la aceptaci\u00f3n de las presentes condiciones generales de venta, el reconocimiento de tener perfecto conocimiento de las mismas y la renuncia a aprovechar las propias condiciones de compra. Todos los datos proporcionados y la confirmaci\u00f3n registrada constituir\u00e1n prueba de la transacci\u00f3n. La sociedad SARL MAISON NORMANDE HOME DECOR comunicar\u00e1 por correo electr\u00f3nico la confirmaci\u00f3n del registro del pedido a trav\u00e9s de la direcci\u00f3n de correo electr\u00f3nico indicada por el comprador en el formulario de pedido.<\/p>\n\n\n\n<p>Si el comprador desea ponerse en contacto con la empresa SARL MAISON NORMANDE HOME DECOR, puede hacerlo por correo postal a la siguiente direcci\u00f3n: 46 rue de la Lib\u00e9ration, 76680 Maucomble, Francia, o por correo electr\u00f3nico a la siguiente direcci\u00f3n: com@maisonnormande .boutique , o por tel\u00e9fono al +33 788 730 667.<\/p>\n\n\n\n<p><\/p>\n\n\n\n<h2 class=\"wp-block-heading\"><strong>ART\u00cdCULO 5 \u2013 RESERVA DE PROPIEDAD<\/strong><\/h2>\n\n\n\n<p>La empresa SARL MAISON NORMANDE HOME DECOR conserva la plena y completa propiedad de los productos vendidos hasta el pago total del precio, en principio, gastos e impuestos incluidos.<\/p>\n\n\n\n<p><\/p>\n\n\n\n<h2 class=\"wp-block-heading\"><strong>ART\u00cdCULO 6 \u2013 RETIRADA<\/strong><\/h2>\n\n\n\n<p>Seg\u00fan el art\u00edculo L121-20 del C\u00f3digo del Consumidor, el comprador dispone de un plazo de 14 (catorce) d\u00edas h\u00e1biles a partir de la entrega de su pedido para ejercer su derecho de desistimiento y as\u00ed devolver el producto al vendedor para cambio o reembolso sin penalizaci\u00f3n, con a excepci\u00f3n de los gastos de devoluci\u00f3n.<\/p>\n\n\n\n<p>El producto deber\u00e1 devolverse en su embalaje y estado original. En caso contrario, se podr\u00e1 aplicar un descuento en el reembolso \u201cpor p\u00e9rdida de valor del producto\u201d.<\/p>\n\n\n\n<p>El comprador no se beneficia del derecho de desistimiento para los siguientes productos:<\/p>\n\n\n\n<ul class=\"wp-block-list\"><li>Productos confeccionados a petici\u00f3n del comprador o personalizados (por ejemplo, muebles, cortinas o corte de telas a medida).<\/li><li>Productos abiertos y no retornables por motivos de higiene o protecci\u00f3n de la salud (cosm\u00e9ticos y ropa interior, en particular).<\/li><li>Ropa ya usada y\/o lavada (solo podr\u00e1 haberse probado).<\/li><li>Productos inseparables de otros art\u00edculos.<\/li><\/ul>\n\n\n\n<p><\/p>\n\n\n\n<h2 class=\"wp-block-heading\"><strong>ART\u00cdCULO 7 \u2013 ENTREGA<\/strong><\/h2>\n\n\n\n<p>Las entregas se realizan en la direcci\u00f3n indicada en el formulario de pedido que s\u00f3lo puede estar en la zona geogr\u00e1fica acordada en el momento de la compra.<\/p>\n\n\n\n<p>Los servicios de entrega son realizados por La Poste a trav\u00e9s de COLISSIMO y\/o MONDIAL RELAY, seg\u00fan las condiciones de costes de transporte y seguro elegidas por el comprador en el momento de su pedido. Para pedidos especiales se podr\u00e1 designar otro transportista a petici\u00f3n expresa del cliente y a convenir con MAISON NORMANDE HOME DECOR. La empresa SARL MAISON NORMANDE HOME DECOR podr\u00e1 proporcionar al comprador el n\u00famero de seguimiento de su paquete por correo electr\u00f3nico.<\/p>\n\n\n\n<p>Los plazos de env\u00edo se dan a t\u00edtulo meramente informativo y MAISON NORMANDE HOME DECOR se esforzar\u00e1 en entregar el paquete a los servicios postales y\/o al transportista lo antes posible en los d\u00edas laborables siguientes al pedido. Sin embargo, si MAISON NORMANDE HOME DECOR no entrega el paquete a los servicios postales en un plazo superior a treinta d\u00edas desde el pedido, el contrato de venta podr\u00e1 rescindirse y el comprador ser\u00e1 reembolsado. Los plazos para pedidos especiales y\/o productos \u201cbajo pedido\u201d mencionados en nuestro sitio www.maisonnormande.boutique que pueden tener un retraso de m\u00e1s de 30 d\u00edas, no entran dentro de las condiciones de reembolso del per\u00edodo de 30 d\u00edas y ser\u00e1n sujeto a un acuerdo expreso, mediante intercambio de correo electr\u00f3nico, entre el vendedor y el comprador en el momento del pedido.<\/p>\n\n\n\n<p>Desde el momento en que el paquete pasa a manos del transportista, entran en vigor las condiciones generales de venta del transportista o de La Poste Colissimo o de Colissimo International en materia de plazos de entrega, seguro, reembolso, conservaci\u00f3n, seguridad y entrega del paquete. al cliente.<\/p>\n\n\n\n<p><strong>Para env\u00edos internacionales, la distribuci\u00f3n se realiza de acuerdo con las normas aplicables en el pa\u00eds de destino.<\/strong><\/p>\n\n\n\n<p>El comprador est\u00e1 obligado a comprobar, en presencia del empleado de Correos o del repartidor, el estado del embalaje de la mercanc\u00eda y su contenido en el momento de la entrega. En caso de da\u00f1os durante el transporte, cualquier protesta deber\u00e1 realizarse al transportista dentro de los 3 (tres) d\u00edas siguientes a la entrega. Pueden aplicarse plazos diferentes en pa\u00edses de destino distintos de Francia, es responsabilidad del cliente informarse de la normativa vigente en su pa\u00eds de residencia.<\/p>\n\n\n\n<p><\/p>\n\n\n\n<h2 class=\"wp-block-heading\"><strong>ART\u00cdCULO 8 \u2013 GARANT\u00cdA<\/strong><\/h2>\n\n\n\n<p>Todos los productos suministrados por la sociedad SARL MAISON NORMANDE HOME DECOR se benefician de la garant\u00eda legal prevista en los art\u00edculos 1641 y siguientes del C\u00f3digo Civil. En caso de no conformidad de un producto vendido, podr\u00e1 ser devuelto a la sociedad SARL MAISON NORMANDE HOME DECOR, que lo recoger\u00e1, lo cambiar\u00e1 o lo reembolsar\u00e1. Todas las quejas, solicitudes de cambio o reembolso deber\u00e1n realizarse por correo electr\u00f3nico a la siguiente direcci\u00f3n: com@maisonnormande.boutique en un plazo m\u00e1ximo de 30 (treinta) d\u00edas despu\u00e9s de la entrega.<\/p>\n\n\n\n<p><\/p>\n\n\n\n<h2 class=\"wp-block-heading\"><strong>ART\u00cdCULO 9 \u2013 RESPONSABILIDAD<\/strong><\/h2>\n\n\n\n<p>La Sociedad SARL MAISON NORMANDE HOME DECOR, en el proceso de venta a distancia, s\u00f3lo est\u00e1 sujeta a una obligaci\u00f3n de medios. No se hace responsable de los da\u00f1os resultantes del uso de la red Internet, como p\u00e9rdidas de datos, intrusiones, virus, interrupciones del servicio o circunstancias excepcionales relacionadas con acontecimientos nacionales o internacionales.<\/p>\n\n\n\n<p><\/p>\n\n\n\n<h2 class=\"wp-block-heading\"><strong>ART\u00cdCULO 10 \u2013 PROPIEDAD INTELECTUAL<\/strong><\/h2>\n\n\n\n<p>Todos los elementos del sitio www.maisonnormande.boutique son y siguen siendo propiedad intelectual y exclusiva de la empresa SARL MAISON NORMANDE HOME DECOR. Nadie est\u00e1 autorizado a reproducir, explotar o utilizar por ning\u00fan motivo, ni siquiera parcialmente, elementos del sitio, ya sea en forma de fotograf\u00eda, logotipo, imagen o texto.<\/p>\n\n\n\n<p><\/p>\n\n\n\n<h2 class=\"wp-block-heading\"><strong>ART\u00cdCULO 11 \u2013 DATOS PERSONALES<\/strong><\/h2>\n\n\n\n<p>La sociedad SARL MAISON NORMANDE HOME DECOR se compromete a preservar la confidencialidad de la informaci\u00f3n proporcionada por el comprador que pueda verse obligado a transmitir para el uso de determinados servicios. Cualquier informaci\u00f3n que le concierna est\u00e1 sujeta a las disposiciones de la Ley N\u00b0 78-17 del 6 de enero de 1978. Como tal, el internauta tiene derecho a acceder, modificar y eliminar la informaci\u00f3n que le concierne. Puede solicitarlo en cualquier momento mediante correo electr\u00f3nico a la siguiente direcci\u00f3n: contact@maisonnormande.boutique.<\/p>\n\n\n\n<p><\/p>\n\n\n\n<h2 class=\"wp-block-heading\"><strong>ART\u00cdCULO 12 \u2013 SOLUCI\u00d3N DE CONTROVERSIAS<\/strong><\/h2>\n\n\n\n<p>Estas condiciones de venta a distancia est\u00e1n sujetas a la legislaci\u00f3n francesa. Para cualquier litigio o controversia, el Tribunal Administrativo competente ser\u00e1 el de ROUEN.<\/p>","protected":false},"excerpt":{"rendered":"<p>CONDITIONS G\u00c9N\u00c9RALES DE VENTE Les pr\u00e9sentes CONDITIONS G\u00c9N\u00c9RALES DE VENTE sont conclues, d&#8217;une part, par la Soci\u00e9t\u00e9 SARL MAISON NORMANDE HOME DECOR au capital social de 2760\u20ac dont le si\u00e8ge social est situ\u00e9 au 46 rue de la lib\u00e9ration, 76680 Maucomble, France, immatricul\u00e9e au Registre du Commerce et des Soci\u00e9t\u00e9s (RCS) de DIEPPE sous le [&hellip;]<\/p>\n","protected":false},"author":1,"featured_media":0,"parent":0,"menu_order":0,"comment_status":"closed","ping_status":"closed","template":"","meta":{"footnotes":""},"class_list":["post-2245","page","type-page","status-publish","hentry"],"_links":{"self":[{"href":"https:\/\/maisonnormande.boutique\/es_uy\/wp-json\/wp\/v2\/pages\/2245","targetHints":{"allow":["GET"]}}],"collection":[{"href":"https:\/\/maisonnormande.boutique\/es_uy\/wp-json\/wp\/v2\/pages"}],"about":[{"href":"https:\/\/maisonnormande.boutique\/es_uy\/wp-json\/wp\/v2\/types\/page"}],"author":[{"embeddable":true,"href":"https:\/\/maisonnormande.boutique\/es_uy\/wp-json\/wp\/v2\/users\/1"}],"replies":[{"embeddable":true,"href":"https:\/\/maisonnormande.boutique\/es_uy\/wp-json\/wp\/v2\/comments?post=2245"}],"version-history":[{"count":0,"href":"https:\/\/maisonnormande.boutique\/es_uy\/wp-json\/wp\/v2\/pages\/2245\/revisions"}],"wp:attachment":[{"href":"https:\/\/maisonnormande.boutique\/es_uy\/wp-json\/wp\/v2\/media?parent=2245"}],"curies":[{"name":"wp","href":"https:\/\/api.w.org\/{rel}","templated":true}]}}