{"id":114590,"date":"2021-05-14T23:30:24","date_gmt":"2021-05-14T21:30:24","guid":{"rendered":"https:\/\/maisonnormande.boutique\/?post_type=product&#038;p=114590"},"modified":"2024-10-04T15:26:43","modified_gmt":"2024-10-04T13:26:43","slug":"chemin-de-table-en-lin-naturel","status":"publish","type":"product","link":"https:\/\/maisonnormande.boutique\/es_uy\/product\/chemin-de-table-en-lin-naturel\/","title":{"rendered":"Camino de mesa de lino Colecci\u00f3n NATURAL CHAUME"},"content":{"rendered":"<p>A\u00f1ade un toque elegante y natural a tu mesa con este camino de mesa de lino NATURAL ribeteado con flecos.<\/p>\n<p>Hecho a mano en Normand\u00eda por Maison Normande Home Decor utilizando lino pesado franc\u00e9s 100% de la m\u00e1s alta calidad.<\/p>\n<p>La fibra de lino utilizada en el dise\u00f1o de este camino de mesa es muy duradera, por lo que no se deformar\u00e1 con el tiempo.<\/p>\n<p>Adem\u00e1s, tiene la particularidad de absorber l\u00edquidos y no retener manchas.<\/p>\n<p>Este camino de mesa de lino no s\u00f3lo le dar\u00e1 a tu mesa un aspecto c\u00e1lido y elegante, sino que tambi\u00e9n proteger\u00e1 tu mantel de peque\u00f1os incidentes.... como por ejemplo un vaso de agua derram\u00e1ndose\u2026.<\/p>\n<p>\u00a1No dudes en combinarlo con nuestros manteles Colecci\u00f3n ETRETAT!<\/p>","protected":false},"excerpt":{"rendered":"<p>Este camino de mesa de lino es lo \u00faltimo en decoraci\u00f3n de tu mesa...<\/p>","protected":false},"featured_media":114694,"comment_status":"open","ping_status":"closed","template":"","meta":[],"product_brand":[],"product_cat":[18],"product_tag":[],"class_list":{"0":"post-114590","1":"product","2":"type-product","3":"status-publish","4":"has-post-thumbnail","6":"product_cat-accessoires-en-lin","7":"pa_composition-lin-lave-100-francais-460g-m2-certifie-oekotex","8":"pa_dimensions-250cm-x-45cm","9":"pa_origine-france","11":"first","12":"instock","13":"sale","14":"taxable","15":"shipping-taxable","16":"purchasable","17":"product-type-simple"},"_links":{"self":[{"href":"https:\/\/maisonnormande.boutique\/es_uy\/wp-json\/wp\/v2\/product\/114590","targetHints":{"allow":["GET"]}}],"collection":[{"href":"https:\/\/maisonnormande.boutique\/es_uy\/wp-json\/wp\/v2\/product"}],"about":[{"href":"https:\/\/maisonnormande.boutique\/es_uy\/wp-json\/wp\/v2\/types\/product"}],"replies":[{"embeddable":true,"href":"https:\/\/maisonnormande.boutique\/es_uy\/wp-json\/wp\/v2\/comments?post=114590"}],"wp:featuredmedia":[{"embeddable":true,"href":"https:\/\/maisonnormande.boutique\/es_uy\/wp-json\/wp\/v2\/media\/114694"}],"wp:attachment":[{"href":"https:\/\/maisonnormande.boutique\/es_uy\/wp-json\/wp\/v2\/media?parent=114590"}],"wp:term":[{"taxonomy":"product_brand","embeddable":true,"href":"https:\/\/maisonnormande.boutique\/es_uy\/wp-json\/wp\/v2\/product_brand?post=114590"},{"taxonomy":"product_cat","embeddable":true,"href":"https:\/\/maisonnormande.boutique\/es_uy\/wp-json\/wp\/v2\/product_cat?post=114590"},{"taxonomy":"product_tag","embeddable":true,"href":"https:\/\/maisonnormande.boutique\/es_uy\/wp-json\/wp\/v2\/product_tag?post=114590"}],"curies":[{"name":"wp","href":"https:\/\/api.w.org\/{rel}","templated":true}]}}