{"id":1194774,"date":"2024-01-23T00:10:50","date_gmt":"2024-01-22T23:10:50","guid":{"rendered":"https:\/\/maisonnormande.boutique\/?post_type=product&#038;p=1194774"},"modified":"2024-10-04T15:26:39","modified_gmt":"2024-10-04T13:26:39","slug":"voilage-lin-au-metre-acier","status":"publish","type":"product","link":"https:\/\/maisonnormande.boutique\/es_uy\/product\/voilage-lin-au-metre-acier\/","title":{"rendered":"Visillo de lino por metro ACERO Colecci\u00f3n ORPIN"},"content":{"rendered":"<p>Este visillo de LINO por metro est\u00e1 confeccionado con tejido de lino que deja pasar la luz.<\/p>\n<p>C\u00e1lido y aireado, este visillo de lino pesado (222 g\/m2) aportar\u00e1 estilo a tu interior.<\/p>\n<p>Visillo de lino de fabricaci\u00f3n francesa: desde la materia prima (lino cosechado en Francia) hasta el te\u00f1ido y el hilo\u2026.<\/p>\n<p>Visillo de lino tejido y te\u00f1ido seg\u00fan las normas francesas.<\/p>\n<h1>LAS CUALIDADES NATURALES DEL LINO<\/h1>\n<blockquote><p><strong><em>EL LINO, un material noble, sutil, desenfadado, fresco y ligero \u2013 KENZO<\/em><\/strong><\/p>\n<p>&nbsp;<\/p><\/blockquote>\n<p>El LINO es la fibra m\u00e1s fuerte y resistente. Dura mucho tiempo sin deformarse y no suelta pelusa.<\/p>\n<p>El LINO es respetuoso con el medio ambiente. Es L\u00edder en fibras ecol\u00f3gicas, todo se recicla o se utiliza en la transformaci\u00f3n del LINO. Adem\u00e1s, la planta requiere muy poca agua para su cultivo.<\/p>\n<p>El LINO es hipoalerg\u00e9nico. Se ha demostrado que las medicaciones realizadas con tejido de LINO aceleran la curaci\u00f3n de ciertas enfermedades de la piel.<\/p>\n<p>El LINO es un \u201cantiestr\u00e9s\u201d. Un experimento cient\u00edfico ha demostrado que la temperatura y la tensi\u00f3n muscular disminuyen cuando los individuos estudiados usan trajes de LINO.<\/p>\n<p>El LINO promueve el sue\u00f1o. El sue\u00f1o es m\u00e1s profundo, el tiempo que se tarda en conciliar el sue\u00f1o es m\u00e1s corto, el n\u00famero de despertares es menor y hay menos cambios de posici\u00f3n.<\/p>\n<h1>NORMAND\u00cdA TIERRA DEL LINO<\/h1>\n<p>El lino es una especialidad de Sena Mar\u00edtimo en Normand\u00eda. La Uni\u00f3n Europea ocupa un lugar clave en la producci\u00f3n mundial de LINO, principalmente en Francia.<\/p>\n<p>Normand\u00eda representa 63% de producci\u00f3n francesa de lino textil y s\u00f3lo Sena Mar\u00edtimo cultiva 19.000 hect\u00e1reas de LINO de las 60.000 que hay en Francia. Con 1.500 productores de lino, principalmente situados en el Pa\u00eds de Caux, el departamento es l\u00edder en este sector.<\/p>","protected":false},"excerpt":{"rendered":"<p>\u00a1\u00a1Un visillo de lino pesado que vestir\u00e1 tus ventanas con elegancia!!<\/p>\n<p>Disponible bajo pedido<\/p>","protected":false},"featured_media":1194786,"comment_status":"open","ping_status":"closed","template":"","meta":[],"product_brand":[],"product_cat":[321],"product_tag":[305,308,320,328],"class_list":{"0":"post-1194774","1":"product","2":"type-product","3":"status-publish","4":"has-post-thumbnail","6":"product_cat-voilage-lin-epais-largeur-300cm","7":"product_tag-decoration","8":"product_tag-gris","9":"product_tag-rideaux","10":"product_tag-voilage","11":"pa_composition-lin-francais-222g-m2","12":"pa_origine-france","14":"first","15":"onbackorder","16":"featured","17":"taxable","18":"shipping-taxable","19":"purchasable","20":"product-type-simple"},"_links":{"self":[{"href":"https:\/\/maisonnormande.boutique\/es_uy\/wp-json\/wp\/v2\/product\/1194774","targetHints":{"allow":["GET"]}}],"collection":[{"href":"https:\/\/maisonnormande.boutique\/es_uy\/wp-json\/wp\/v2\/product"}],"about":[{"href":"https:\/\/maisonnormande.boutique\/es_uy\/wp-json\/wp\/v2\/types\/product"}],"replies":[{"embeddable":true,"href":"https:\/\/maisonnormande.boutique\/es_uy\/wp-json\/wp\/v2\/comments?post=1194774"}],"wp:featuredmedia":[{"embeddable":true,"href":"https:\/\/maisonnormande.boutique\/es_uy\/wp-json\/wp\/v2\/media\/1194786"}],"wp:attachment":[{"href":"https:\/\/maisonnormande.boutique\/es_uy\/wp-json\/wp\/v2\/media?parent=1194774"}],"wp:term":[{"taxonomy":"product_brand","embeddable":true,"href":"https:\/\/maisonnormande.boutique\/es_uy\/wp-json\/wp\/v2\/product_brand?post=1194774"},{"taxonomy":"product_cat","embeddable":true,"href":"https:\/\/maisonnormande.boutique\/es_uy\/wp-json\/wp\/v2\/product_cat?post=1194774"},{"taxonomy":"product_tag","embeddable":true,"href":"https:\/\/maisonnormande.boutique\/es_uy\/wp-json\/wp\/v2\/product_tag?post=1194774"}],"curies":[{"name":"wp","href":"https:\/\/api.w.org\/{rel}","templated":true}]}}