{"id":1204792,"date":"2024-01-26T23:34:25","date_gmt":"2024-01-26T22:34:25","guid":{"rendered":"https:\/\/maisonnormande.boutique\/?post_type=product&#038;p=1204792"},"modified":"2024-10-04T15:26:38","modified_gmt":"2024-10-04T13:26:38","slug":"tissu-lin-au-metre-gris","status":"publish","type":"product","link":"https:\/\/maisonnormande.boutique\/es_uy\/product\/tissu-lin-au-metre-gris\/","title":{"rendered":"Tela LINO por metro GRIS Colecci\u00f3n  BLEUET"},"content":{"rendered":"<p>Tejido de lino chic y atemporal. Su tejido fino y tupido (150 g\/m2) resalta toda la nobleza de la fibra y le confiere un aspecto sedoso.<\/p>\n<p>Es un tejido de lino especialmente dise\u00f1ado para la confecci\u00f3n de ropa de cama mediante un proceso que la hace m\u00e1s suave al tacto.<\/p>\n<p>Sutilmente arrugada, la tela de lino seguir\u00e1 suaviz\u00e1ndose con el tiempo.<\/p>\n<p>Tejido de lino de fabricaci\u00f3n francesa: desde la materia prima hasta el te\u00f1ido, pasando por el hilo\u2026..<\/p>\n<p>Tejido de lino tejido y te\u00f1ido seg\u00fan las normas francesas.<\/p>\n<p><strong><span style=\"color: #000000;\">\u203c\ufe0f En el 1er lavado debes contar con un encogimiento de 4% del tejido de lino. Tendr\u00e1s que tener esto en cuenta en tus medidas \u203c\ufe0f<\/span><\/strong><\/p>\n<h1>LAS CUALIDADES NATURALES DEL LINO<\/h1>\n<blockquote><p><strong><em>EL LINO, un material noble, sutil, desenfadado, fresco y ligero \u2013 KENZO<\/em><\/strong><\/p>\n<p>&nbsp;<\/p><\/blockquote>\n<p>El LINO es la fibra m\u00e1s fuerte y resistente. Dura mucho tiempo sin deformarse y no suelta pelusa.<\/p>\n<p>El LINO es respetuoso con el medio ambiente. Es L\u00edder en fibras ecol\u00f3gicas, todo se recicla o se utiliza en la transformaci\u00f3n del LINO. Adem\u00e1s, la planta requiere muy poca agua para su cultivo.<\/p>\n<p>El LINO es hipoalerg\u00e9nico. Se ha demostrado que las medicaciones realizadas con tejido de LINO aceleran la curaci\u00f3n de ciertas enfermedades de la piel.<\/p>\n<p>El LINO es un \u201cantiestr\u00e9s\u201d. Un experimento cient\u00edfico ha demostrado que la temperatura y la tensi\u00f3n muscular disminuyen cuando los individuos estudiados usan trajes de LINO.<\/p>\n<p>El LINO promueve el sue\u00f1o. El sue\u00f1o es m\u00e1s profundo, el tiempo que se tarda en conciliar el sue\u00f1o es m\u00e1s corto, el n\u00famero de despertares es menor y hay menos cambios de posici\u00f3n.<\/p>\n<h1>NORMAND\u00cdA TIERRA DEL LINO<\/h1>\n<p>El lino es una especialidad de Sena Mar\u00edtimo en Normand\u00eda. La Uni\u00f3n Europea ocupa un lugar clave en la producci\u00f3n mundial de LINO, principalmente en Francia.<\/p>\n<p>Normand\u00eda representa 63% de producci\u00f3n francesa de lino textil y s\u00f3lo Sena Mar\u00edtimo cultiva 19.000 hect\u00e1reas de LINO de las 60.000 que hay en Francia. Con 1.500 productores de lino, principalmente situados en el Pa\u00eds de Caux, el departamento es l\u00edder en este sector.<\/p>","protected":false},"excerpt":{"rendered":"<p><span style=\"color: #5188a6;\"><span style=\"color: #000000;\">\u00a1\u00a1Con este tejido de lino especial para ropa de cama tendr\u00e1s garantizado un sue\u00f1o reparador!!<\/span><em><strong><br \/>\n<\/strong><\/em><\/span><\/p>\n<p>Disponible bajo pedido hasta agotar stock<\/p>\n<p>&nbsp;<\/p>\n<p>&nbsp;<\/p>","protected":false},"featured_media":1204802,"comment_status":"open","ping_status":"closed","template":"","meta":[],"product_brand":[],"product_cat":[331],"product_tag":[305,308,314,312],"class_list":{"0":"post-1204792","1":"product","2":"type-product","3":"status-publish","4":"has-post-thumbnail","6":"product_cat-tissu-lin-au-metre-linge-de-lit-largeur-290cm","7":"product_tag-decoration","8":"product_tag-gris","9":"product_tag-linge-de-lit","10":"product_tag-vetement","11":"pa_composition-lin-francais-150g-m2-certifie-oekotex","12":"pa_origine-france","14":"first","15":"onbackorder","16":"featured","17":"taxable","18":"shipping-taxable","19":"purchasable","20":"product-type-simple"},"_links":{"self":[{"href":"https:\/\/maisonnormande.boutique\/es_uy\/wp-json\/wp\/v2\/product\/1204792","targetHints":{"allow":["GET"]}}],"collection":[{"href":"https:\/\/maisonnormande.boutique\/es_uy\/wp-json\/wp\/v2\/product"}],"about":[{"href":"https:\/\/maisonnormande.boutique\/es_uy\/wp-json\/wp\/v2\/types\/product"}],"replies":[{"embeddable":true,"href":"https:\/\/maisonnormande.boutique\/es_uy\/wp-json\/wp\/v2\/comments?post=1204792"}],"wp:featuredmedia":[{"embeddable":true,"href":"https:\/\/maisonnormande.boutique\/es_uy\/wp-json\/wp\/v2\/media\/1204802"}],"wp:attachment":[{"href":"https:\/\/maisonnormande.boutique\/es_uy\/wp-json\/wp\/v2\/media?parent=1204792"}],"wp:term":[{"taxonomy":"product_brand","embeddable":true,"href":"https:\/\/maisonnormande.boutique\/es_uy\/wp-json\/wp\/v2\/product_brand?post=1204792"},{"taxonomy":"product_cat","embeddable":true,"href":"https:\/\/maisonnormande.boutique\/es_uy\/wp-json\/wp\/v2\/product_cat?post=1204792"},{"taxonomy":"product_tag","embeddable":true,"href":"https:\/\/maisonnormande.boutique\/es_uy\/wp-json\/wp\/v2\/product_tag?post=1204792"}],"curies":[{"name":"wp","href":"https:\/\/api.w.org\/{rel}","templated":true}]}}