{"id":1216587,"date":"2024-02-05T23:18:45","date_gmt":"2024-02-05T22:18:45","guid":{"rendered":"https:\/\/maisonnormande.boutique\/?post_type=product&#038;p=1216587"},"modified":"2026-02-19T22:59:07","modified_gmt":"2026-02-19T21:59:07","slug":"voilage-en-lin-145x260cm","status":"publish","type":"product","link":"https:\/\/maisonnormande.boutique\/es_uy\/product\/voilage-en-lin-145x260cm\/","title":{"rendered":"Cortina de lino 145x260cm Colecci\u00f3n MESANGE"},"content":{"rendered":"<p>Este magn\u00edfico visillo de lino es la mejor manera de vestir tus ventanas.<\/p>\n<p>Deja entrar la luz con delicadeza y aporta elegancia natural a tu interior.<\/p>\n<p>Aspecto fresco y sobrio.<\/p>\n<p>Visillo de lino decorado con 8 ojales redondos en color gris metalizado con tira de refuerzo.<\/p>\n<p>Cortina de lino puramente francesa.<\/p>\n<p>El lino es la fibra m\u00e1s fuerte y resistente. Dura mucho tiempo sin deformarse y no suelta pelusa.<\/p>\n<p>El lino es respetuoso con el medio ambiente. Es L\u00edder en fibras ecol\u00f3gicas, todo se recicla o se utiliza en la transformaci\u00f3n del LIN. Adem\u00e1s, la planta requiere muy poca agua para su cultivo.<\/p>\n<p>&nbsp;<\/p>","protected":false},"excerpt":{"rendered":"<p>\u00a1\u00a1Una cortina de lino que le da un toque de refinamiento a tu decoraci\u00f3n!!<\/p>\n<p>Se hacen por encargo \u2013 aproximadamente 10\/15 d\u00edas.<\/p>","protected":false},"featured_media":1216641,"comment_status":"open","ping_status":"closed","template":"","meta":[],"product_brand":[],"product_cat":[341],"product_tag":[],"class_list":{"0":"post-1216587","1":"product","2":"type-product","3":"status-publish","4":"has-post-thumbnail","6":"product_cat-decoration","7":"pa_composition-lin-francais-100-91g-m2","8":"pa_couleur-blanc","9":"pa_dimensions-145-x-260-cm","10":"pa_origine-france","12":"first","13":"onbackorder","14":"featured","15":"taxable","16":"shipping-taxable","17":"purchasable","18":"product-type-variable"},"_links":{"self":[{"href":"https:\/\/maisonnormande.boutique\/es_uy\/wp-json\/wp\/v2\/product\/1216587","targetHints":{"allow":["GET"]}}],"collection":[{"href":"https:\/\/maisonnormande.boutique\/es_uy\/wp-json\/wp\/v2\/product"}],"about":[{"href":"https:\/\/maisonnormande.boutique\/es_uy\/wp-json\/wp\/v2\/types\/product"}],"replies":[{"embeddable":true,"href":"https:\/\/maisonnormande.boutique\/es_uy\/wp-json\/wp\/v2\/comments?post=1216587"}],"wp:featuredmedia":[{"embeddable":true,"href":"https:\/\/maisonnormande.boutique\/es_uy\/wp-json\/wp\/v2\/media\/1216641"}],"wp:attachment":[{"href":"https:\/\/maisonnormande.boutique\/es_uy\/wp-json\/wp\/v2\/media?parent=1216587"}],"wp:term":[{"taxonomy":"product_brand","embeddable":true,"href":"https:\/\/maisonnormande.boutique\/es_uy\/wp-json\/wp\/v2\/product_brand?post=1216587"},{"taxonomy":"product_cat","embeddable":true,"href":"https:\/\/maisonnormande.boutique\/es_uy\/wp-json\/wp\/v2\/product_cat?post=1216587"},{"taxonomy":"product_tag","embeddable":true,"href":"https:\/\/maisonnormande.boutique\/es_uy\/wp-json\/wp\/v2\/product_tag?post=1216587"}],"curies":[{"name":"wp","href":"https:\/\/api.w.org\/{rel}","templated":true}]}}