{"id":1346239,"date":"2024-05-02T23:09:47","date_gmt":"2024-05-02T21:09:47","guid":{"rendered":"https:\/\/maisonnormande.boutique\/?post_type=product&#038;p=1346239"},"modified":"2024-10-04T15:26:46","modified_gmt":"2024-10-04T13:26:46","slug":"housse-de-coussin-lin-40x40","status":"publish","type":"product","link":"https:\/\/maisonnormande.boutique\/es_uy\/product\/housse-de-coussin-lin-40x40\/","title":{"rendered":"Funda de coj\u00edn de lino 40\u00d740 cm Colecci\u00f3n CHARDONNERET"},"content":{"rendered":"<p>Funda de coj\u00edn de lino de alta calidad con tacto esponjoso.<\/p>\n<p>Esta funda de coj\u00edn de lino de 40x40 cm est\u00e1 decorada con ribetes para resaltar la nobleza del tejido de lino utilizado para confeccionar esta funda de coj\u00edn.<\/p>\n<p>Fabricaci\u00f3n francesa: desde la materia prima (lino cosechado en Francia) hasta el te\u00f1ido y el hilo\u2026.<\/p>\n<p>El tejido de lino utilizado para esta funda de coj\u00edn ha sido tejido y te\u00f1ido seg\u00fan las normas francesas.<\/p>\n<p>Disponible para ordenar<\/p>","protected":false},"excerpt":{"rendered":"<p>\u00a1Hermosas fundas de cojines de lino para agregar color a tu interior!<\/p>\n<p>&nbsp;<\/p>","protected":false},"featured_media":1347561,"comment_status":"open","ping_status":"closed","template":"","meta":[],"product_brand":[],"product_cat":[341],"product_tag":[305],"class_list":{"0":"post-1346239","1":"product","2":"type-product","3":"status-publish","4":"has-post-thumbnail","6":"product_cat-decoration","7":"product_tag-decoration","8":"pa_composition-lin-francais-300g-m2","9":"pa_couleur-ardoise","10":"pa_couleur-bleu-petrole","11":"pa_couleur-mangue","12":"pa_couleur-olive","13":"pa_couleur-prune","14":"pa_couleur-rouge","15":"pa_dimensions-40-x-40cm","16":"pa_origine-france","18":"first","19":"onbackorder","20":"featured","21":"taxable","22":"shipping-taxable","23":"purchasable","24":"product-type-variable"},"_links":{"self":[{"href":"https:\/\/maisonnormande.boutique\/es_uy\/wp-json\/wp\/v2\/product\/1346239","targetHints":{"allow":["GET"]}}],"collection":[{"href":"https:\/\/maisonnormande.boutique\/es_uy\/wp-json\/wp\/v2\/product"}],"about":[{"href":"https:\/\/maisonnormande.boutique\/es_uy\/wp-json\/wp\/v2\/types\/product"}],"replies":[{"embeddable":true,"href":"https:\/\/maisonnormande.boutique\/es_uy\/wp-json\/wp\/v2\/comments?post=1346239"}],"wp:featuredmedia":[{"embeddable":true,"href":"https:\/\/maisonnormande.boutique\/es_uy\/wp-json\/wp\/v2\/media\/1347561"}],"wp:attachment":[{"href":"https:\/\/maisonnormande.boutique\/es_uy\/wp-json\/wp\/v2\/media?parent=1346239"}],"wp:term":[{"taxonomy":"product_brand","embeddable":true,"href":"https:\/\/maisonnormande.boutique\/es_uy\/wp-json\/wp\/v2\/product_brand?post=1346239"},{"taxonomy":"product_cat","embeddable":true,"href":"https:\/\/maisonnormande.boutique\/es_uy\/wp-json\/wp\/v2\/product_cat?post=1346239"},{"taxonomy":"product_tag","embeddable":true,"href":"https:\/\/maisonnormande.boutique\/es_uy\/wp-json\/wp\/v2\/product_tag?post=1346239"}],"curies":[{"name":"wp","href":"https:\/\/api.w.org\/{rel}","templated":true}]}}