{"id":182018,"date":"2021-07-18T23:48:42","date_gmt":"2021-07-18T21:48:42","guid":{"rendered":"https:\/\/maisonnormande.boutique\/?post_type=product&#038;p=182018"},"modified":"2026-02-19T23:14:30","modified_gmt":"2026-02-19T22:14:30","slug":"tissu-lin-au-metre-pret-a-teindre","status":"publish","type":"product","link":"https:\/\/maisonnormande.boutique\/es_uy\/product\/tissu-lin-au-metre-pret-a-teindre\/","title":{"rendered":"Tela de lino por metros lista para te\u00f1ir Colecci\u00f3n HANAE"},"content":{"rendered":"<p>Si te apasiona la costura, si quieres probar el te\u00f1ido vegetal, esta tela de lino lista para te\u00f1ir por metros es para ti!!<\/p>\n<p>Tela de lino de muy alta calidad, ya lavada para blanquear (su color natural es beige oscuro) fabricada en Francia.<\/p>\n<p>Te\u00f1ir el lino blanqueado dar\u00e1 un mejor resultado y le dar\u00e1 a tu ropa una apariencia hermosa que los tejidos industriales no tienen.<\/p>\n<p>Te\u00f1ir el lino tensa la puntada, por lo que la tela se encoger\u00e1 aproximadamente 10%. Deber\u00e1 tener esto en cuenta en sus medidas.<\/p>\n<p>Tela de lino ligero ideal para la confecci\u00f3n de prendas como camisas, tops, pijamas, complementos, etc.<\/p>\n<blockquote><p><strong><em>EL LINO, un material noble, sutil, desenfadado, fresco y ligero \u2013 KENZO<\/em><\/strong><\/p><\/blockquote>\n<p>El LINO es hipoalerg\u00e9nico. Se ha demostrado que las medicaciones realizadas con tejido de LINO aceleran la curaci\u00f3n de ciertas enfermedades de la piel.<\/p>\n<p>El LINO es un \u201cantiestr\u00e9s\u201d. Un experimento cient\u00edfico ha demostrado que la temperatura y la tensi\u00f3n muscular disminuyen cuando los individuos estudiados usan trajes de LINO.<\/p>\n<p>El LINO es la fibra m\u00e1s fuerte y resistente. Dura mucho tiempo sin deformarse y no suelta pelusa.<\/p>\n<p>LIN es respetuoso con el medio ambiente: l\u00edder en fibras ecol\u00f3gicas, todo se recicla o se utiliza en la transformaci\u00f3n de LIN.<\/p>","protected":false},"excerpt":{"rendered":"<p>Tela de lino por metros lista para te\u00f1ir para confeccionar tu propia ropa de calidad en el color que elijas!!<\/p>","protected":false},"featured_media":226507,"comment_status":"open","ping_status":"closed","template":"","meta":[],"product_brand":[],"product_cat":[252],"product_tag":[310,312],"class_list":{"0":"post-182018","1":"product","2":"type-product","3":"status-publish","4":"has-post-thumbnail","6":"product_cat-tissu-lin-au-metre-pret-a-teindre","7":"product_tag-blanc","8":"product_tag-vetement","9":"pa_composition-lin-lave-francais-160gm2-certifie-oekotex","10":"pa_origine-france","12":"first","13":"instock","14":"featured","15":"taxable","16":"shipping-taxable","17":"purchasable","18":"product-type-simple"},"_links":{"self":[{"href":"https:\/\/maisonnormande.boutique\/es_uy\/wp-json\/wp\/v2\/product\/182018","targetHints":{"allow":["GET"]}}],"collection":[{"href":"https:\/\/maisonnormande.boutique\/es_uy\/wp-json\/wp\/v2\/product"}],"about":[{"href":"https:\/\/maisonnormande.boutique\/es_uy\/wp-json\/wp\/v2\/types\/product"}],"replies":[{"embeddable":true,"href":"https:\/\/maisonnormande.boutique\/es_uy\/wp-json\/wp\/v2\/comments?post=182018"}],"wp:featuredmedia":[{"embeddable":true,"href":"https:\/\/maisonnormande.boutique\/es_uy\/wp-json\/wp\/v2\/media\/226507"}],"wp:attachment":[{"href":"https:\/\/maisonnormande.boutique\/es_uy\/wp-json\/wp\/v2\/media?parent=182018"}],"wp:term":[{"taxonomy":"product_brand","embeddable":true,"href":"https:\/\/maisonnormande.boutique\/es_uy\/wp-json\/wp\/v2\/product_brand?post=182018"},{"taxonomy":"product_cat","embeddable":true,"href":"https:\/\/maisonnormande.boutique\/es_uy\/wp-json\/wp\/v2\/product_cat?post=182018"},{"taxonomy":"product_tag","embeddable":true,"href":"https:\/\/maisonnormande.boutique\/es_uy\/wp-json\/wp\/v2\/product_tag?post=182018"}],"curies":[{"name":"wp","href":"https:\/\/api.w.org\/{rel}","templated":true}]}}