{"id":199510,"date":"2021-07-28T00:30:43","date_gmt":"2021-07-27T22:30:43","guid":{"rendered":"https:\/\/maisonnormande.boutique\/?post_type=product&#038;p=199510"},"modified":"2024-10-04T15:26:43","modified_gmt":"2024-10-04T13:26:43","slug":"taie-doreiller-en-lin-lavande","status":"publish","type":"product","link":"https:\/\/maisonnormande.boutique\/es_uy\/product\/taie-doreiller-en-lin-lavande\/","title":{"rendered":"Funda de almohada de lino LAVANDA Colecci\u00f3n BELLEY"},"content":{"rendered":"<p>Funda de almohada de lino lavado, ligera y suave, con un aspecto naturalmente arrugado.<\/p>\n<p>Funda de almohada de lino totalmente hecha a mano en Normand\u00eda.<\/p>\n<blockquote><p>EL LINO, un material noble, sutil, desenfadado, fresco y ligero \u2013 KENZO<\/p><\/blockquote>\n<p>LIN tiene la propiedad de ser antiestr\u00e9s y favorece el sue\u00f1o. El sue\u00f1o es m\u00e1s profundo, el tiempo que tardas en conciliar el sue\u00f1o es m\u00e1s corto, el n\u00famero de veces que te despiertas es menor y hay menos cambios de posici\u00f3n.<\/p>\n<p>El LINO es la fibra m\u00e1s fuerte y resistente. Dura mucho tiempo sin deformarse y no suelta pelusa.<\/p>\n<p>Bellamente empaquetado en una bolsa de lino tambi\u00e9n hecha a mano.<\/p>\n<p>&nbsp;<\/p>","protected":false},"excerpt":{"rendered":"<p>\u00a1\u00a1Ten dulces sue\u00f1os con esta funda de almohada de lino, un material noble y natural!!<\/p>","protected":false},"featured_media":260189,"comment_status":"open","ping_status":"closed","template":"","meta":[],"product_brand":[],"product_cat":[18],"product_tag":[],"class_list":{"0":"post-199510","1":"product","2":"type-product","3":"status-publish","4":"has-post-thumbnail","6":"product_cat-accessoires-en-lin","7":"pa_composition-lin-lave-francais-160gm2-certifie-oekotex","8":"pa_dimensions-60-60cm","9":"pa_origine-france","11":"first","12":"instock","13":"sale","14":"taxable","15":"shipping-taxable","16":"purchasable","17":"product-type-simple"},"_links":{"self":[{"href":"https:\/\/maisonnormande.boutique\/es_uy\/wp-json\/wp\/v2\/product\/199510","targetHints":{"allow":["GET"]}}],"collection":[{"href":"https:\/\/maisonnormande.boutique\/es_uy\/wp-json\/wp\/v2\/product"}],"about":[{"href":"https:\/\/maisonnormande.boutique\/es_uy\/wp-json\/wp\/v2\/types\/product"}],"replies":[{"embeddable":true,"href":"https:\/\/maisonnormande.boutique\/es_uy\/wp-json\/wp\/v2\/comments?post=199510"}],"wp:featuredmedia":[{"embeddable":true,"href":"https:\/\/maisonnormande.boutique\/es_uy\/wp-json\/wp\/v2\/media\/260189"}],"wp:attachment":[{"href":"https:\/\/maisonnormande.boutique\/es_uy\/wp-json\/wp\/v2\/media?parent=199510"}],"wp:term":[{"taxonomy":"product_brand","embeddable":true,"href":"https:\/\/maisonnormande.boutique\/es_uy\/wp-json\/wp\/v2\/product_brand?post=199510"},{"taxonomy":"product_cat","embeddable":true,"href":"https:\/\/maisonnormande.boutique\/es_uy\/wp-json\/wp\/v2\/product_cat?post=199510"},{"taxonomy":"product_tag","embeddable":true,"href":"https:\/\/maisonnormande.boutique\/es_uy\/wp-json\/wp\/v2\/product_tag?post=199510"}],"curies":[{"name":"wp","href":"https:\/\/api.w.org\/{rel}","templated":true}]}}