{"id":2758,"date":"2020-10-13T00:20:08","date_gmt":"2020-10-12T22:20:08","guid":{"rendered":"https:\/\/maisonnormande.boutique\/?post_type=product&#038;p=2758"},"modified":"2024-10-04T15:26:44","modified_gmt":"2024-10-04T13:26:44","slug":"chale-en-lin-kaki","status":"publish","type":"product","link":"https:\/\/maisonnormande.boutique\/es_uy\/product\/chale-en-lin-kaki\/","title":{"rendered":"Mant\u00f3n de lino KHAKI Colecci\u00f3n MELIE"},"content":{"rendered":"<p>Mant\u00f3n largo y ancho de MN Home Decor\u00ae (180\u00d790 cm aproximadamente) hecho a mano en lino lavado te\u00f1ido en un bonito color verde caqui.<\/p>\n<p>\u00a1\u00a1Este es el accesorio que necesitas para darle un toque final a tu outfit!! informal, elegante\u2026.<\/p>\n<p>Ligero y esponjoso para todas las estaciones. Se puede llevar tanto enrollado al cuello como sobre los hombros.<\/p>\n<p>El lino es un tejido que regula la temperatura, por lo que esta bufanda se puede llevar muy bien tanto en verano como en invierno, tanto en pa\u00edses c\u00e1lidos como en pa\u00edses con climas m\u00e1s fr\u00edos.<\/p>\n<p>El lino es la fibra m\u00e1s fuerte y resistente. Dura mucho tiempo sin deformarse y no suelta pelusa.<\/p>\n<p>\u00a1\u00a1No te arrepentir\u00e1s de tu compra!!<\/p>\n<p>Otros colores disponibles.<\/p>","protected":false},"excerpt":{"rendered":"<p style=\"text-align: left;\">Magn\u00edfico mant\u00f3n de lino franc\u00e9s 100%. \u00a1\u00a1No podr\u00e1s prescindir de \u00e9l!!<\/p>\n<p style=\"text-align: left;\">Hecho a la medida.<\/p>\n<p>&nbsp;<\/p>","protected":false},"featured_media":463603,"comment_status":"open","ping_status":"closed","template":"","meta":[],"product_brand":[],"product_cat":[18],"product_tag":[311,307],"class_list":{"0":"post-2758","1":"product","2":"type-product","3":"status-publish","4":"has-post-thumbnail","6":"product_cat-accessoires-en-lin","7":"product_tag-accessoire","8":"product_tag-vert","9":"pa_composition-lin-lave-francais-160gm2-certifie-oekotex","10":"pa_dimensions-env-180x190cm","11":"pa_origine-france","13":"first","14":"onbackorder","15":"featured","16":"taxable","17":"shipping-taxable","18":"purchasable","19":"product-type-simple"},"_links":{"self":[{"href":"https:\/\/maisonnormande.boutique\/es_uy\/wp-json\/wp\/v2\/product\/2758","targetHints":{"allow":["GET"]}}],"collection":[{"href":"https:\/\/maisonnormande.boutique\/es_uy\/wp-json\/wp\/v2\/product"}],"about":[{"href":"https:\/\/maisonnormande.boutique\/es_uy\/wp-json\/wp\/v2\/types\/product"}],"replies":[{"embeddable":true,"href":"https:\/\/maisonnormande.boutique\/es_uy\/wp-json\/wp\/v2\/comments?post=2758"}],"wp:featuredmedia":[{"embeddable":true,"href":"https:\/\/maisonnormande.boutique\/es_uy\/wp-json\/wp\/v2\/media\/463603"}],"wp:attachment":[{"href":"https:\/\/maisonnormande.boutique\/es_uy\/wp-json\/wp\/v2\/media?parent=2758"}],"wp:term":[{"taxonomy":"product_brand","embeddable":true,"href":"https:\/\/maisonnormande.boutique\/es_uy\/wp-json\/wp\/v2\/product_brand?post=2758"},{"taxonomy":"product_cat","embeddable":true,"href":"https:\/\/maisonnormande.boutique\/es_uy\/wp-json\/wp\/v2\/product_cat?post=2758"},{"taxonomy":"product_tag","embeddable":true,"href":"https:\/\/maisonnormande.boutique\/es_uy\/wp-json\/wp\/v2\/product_tag?post=2758"}],"curies":[{"name":"wp","href":"https:\/\/api.w.org\/{rel}","templated":true}]}}