{"id":3143,"date":"2021-01-08T15:19:38","date_gmt":"2021-01-08T14:19:38","guid":{"rendered":"https:\/\/maisonnormande.boutique\/?post_type=product&#038;p=3143"},"modified":"2024-10-04T15:26:44","modified_gmt":"2024-10-04T13:26:44","slug":"nappe-en-lin-naturel","status":"publish","type":"product","link":"https:\/\/maisonnormande.boutique\/es_uy\/product\/nappe-en-lin-naturel\/","title":{"rendered":"Mantel lino NATURAL Colecci\u00f3n CLER"},"content":{"rendered":"<p>&nbsp;<\/p>\n<p>A\u00f1ade un toque franc\u00e9s a tu mesa con este mantel de lino BEIGE OSCURO.<\/p>\n<p>Hecho a mano en Normand\u00eda por Maison Normande Home Decor utilizando lino pesado franc\u00e9s 100% de la m\u00e1s alta calidad.<\/p>\n<p>La fibra de lino utilizada en el dise\u00f1o de este mantel es muy duradera, por lo que no se deformar\u00e1 con el tiempo.<\/p>\n<p>Adem\u00e1s, tiene la particularidad de absorber l\u00edquidos y no retener manchas.<\/p>\n<p>Este mantel de lino no s\u00f3lo le dar\u00e1 a tu mesa un aspecto c\u00e1lido y chic, sino que tambi\u00e9n la proteger\u00e1 de peque\u00f1os incidentes.... como por ejemplo un vaso de agua derram\u00e1ndose\u2026.<\/p>","protected":false},"excerpt":{"rendered":"<p>NATURAL 100% Mantel de lino franc\u00e9s, \u00a1sencillo y elegante!<\/p>","protected":false},"featured_media":3144,"comment_status":"open","ping_status":"closed","template":"","meta":[],"product_brand":[],"product_cat":[18],"product_tag":[310,313],"class_list":{"0":"post-3143","1":"product","2":"type-product","3":"status-publish","4":"has-post-thumbnail","6":"product_cat-accessoires-en-lin","7":"product_tag-blanc","8":"product_tag-linge-de-table","9":"pa_composition-lin-lave-100-francais-460g-m2-certifie-oekotex","10":"pa_dimensions-135x250cm","11":"pa_origine-france","13":"first","14":"instock","15":"sale","16":"taxable","17":"shipping-taxable","18":"purchasable","19":"product-type-simple"},"_links":{"self":[{"href":"https:\/\/maisonnormande.boutique\/es_uy\/wp-json\/wp\/v2\/product\/3143","targetHints":{"allow":["GET"]}}],"collection":[{"href":"https:\/\/maisonnormande.boutique\/es_uy\/wp-json\/wp\/v2\/product"}],"about":[{"href":"https:\/\/maisonnormande.boutique\/es_uy\/wp-json\/wp\/v2\/types\/product"}],"replies":[{"embeddable":true,"href":"https:\/\/maisonnormande.boutique\/es_uy\/wp-json\/wp\/v2\/comments?post=3143"}],"wp:featuredmedia":[{"embeddable":true,"href":"https:\/\/maisonnormande.boutique\/es_uy\/wp-json\/wp\/v2\/media\/3144"}],"wp:attachment":[{"href":"https:\/\/maisonnormande.boutique\/es_uy\/wp-json\/wp\/v2\/media?parent=3143"}],"wp:term":[{"taxonomy":"product_brand","embeddable":true,"href":"https:\/\/maisonnormande.boutique\/es_uy\/wp-json\/wp\/v2\/product_brand?post=3143"},{"taxonomy":"product_cat","embeddable":true,"href":"https:\/\/maisonnormande.boutique\/es_uy\/wp-json\/wp\/v2\/product_cat?post=3143"},{"taxonomy":"product_tag","embeddable":true,"href":"https:\/\/maisonnormande.boutique\/es_uy\/wp-json\/wp\/v2\/product_tag?post=3143"}],"curies":[{"name":"wp","href":"https:\/\/api.w.org\/{rel}","templated":true}]}}