{"id":3164,"date":"2021-01-08T23:21:40","date_gmt":"2021-01-08T22:21:40","guid":{"rendered":"https:\/\/maisonnormande.boutique\/?post_type=product&#038;p=3164"},"modified":"2024-10-04T15:26:44","modified_gmt":"2024-10-04T13:26:44","slug":"serviette-de-table-en-lin-souris","status":"publish","type":"product","link":"https:\/\/maisonnormande.boutique\/es_uy\/product\/serviette-de-table-en-lin-souris\/","title":{"rendered":"Servilleta de lino SOURIS Colecci\u00f3n CLER"},"content":{"rendered":"<p>A\u00f1ade un toque decorativo a tu mesa con esta sencilla pero elegante servilleta de lino GRIS.<\/p>\n<p>Hecho a mano en Normand\u00eda por Maison Normande Home Decor utilizando lino franc\u00e9s 100% de la m\u00e1s alta calidad.<\/p>\n<p>La fibra de lino utilizada para confeccionar esta toalla es muy duradera, por lo que no se deformar\u00e1 con el tiempo.<\/p>\n<p>Adem\u00e1s, tiene la particularidad de no retener manchas.<\/p>\n<p>&nbsp;<\/p>","protected":false},"excerpt":{"rendered":"<p>Servilleta francesa de lino 100%, \u00a1refinamiento en tu mesa!<\/p>","protected":false},"featured_media":3168,"comment_status":"open","ping_status":"closed","template":"","meta":[],"product_brand":[],"product_cat":[18],"product_tag":[308,313],"class_list":{"0":"post-3164","1":"product","2":"type-product","3":"status-publish","4":"has-post-thumbnail","6":"product_cat-accessoires-en-lin","7":"product_tag-gris","8":"product_tag-linge-de-table","9":"pa_composition-lin-lave-100-francais-460g-m2-certifie-oekotex","10":"pa_dimensions-45x45","11":"pa_origine-france","13":"first","14":"instock","15":"sale","16":"taxable","17":"shipping-taxable","18":"purchasable","19":"product-type-simple"},"_links":{"self":[{"href":"https:\/\/maisonnormande.boutique\/es_uy\/wp-json\/wp\/v2\/product\/3164","targetHints":{"allow":["GET"]}}],"collection":[{"href":"https:\/\/maisonnormande.boutique\/es_uy\/wp-json\/wp\/v2\/product"}],"about":[{"href":"https:\/\/maisonnormande.boutique\/es_uy\/wp-json\/wp\/v2\/types\/product"}],"replies":[{"embeddable":true,"href":"https:\/\/maisonnormande.boutique\/es_uy\/wp-json\/wp\/v2\/comments?post=3164"}],"wp:featuredmedia":[{"embeddable":true,"href":"https:\/\/maisonnormande.boutique\/es_uy\/wp-json\/wp\/v2\/media\/3168"}],"wp:attachment":[{"href":"https:\/\/maisonnormande.boutique\/es_uy\/wp-json\/wp\/v2\/media?parent=3164"}],"wp:term":[{"taxonomy":"product_brand","embeddable":true,"href":"https:\/\/maisonnormande.boutique\/es_uy\/wp-json\/wp\/v2\/product_brand?post=3164"},{"taxonomy":"product_cat","embeddable":true,"href":"https:\/\/maisonnormande.boutique\/es_uy\/wp-json\/wp\/v2\/product_cat?post=3164"},{"taxonomy":"product_tag","embeddable":true,"href":"https:\/\/maisonnormande.boutique\/es_uy\/wp-json\/wp\/v2\/product_tag?post=3164"}],"curies":[{"name":"wp","href":"https:\/\/api.w.org\/{rel}","templated":true}]}}