{"id":3217,"date":"2021-01-30T23:40:56","date_gmt":"2021-01-30T22:40:56","guid":{"rendered":"https:\/\/maisonnormande.boutique\/?post_type=product&#038;p=3217"},"modified":"2024-10-04T15:26:44","modified_gmt":"2024-10-04T13:26:44","slug":"tissu-lin-au-metre-tilleul","status":"publish","type":"product","link":"https:\/\/maisonnormande.boutique\/es_uy\/product\/tissu-lin-au-metre-tilleul\/","title":{"rendered":"Tejido LINO por metro TILO Colecci\u00f3n IBERIS"},"content":{"rendered":"<p>Tejido LINO de muy alta calidad fabricado en Francia que dar\u00e1 a tu decoraci\u00f3n un aspecto sobrio y elegante.<\/p>\n<p><span style=\"font-size: 1rem;\">Nuestra colecci\u00f3n de telas de lino IBERIS por metro es ideal para la confecci\u00f3n de cortinas y manteler\u00eda. El peso del tejido (460g\/m2) les confiere una ca\u00edda muy bonita.<\/span><\/p>\n<h1>LAS CUALIDADES NATURALES DEL LINO<\/h1>\n<blockquote>\n<p style=\"text-align: center;\"><strong><em>EL LINO, un material noble, sutil, desenfadado, fresco y ligero \u2013 KENZO<\/em><\/strong><\/p>\n<p>&nbsp;<\/p><\/blockquote>\n<p>El LINO es la fibra m\u00e1s fuerte y resistente. Dura mucho tiempo sin deformarse y no suelta pelusa.<\/p>\n<p>El LINO es respetuoso con el medio ambiente. Es L\u00edder en fibras ecol\u00f3gicas, todo se recicla o se utiliza en la transformaci\u00f3n del LINO. Adem\u00e1s, la planta requiere muy poca agua para su cultivo.<\/p>\n<p>El LINO es hipoalerg\u00e9nico. Se ha demostrado que las medicaciones realizadas con tejido de LINO aceleran la curaci\u00f3n de ciertas enfermedades de la piel.<\/p>\n<p>El LINO es un \u201cantiestr\u00e9s\u201d. Un experimento cient\u00edfico ha demostrado que la temperatura y la tensi\u00f3n muscular disminuyen cuando los individuos estudiados usan trajes de LINO.<\/p>\n<p>El LINO promueve el sue\u00f1o. El sue\u00f1o es m\u00e1s profundo, el tiempo que se tarda en conciliar el sue\u00f1o es m\u00e1s corto, el n\u00famero de despertares es menor y hay menos cambios de posici\u00f3n.<\/p>\n<h1>NORMAND\u00cdA TIERRA DEL LINO<\/h1>\n<p>El lino es una especialidad de Sena Mar\u00edtimo en Normand\u00eda. La Uni\u00f3n Europea ocupa un lugar clave en la producci\u00f3n mundial de LINO, principalmente en Francia.<\/p>\n<p>Normand\u00eda representa 63% de producci\u00f3n francesa de lino textil y s\u00f3lo Sena Mar\u00edtimo cultiva 19.000 hect\u00e1reas de LINO de las 60.000 que hay en Francia.<\/p>\n<p>Con 1.500 productores de lino, principalmente situados en el Pa\u00eds de Caux, el departamento es l\u00edder en este sector.<\/p>","protected":false},"excerpt":{"rendered":"<p>Tela de lino al metro 100% Lavable a m\u00e1quina francesa.<\/p>\n<p>Por pedido especial. Metraje m\u00ednimo requerido.<\/p>\n<p>Env\u00edanos un correo electr\u00f3nico a contact@maisonnormande.boutique para conocer nuestros precios.<\/p>","protected":false},"featured_media":225216,"comment_status":"open","ping_status":"closed","template":"","meta":[],"product_brand":[],"product_cat":[217],"product_tag":[],"class_list":{"0":"post-3217","1":"product","2":"type-product","3":"status-publish","4":"has-post-thumbnail","6":"product_cat-tissu-lin-au-metre-ameublement-linge-de-table-largeur-138cm","7":"pa_composition-lin-lave-100-francais-460g-m2-certifie-oekotex","8":"pa_origine-france","10":"first","11":"outofstock","12":"taxable","13":"shipping-taxable","14":"product-type-simple"},"_links":{"self":[{"href":"https:\/\/maisonnormande.boutique\/es_uy\/wp-json\/wp\/v2\/product\/3217","targetHints":{"allow":["GET"]}}],"collection":[{"href":"https:\/\/maisonnormande.boutique\/es_uy\/wp-json\/wp\/v2\/product"}],"about":[{"href":"https:\/\/maisonnormande.boutique\/es_uy\/wp-json\/wp\/v2\/types\/product"}],"replies":[{"embeddable":true,"href":"https:\/\/maisonnormande.boutique\/es_uy\/wp-json\/wp\/v2\/comments?post=3217"}],"wp:featuredmedia":[{"embeddable":true,"href":"https:\/\/maisonnormande.boutique\/es_uy\/wp-json\/wp\/v2\/media\/225216"}],"wp:attachment":[{"href":"https:\/\/maisonnormande.boutique\/es_uy\/wp-json\/wp\/v2\/media?parent=3217"}],"wp:term":[{"taxonomy":"product_brand","embeddable":true,"href":"https:\/\/maisonnormande.boutique\/es_uy\/wp-json\/wp\/v2\/product_brand?post=3217"},{"taxonomy":"product_cat","embeddable":true,"href":"https:\/\/maisonnormande.boutique\/es_uy\/wp-json\/wp\/v2\/product_cat?post=3217"},{"taxonomy":"product_tag","embeddable":true,"href":"https:\/\/maisonnormande.boutique\/es_uy\/wp-json\/wp\/v2\/product_tag?post=3217"}],"curies":[{"name":"wp","href":"https:\/\/api.w.org\/{rel}","templated":true}]}}