{"id":3260,"date":"2021-02-07T00:07:40","date_gmt":"2021-02-06T23:07:40","guid":{"rendered":"https:\/\/maisonnormande.boutique\/?post_type=product&#038;p=3260"},"modified":"2024-10-04T15:26:46","modified_gmt":"2024-10-04T13:26:46","slug":"rideau-en-lin-135-x-260-cm","status":"publish","type":"product","link":"https:\/\/maisonnormande.boutique\/es_uy\/product\/rideau-en-lin-135-x-260-cm\/","title":{"rendered":"Cortina de lino 135x260cm Colecci\u00f3n PINSON"},"content":{"rendered":"<p>Magn\u00edfica cortina de lino de aspecto natural y mate para una decoraci\u00f3n sencilla y chic al mismo tiempo.<\/p>\n<p>Cortina de lino decorada con 8 ojales redondos gris metalizado con tira de refuerzo.<\/p>\n<p>El peso del tejido confiere a esta cortina de lino una ca\u00edda muy bonita.<\/p>\n<p>Cortina de lino puramente francesa.<\/p>\n<p>El lino es la fibra m\u00e1s fuerte y resistente. Dura mucho tiempo sin deformarse y no suelta pelusa.<\/p>\n<p>El lino es respetuoso con el medio ambiente. Es L\u00edder en fibras ecol\u00f3gicas, todo se recicla o se utiliza en la transformaci\u00f3n del LIN. Adem\u00e1s, la planta requiere muy poca agua para su cultivo.<\/p>\n<p>&nbsp;<\/p>","protected":false},"excerpt":{"rendered":"<p>Cortina de lino en colores de moda para un estilo moderno o acogedor.<\/p>\n<p>Se hacen por encargo \u2013 aproximadamente 10\/15 d\u00edas.<\/p>","protected":false},"featured_media":1212620,"comment_status":"open","ping_status":"closed","template":"","meta":[],"product_brand":[],"product_cat":[341],"product_tag":[],"class_list":{"0":"post-3260","1":"product","2":"type-product","3":"status-publish","4":"has-post-thumbnail","6":"product_cat-decoration","7":"pa_composition-lin-francais-313g-m2","8":"pa_couleur-ardoise","9":"pa_couleur-blanc","10":"pa_couleur-marron","11":"pa_couleur-orange","12":"pa_couleur-rouge","13":"pa_dimensions-135-x-260-cm","14":"pa_origine-france","16":"first","17":"onbackorder","18":"featured","19":"taxable","20":"shipping-taxable","21":"purchasable","22":"product-type-variable"},"_links":{"self":[{"href":"https:\/\/maisonnormande.boutique\/es_uy\/wp-json\/wp\/v2\/product\/3260","targetHints":{"allow":["GET"]}}],"collection":[{"href":"https:\/\/maisonnormande.boutique\/es_uy\/wp-json\/wp\/v2\/product"}],"about":[{"href":"https:\/\/maisonnormande.boutique\/es_uy\/wp-json\/wp\/v2\/types\/product"}],"replies":[{"embeddable":true,"href":"https:\/\/maisonnormande.boutique\/es_uy\/wp-json\/wp\/v2\/comments?post=3260"}],"wp:featuredmedia":[{"embeddable":true,"href":"https:\/\/maisonnormande.boutique\/es_uy\/wp-json\/wp\/v2\/media\/1212620"}],"wp:attachment":[{"href":"https:\/\/maisonnormande.boutique\/es_uy\/wp-json\/wp\/v2\/media?parent=3260"}],"wp:term":[{"taxonomy":"product_brand","embeddable":true,"href":"https:\/\/maisonnormande.boutique\/es_uy\/wp-json\/wp\/v2\/product_brand?post=3260"},{"taxonomy":"product_cat","embeddable":true,"href":"https:\/\/maisonnormande.boutique\/es_uy\/wp-json\/wp\/v2\/product_cat?post=3260"},{"taxonomy":"product_tag","embeddable":true,"href":"https:\/\/maisonnormande.boutique\/es_uy\/wp-json\/wp\/v2\/product_tag?post=3260"}],"curies":[{"name":"wp","href":"https:\/\/api.w.org\/{rel}","templated":true}]}}