{"id":466217,"date":"2022-07-01T12:21:52","date_gmt":"2022-07-01T10:21:52","guid":{"rendered":"https:\/\/maisonnormande.boutique\/?post_type=product&#038;p=466217"},"modified":"2025-01-22T16:34:58","modified_gmt":"2025-01-22T15:34:58","slug":"echarpe-en-lin-rose","status":"publish","type":"product","link":"https:\/\/maisonnormande.boutique\/es_uy\/product\/echarpe-en-lin-rose\/","title":{"rendered":"Fular lino ROSA Colecci\u00f3n LORENS"},"content":{"rendered":"<p>Bufanda larga MN Home Decor\u00ae (180\u00d745 cm aproximadamente) hecha a mano en lino lavado te\u00f1ido en un bonito color rosa claro.<\/p>\n<p>\u00a1\u00a1Este es el accesorio que necesitas para darle un toque final a tu outfit!! casual, elegante, deportivo\u2026.<\/p>\n<p>Ligero y esponjoso para todas las estaciones. Se puede llevar enrollado alrededor del cuello o sobre los hombros.<\/p>\n<p>El lino es un tejido que regula la temperatura, por lo que esta bufanda se puede llevar muy bien tanto en verano como en invierno, tanto en pa\u00edses c\u00e1lidos como en pa\u00edses con climas m\u00e1s fr\u00edos.<\/p>\n<p>El lino es la fibra m\u00e1s fuerte y resistente. Dura mucho tiempo sin deformarse y no suelta pelusa.<\/p>\n<p>\u00a1\u00a1No te arrepentir\u00e1s de tu compra!!<\/p>\n<p>Disponible en otros colores<\/p>","protected":false},"excerpt":{"rendered":"<p>Magn\u00edfico pa\u00f1uelo de lino 100 franc\u00e9s. \u00a1\u00a1Ya no podr\u00e1s prescindir de \u00e9l!!<\/p>\n<p>Hecho a la medida.<\/p>","protected":false},"featured_media":466235,"comment_status":"open","ping_status":"closed","template":"","meta":[],"product_brand":[],"product_cat":[18],"product_tag":[311,304],"class_list":{"0":"post-466217","1":"product","2":"type-product","3":"status-publish","4":"has-post-thumbnail","6":"product_cat-accessoires-en-lin","7":"product_tag-accessoire","8":"product_tag-rouge","9":"pa_composition-lin-lave-francais-160gm2-certifie-oekotex","10":"pa_dimensions-env-180x45-cm","11":"pa_origine-france","13":"first","14":"instock","15":"featured","16":"taxable","17":"shipping-taxable","18":"purchasable","19":"product-type-simple"},"_links":{"self":[{"href":"https:\/\/maisonnormande.boutique\/es_uy\/wp-json\/wp\/v2\/product\/466217","targetHints":{"allow":["GET"]}}],"collection":[{"href":"https:\/\/maisonnormande.boutique\/es_uy\/wp-json\/wp\/v2\/product"}],"about":[{"href":"https:\/\/maisonnormande.boutique\/es_uy\/wp-json\/wp\/v2\/types\/product"}],"replies":[{"embeddable":true,"href":"https:\/\/maisonnormande.boutique\/es_uy\/wp-json\/wp\/v2\/comments?post=466217"}],"wp:featuredmedia":[{"embeddable":true,"href":"https:\/\/maisonnormande.boutique\/es_uy\/wp-json\/wp\/v2\/media\/466235"}],"wp:attachment":[{"href":"https:\/\/maisonnormande.boutique\/es_uy\/wp-json\/wp\/v2\/media?parent=466217"}],"wp:term":[{"taxonomy":"product_brand","embeddable":true,"href":"https:\/\/maisonnormande.boutique\/es_uy\/wp-json\/wp\/v2\/product_brand?post=466217"},{"taxonomy":"product_cat","embeddable":true,"href":"https:\/\/maisonnormande.boutique\/es_uy\/wp-json\/wp\/v2\/product_cat?post=466217"},{"taxonomy":"product_tag","embeddable":true,"href":"https:\/\/maisonnormande.boutique\/es_uy\/wp-json\/wp\/v2\/product_tag?post=466217"}],"curies":[{"name":"wp","href":"https:\/\/api.w.org\/{rel}","templated":true}]}}