{"id":466253,"date":"2022-07-01T12:23:27","date_gmt":"2022-07-01T10:23:27","guid":{"rendered":"https:\/\/maisonnormande.boutique\/?post_type=product&#038;p=466253"},"modified":"2024-10-04T15:26:42","modified_gmt":"2024-10-04T13:26:42","slug":"echarpe-en-lin-naturel-2","status":"publish","type":"product","link":"https:\/\/maisonnormande.boutique\/es_uy\/product\/echarpe-en-lin-naturel-2\/","title":{"rendered":"Bufanda de lino NA\u00cfS Colecci\u00f3n NA\u00cfS"},"content":{"rendered":"<p>Bufanda larga MN Home Decor\u00ae (180\u00d745 cm aproximadamente) hecha a mano en lino lavado en un bonito color neutro que combina f\u00e1cilmente con otros colores.<\/p>\n<p>\u00a1\u00a1Este es el accesorio que necesitas para darle un toque final a tu outfit!! casual, elegante, deportivo\u2026.<\/p>\n<p>Ligero y esponjoso para todas las estaciones. Se puede llevar enrollado alrededor del cuello o sobre los hombros.<\/p>\n<p>El lino es un tejido que regula la temperatura, por lo que esta bufanda se puede llevar muy bien tanto en verano como en invierno, tanto en pa\u00edses c\u00e1lidos como en pa\u00edses con climas m\u00e1s fr\u00edos.<\/p>\n<p>El lino es la fibra m\u00e1s fuerte y resistente. Dura mucho tiempo sin deformarse y no suelta pelusa.<\/p>\n<p>\u00a1\u00a1No te arrepentir\u00e1s de tu compra!!<\/p>\n<p>Disponible en otros colores<\/p>","protected":false},"excerpt":{"rendered":"<p>Preciosa bufanda francesa de lino 100% francesa. \u00a1\u00a1Ya no podr\u00e1s prescindir de \u00e9l!!<\/p>\n<p>Hecho a la medida.<\/p>","protected":false},"featured_media":466276,"comment_status":"open","ping_status":"closed","template":"","meta":[],"product_brand":[],"product_cat":[18],"product_tag":[311,310],"class_list":{"0":"post-466253","1":"product","2":"type-product","3":"status-publish","4":"has-post-thumbnail","6":"product_cat-accessoires-en-lin","7":"product_tag-accessoire","8":"product_tag-blanc","9":"pa_composition-lin-lave-francais-160gm2-certifie-oekotex","10":"pa_dimensions-env-180x45-cm","11":"pa_origine-france","13":"first","14":"onbackorder","15":"featured","16":"taxable","17":"shipping-taxable","18":"purchasable","19":"product-type-simple"},"_links":{"self":[{"href":"https:\/\/maisonnormande.boutique\/es_uy\/wp-json\/wp\/v2\/product\/466253","targetHints":{"allow":["GET"]}}],"collection":[{"href":"https:\/\/maisonnormande.boutique\/es_uy\/wp-json\/wp\/v2\/product"}],"about":[{"href":"https:\/\/maisonnormande.boutique\/es_uy\/wp-json\/wp\/v2\/types\/product"}],"replies":[{"embeddable":true,"href":"https:\/\/maisonnormande.boutique\/es_uy\/wp-json\/wp\/v2\/comments?post=466253"}],"wp:featuredmedia":[{"embeddable":true,"href":"https:\/\/maisonnormande.boutique\/es_uy\/wp-json\/wp\/v2\/media\/466276"}],"wp:attachment":[{"href":"https:\/\/maisonnormande.boutique\/es_uy\/wp-json\/wp\/v2\/media?parent=466253"}],"wp:term":[{"taxonomy":"product_brand","embeddable":true,"href":"https:\/\/maisonnormande.boutique\/es_uy\/wp-json\/wp\/v2\/product_brand?post=466253"},{"taxonomy":"product_cat","embeddable":true,"href":"https:\/\/maisonnormande.boutique\/es_uy\/wp-json\/wp\/v2\/product_cat?post=466253"},{"taxonomy":"product_tag","embeddable":true,"href":"https:\/\/maisonnormande.boutique\/es_uy\/wp-json\/wp\/v2\/product_tag?post=466253"}],"curies":[{"name":"wp","href":"https:\/\/api.w.org\/{rel}","templated":true}]}}