{"id":470836,"date":"2022-07-04T19:37:39","date_gmt":"2022-07-04T17:37:39","guid":{"rendered":"https:\/\/maisonnormande.boutique\/?post_type=product&#038;p=470836"},"modified":"2024-10-04T15:26:42","modified_gmt":"2024-10-04T13:26:42","slug":"chale-en-lin-celeste","status":"publish","type":"product","link":"https:\/\/maisonnormande.boutique\/es_uy\/product\/chale-en-lin-celeste\/","title":{"rendered":"Mant\u00f3n de lino CELESTE Colecci\u00f3n ZELIE"},"content":{"rendered":"<p>Mant\u00f3n largo y ancho de MN Home Decor\u00ae hecho a mano en lino lavado te\u00f1ido de un bonito color azul cielo.<\/p>\n<p>\u00a1\u00a1Este es el accesorio que necesitas para darle un toque final a tu outfit!! informal, elegante\u2026.<\/p>\n<p>Ligero y esponjoso para todas las estaciones. Se puede llevar enrollado alrededor del cuello o sobre los hombros.<\/p>\n<p>El lino es un tejido que regula la temperatura, por lo que este chal se puede llevar muy bien tanto en verano como en invierno, tanto en pa\u00edses c\u00e1lidos como en pa\u00edses con climas m\u00e1s fr\u00edos.<\/p>\n<p>El lino es la fibra m\u00e1s fuerte y resistente. Dura mucho tiempo sin deformarse y no suelta pelusa.<\/p>\n<p>\u00a1\u00a1No te arrepentir\u00e1s de tu compra!!<\/p>\n<p>Otros colores disponibles.<\/p>","protected":false},"excerpt":{"rendered":"<p>Un precioso chal de lino franc\u00e9s 100%. \u00a1\u00a1Ya no podr\u00e1s prescindir de \u00e9l!!<\/p>\n<p>Hecho a la medida<\/p>","protected":false},"featured_media":470856,"comment_status":"open","ping_status":"closed","template":"","meta":[],"product_brand":[],"product_cat":[18],"product_tag":[],"class_list":{"0":"post-470836","1":"product","2":"type-product","3":"status-publish","4":"has-post-thumbnail","6":"product_cat-accessoires-en-lin","7":"pa_composition-lin-lave-francais-160gm2-certifie-oekotex","8":"pa_dimensions-env-180x190cm","9":"pa_origine-france","11":"first","12":"outofstock","13":"taxable","14":"shipping-taxable","15":"purchasable","16":"product-type-simple"},"_links":{"self":[{"href":"https:\/\/maisonnormande.boutique\/es_uy\/wp-json\/wp\/v2\/product\/470836","targetHints":{"allow":["GET"]}}],"collection":[{"href":"https:\/\/maisonnormande.boutique\/es_uy\/wp-json\/wp\/v2\/product"}],"about":[{"href":"https:\/\/maisonnormande.boutique\/es_uy\/wp-json\/wp\/v2\/types\/product"}],"replies":[{"embeddable":true,"href":"https:\/\/maisonnormande.boutique\/es_uy\/wp-json\/wp\/v2\/comments?post=470836"}],"wp:featuredmedia":[{"embeddable":true,"href":"https:\/\/maisonnormande.boutique\/es_uy\/wp-json\/wp\/v2\/media\/470856"}],"wp:attachment":[{"href":"https:\/\/maisonnormande.boutique\/es_uy\/wp-json\/wp\/v2\/media?parent=470836"}],"wp:term":[{"taxonomy":"product_brand","embeddable":true,"href":"https:\/\/maisonnormande.boutique\/es_uy\/wp-json\/wp\/v2\/product_brand?post=470836"},{"taxonomy":"product_cat","embeddable":true,"href":"https:\/\/maisonnormande.boutique\/es_uy\/wp-json\/wp\/v2\/product_cat?post=470836"},{"taxonomy":"product_tag","embeddable":true,"href":"https:\/\/maisonnormande.boutique\/es_uy\/wp-json\/wp\/v2\/product_tag?post=470836"}],"curies":[{"name":"wp","href":"https:\/\/api.w.org\/{rel}","templated":true}]}}