{"id":595233,"date":"2022-10-01T23:28:29","date_gmt":"2022-10-01T21:28:29","guid":{"rendered":"https:\/\/maisonnormande.boutique\/?post_type=product&#038;p=595233"},"modified":"2024-10-04T15:26:41","modified_gmt":"2024-10-04T13:26:41","slug":"taie-doreiller-lin-gris-50x75cm","status":"publish","type":"product","link":"https:\/\/maisonnormande.boutique\/es_uy\/product\/taie-doreiller-lin-gris-50x75cm\/","title":{"rendered":"Funda de almohada de lino GRIS 50x75cm Colecci\u00f3n JASPAR"},"content":{"rendered":"<p>Funda de almohada de lino lavado franc\u00e9s 100%, ligera y suave, con un aspecto naturalmente arrugado.<\/p>\n<p>Funda de almohada de lino de 50x75cm totalmente hecha a mano en Normand\u00eda.<\/p>\n<blockquote><p>LINO, un material noble, sutil, desenfadado, fresco y ligero \u2013 KENZO<\/p><\/blockquote>\n<p>LIN tiene la propiedad de ser antiestr\u00e9s y favorece el sue\u00f1o. El sue\u00f1o es m\u00e1s profundo, el tiempo que se tarda en conciliar el sue\u00f1o es m\u00e1s corto, el n\u00famero de despertares es menor y hay menos cambios de posici\u00f3n.<\/p>\n<p>El LINO es la fibra m\u00e1s fuerte y resistente. Dura mucho tiempo sin deformarse y no suelta pelusa.<\/p>\n<p>Bellamente empaquetado en una bolsa de lino tambi\u00e9n hecha a mano.<\/p>","protected":false},"excerpt":{"rendered":"<p>\u00a1Ten dulces sue\u00f1os con esta funda de almohada de lino franc\u00e9s, un material noble y natural!<\/p>\n<p>Hecho a la medida.<\/p>","protected":false},"featured_media":595275,"comment_status":"open","ping_status":"closed","template":"","meta":[],"product_brand":[],"product_cat":[18],"product_tag":[],"class_list":{"0":"post-595233","1":"product","2":"type-product","3":"status-publish","4":"has-post-thumbnail","6":"product_cat-accessoires-en-lin","7":"pa_composition-lin-lave-100-francais-460g-m2-certifie-oekotex","8":"pa_dimensions-50x75cm","9":"pa_origine-france","11":"first","12":"outofstock","13":"sale","14":"taxable","15":"shipping-taxable","16":"purchasable","17":"product-type-simple"},"_links":{"self":[{"href":"https:\/\/maisonnormande.boutique\/es_uy\/wp-json\/wp\/v2\/product\/595233","targetHints":{"allow":["GET"]}}],"collection":[{"href":"https:\/\/maisonnormande.boutique\/es_uy\/wp-json\/wp\/v2\/product"}],"about":[{"href":"https:\/\/maisonnormande.boutique\/es_uy\/wp-json\/wp\/v2\/types\/product"}],"replies":[{"embeddable":true,"href":"https:\/\/maisonnormande.boutique\/es_uy\/wp-json\/wp\/v2\/comments?post=595233"}],"wp:featuredmedia":[{"embeddable":true,"href":"https:\/\/maisonnormande.boutique\/es_uy\/wp-json\/wp\/v2\/media\/595275"}],"wp:attachment":[{"href":"https:\/\/maisonnormande.boutique\/es_uy\/wp-json\/wp\/v2\/media?parent=595233"}],"wp:term":[{"taxonomy":"product_brand","embeddable":true,"href":"https:\/\/maisonnormande.boutique\/es_uy\/wp-json\/wp\/v2\/product_brand?post=595233"},{"taxonomy":"product_cat","embeddable":true,"href":"https:\/\/maisonnormande.boutique\/es_uy\/wp-json\/wp\/v2\/product_cat?post=595233"},{"taxonomy":"product_tag","embeddable":true,"href":"https:\/\/maisonnormande.boutique\/es_uy\/wp-json\/wp\/v2\/product_tag?post=595233"}],"curies":[{"name":"wp","href":"https:\/\/api.w.org\/{rel}","templated":true}]}}