{"id":662294,"date":"2022-11-16T23:22:07","date_gmt":"2022-11-16T22:22:07","guid":{"rendered":"https:\/\/maisonnormande.boutique\/?post_type=product&#038;p=662294"},"modified":"2024-10-04T15:26:41","modified_gmt":"2024-10-04T13:26:41","slug":"tissu-lin-au-metre-black","status":"publish","type":"product","link":"https:\/\/maisonnormande.boutique\/es_uy\/product\/tissu-lin-au-metre-black\/","title":{"rendered":"Tela LINO por metro Colecci\u00f3n NEGRO MNHD 001"},"content":{"rendered":"<p>Tejido de lino de muy alta calidad de la colecci\u00f3n MN Home Decor\u00ae. Es apreciado por su ligereza (160gr\/m2) y su aspecto ligeramente arrugado.<\/p>\n<p>Una tela de lino con acabado lavado ideal para la confecci\u00f3n de ropa y complementos.<\/p>\n<p>Su color negro lo hace atemporal, cl\u00e1sico y chic al mismo tiempo.<\/p>\n<h1>LAS CUALIDADES NATURALES DEL LINO<\/h1>\n<blockquote><p><strong><em>EL LINO, un material noble, sutil, desenfadado, fresco y ligero \u2013 KENZO<\/em><\/strong><\/p>\n<p>&nbsp;<\/p><\/blockquote>\n<p>El LINO es la fibra m\u00e1s fuerte y resistente. Dura mucho tiempo sin deformarse y no suelta pelusa.<\/p>\n<p>El LINO es respetuoso con el medio ambiente. Es L\u00edder en fibras ecol\u00f3gicas, todo se recicla o se utiliza en la transformaci\u00f3n del LINO. Adem\u00e1s, la planta requiere muy poca agua para su cultivo.<\/p>\n<p>El LINO es hipoalerg\u00e9nico. Se ha demostrado que las medicaciones realizadas con tejido de LINO aceleran la curaci\u00f3n de ciertas enfermedades de la piel.<\/p>\n<p>El LINO es un \u201cantiestr\u00e9s\u201d. Un experimento cient\u00edfico ha demostrado que la temperatura y la tensi\u00f3n muscular disminuyen cuando los individuos estudiados usan trajes de LINO.<\/p>\n<p>El LINO promueve el sue\u00f1o. El sue\u00f1o es m\u00e1s profundo, el tiempo que se tarda en conciliar el sue\u00f1o es m\u00e1s corto, el n\u00famero de despertares es menor y hay menos cambios de posici\u00f3n.<\/p>\n<h1>NORMAND\u00cdA TIERRA DEL LINO<\/h1>\n<p>El lino es una especialidad de Sena Mar\u00edtimo en Normand\u00eda. La Uni\u00f3n Europea ocupa un lugar clave en la producci\u00f3n mundial de LINO, principalmente en Francia.<\/p>\n<p>Normand\u00eda representa 63% de producci\u00f3n francesa de lino textil y s\u00f3lo Sena Mar\u00edtimo cultiva 19.000 hect\u00e1reas de LINO de las 60.000 que hay en Francia. Con 1.500 productores de lino, principalmente situados en el Pa\u00eds de Caux, el departamento es l\u00edder en este sector.<\/p>","protected":false},"excerpt":{"rendered":"<p><span style=\"color: #5188a6;\"><span style=\"color: #000000;\">Tela de lino al metro franc\u00e9s, \u00a1lavable a m\u00e1quina!<\/span><em><strong><br \/>\n<\/strong><\/em><\/span><\/p>\n<p>&nbsp;<\/p>","protected":false},"featured_media":662989,"comment_status":"open","ping_status":"closed","template":"","meta":[],"product_brand":[],"product_cat":[264],"product_tag":[309,312],"class_list":{"0":"post-662294","1":"product","2":"type-product","3":"status-publish","4":"has-post-thumbnail","6":"product_cat-tissu-lin-au-metre-habillement-largeur-150cm","7":"product_tag-noir","8":"product_tag-vetement","9":"pa_composition-lin-lave-francais-160g-m2-certifie-oeko-tex","10":"pa_origine-france","12":"first","13":"instock","14":"sale","15":"featured","16":"taxable","17":"shipping-taxable","18":"purchasable","19":"product-type-simple"},"_links":{"self":[{"href":"https:\/\/maisonnormande.boutique\/es_uy\/wp-json\/wp\/v2\/product\/662294","targetHints":{"allow":["GET"]}}],"collection":[{"href":"https:\/\/maisonnormande.boutique\/es_uy\/wp-json\/wp\/v2\/product"}],"about":[{"href":"https:\/\/maisonnormande.boutique\/es_uy\/wp-json\/wp\/v2\/types\/product"}],"replies":[{"embeddable":true,"href":"https:\/\/maisonnormande.boutique\/es_uy\/wp-json\/wp\/v2\/comments?post=662294"}],"wp:featuredmedia":[{"embeddable":true,"href":"https:\/\/maisonnormande.boutique\/es_uy\/wp-json\/wp\/v2\/media\/662989"}],"wp:attachment":[{"href":"https:\/\/maisonnormande.boutique\/es_uy\/wp-json\/wp\/v2\/media?parent=662294"}],"wp:term":[{"taxonomy":"product_brand","embeddable":true,"href":"https:\/\/maisonnormande.boutique\/es_uy\/wp-json\/wp\/v2\/product_brand?post=662294"},{"taxonomy":"product_cat","embeddable":true,"href":"https:\/\/maisonnormande.boutique\/es_uy\/wp-json\/wp\/v2\/product_cat?post=662294"},{"taxonomy":"product_tag","embeddable":true,"href":"https:\/\/maisonnormande.boutique\/es_uy\/wp-json\/wp\/v2\/product_tag?post=662294"}],"curies":[{"name":"wp","href":"https:\/\/api.w.org\/{rel}","templated":true}]}}