{"id":69372,"date":"2021-04-21T17:57:25","date_gmt":"2021-04-21T15:57:25","guid":{"rendered":"https:\/\/maisonnormande.boutique\/?post_type=product&#038;p=69372"},"modified":"2024-10-04T15:26:43","modified_gmt":"2024-10-04T13:26:43","slug":"nappe-carree-en-lin-corde","status":"publish","type":"product","link":"https:\/\/maisonnormande.boutique\/es_uy\/product\/nappe-carree-en-lin-corde\/","title":{"rendered":"Mantel cuadrado de lino Colecci\u00f3n CORDE CHAUME"},"content":{"rendered":"<p>A\u00f1ade un toque natural a tu mesa con este mantel de lino CORDE con el borde de flecos que le dar\u00e1 un toque r\u00fastico.<\/p>\n<p>Con su corte cuadrado (150 x 150cm) podr\u00e1s decorar tambi\u00e9n tus mesas redondas.<\/p>\n<p>Hecho a mano en Normand\u00eda por Maison Normande Home Decor utilizando lino pesado franc\u00e9s 100% de la m\u00e1s alta calidad.<\/p>\n<p>La fibra de lino utilizada en el dise\u00f1o de este mantel es muy duradera, por lo que no se deformar\u00e1 con el tiempo.<\/p>\n<p>Adem\u00e1s, tiene la particularidad de absorber l\u00edquidos y no retener manchas.<\/p>\n<p>Este mantel de lino no s\u00f3lo le dar\u00e1 a tu mesa un aspecto c\u00e1lido, sino que tambi\u00e9n la proteger\u00e1 de peque\u00f1os incidentes.... como por ejemplo un vaso de agua derram\u00e1ndose\u2026.<\/p>","protected":false},"excerpt":{"rendered":"<p>\u00a1\u00a1Los flecos de este mantel cuadrado de lino franc\u00e9s 100% le dan un estilo campestre a tu mesa!!<\/p>","protected":false},"featured_media":69476,"comment_status":"open","ping_status":"closed","template":"","meta":[],"product_brand":[],"product_cat":[18],"product_tag":[],"class_list":{"0":"post-69372","1":"product","2":"type-product","3":"status-publish","4":"has-post-thumbnail","6":"product_cat-accessoires-en-lin","7":"pa_composition-lin-lave-100-francais-460g-m2-certifie-oekotex","8":"pa_dimensions-150cm-x-150cm","9":"pa_origine-france","11":"first","12":"instock","13":"sale","14":"taxable","15":"shipping-taxable","16":"purchasable","17":"product-type-simple"},"_links":{"self":[{"href":"https:\/\/maisonnormande.boutique\/es_uy\/wp-json\/wp\/v2\/product\/69372","targetHints":{"allow":["GET"]}}],"collection":[{"href":"https:\/\/maisonnormande.boutique\/es_uy\/wp-json\/wp\/v2\/product"}],"about":[{"href":"https:\/\/maisonnormande.boutique\/es_uy\/wp-json\/wp\/v2\/types\/product"}],"replies":[{"embeddable":true,"href":"https:\/\/maisonnormande.boutique\/es_uy\/wp-json\/wp\/v2\/comments?post=69372"}],"wp:featuredmedia":[{"embeddable":true,"href":"https:\/\/maisonnormande.boutique\/es_uy\/wp-json\/wp\/v2\/media\/69476"}],"wp:attachment":[{"href":"https:\/\/maisonnormande.boutique\/es_uy\/wp-json\/wp\/v2\/media?parent=69372"}],"wp:term":[{"taxonomy":"product_brand","embeddable":true,"href":"https:\/\/maisonnormande.boutique\/es_uy\/wp-json\/wp\/v2\/product_brand?post=69372"},{"taxonomy":"product_cat","embeddable":true,"href":"https:\/\/maisonnormande.boutique\/es_uy\/wp-json\/wp\/v2\/product_cat?post=69372"},{"taxonomy":"product_tag","embeddable":true,"href":"https:\/\/maisonnormande.boutique\/es_uy\/wp-json\/wp\/v2\/product_tag?post=69372"}],"curies":[{"name":"wp","href":"https:\/\/api.w.org\/{rel}","templated":true}]}}