{"id":1163,"date":"2019-05-08T14:58:06","date_gmt":"2019-05-08T14:58:06","guid":{"rendered":"https:\/\/organicthemes.com\/demo\/artisan\/?page_id=1163"},"modified":"2024-09-24T16:51:06","modified_gmt":"2024-09-24T14:51:06","slug":"home","status":"publish","type":"page","link":"https:\/\/maisonnormande.boutique\/ja\/","title":{"rendered":""},"content":{"rendered":"<div class=\"wp-block-group\"><div class=\"wp-block-group__inner-container is-layout-flow wp-block-group-is-layout-flow\">\n<div class=\"wp-block-group\"><div class=\"wp-block-group__inner-container is-layout-flow wp-block-group-is-layout-flow\">\n<div class=\"wp-block-cover alignwide is-position-center-center\" style=\"min-height:586px;aspect-ratio:unset;\"><span aria-hidden=\"true\" class=\"wp-block-cover__background has-background-dim-0 has-background-dim\" style=\"background-color:#5e76a4\"><\/span><img loading=\"lazy\" decoding=\"async\" width=\"800\" height=\"533\" class=\"wp-block-cover__image-background wp-image-1388214\" alt=\"\" src=\"https:\/\/maisonnormande.boutique\/wp-content\/uploads\/2024\/06\/Fleurs-de-lin.jpg\" data-object-fit=\"cover\" srcset=\"https:\/\/maisonnormande.boutique\/wp-content\/uploads\/2024\/06\/Fleurs-de-lin.jpg 800w, https:\/\/maisonnormande.boutique\/wp-content\/uploads\/2024\/06\/Fleurs-de-lin-300x200.jpg 300w, https:\/\/maisonnormande.boutique\/wp-content\/uploads\/2024\/06\/Fleurs-de-lin-768x512.jpg 768w, https:\/\/maisonnormande.boutique\/wp-content\/uploads\/2024\/06\/Fleurs-de-lin-18x12.jpg 18w, https:\/\/maisonnormande.boutique\/wp-content\/uploads\/2024\/06\/Fleurs-de-lin-416x277.jpg 416w\" sizes=\"auto, (max-width: 800px) 100vw, 800px\" \/><div class=\"wp-block-cover__inner-container is-layout-flow wp-block-cover-is-layout-flow\">\n<p><\/p>\n<\/div><\/div>\n\n\n\n<blockquote class=\"wp-block-quote has-text-align-center is-layout-flow wp-block-quote-is-layout-flow\">\n<p class=\"has-text-color has-link-color wp-elements-1ad552aad25840796368b35eb2f63594\" style=\"color:#494944\">\u300c\u30ea\u30cd\u30f3\u3001\u9ad8\u8cb4\u3067\u7e4a\u7d30\u3001\u3055\u308a\u3052\u306a\u3044\u3001\u30d5\u30ec\u30c3\u30b7\u30e5\u3067\u8efd\u3044\u7d20\u6750\u300d \u2013 KENZO<\/p>\n<\/blockquote>\n<\/div><\/div>\n\n\n\n<p class=\"has-text-color has-link-color has-normal-font-size wp-elements-b2969b3bf9d2ad882b15714ff94a9d74\" style=\"color:#494944\">\u79c1\u305f\u3061\u306e\u5730\u57df\u3067\u3042\u308b\u30ce\u30eb\u30de\u30f3\u30c7\u30a3\u30fc\u306e\u7279\u7523\u54c1\u3067\u3042\u308b\u4e9c\u9ebb\u306f\u3001\u30d5\u30e9\u30f3\u30b9\u306e\u7e4a\u7dad\u4e9c\u9ebb\u751f\u7523\u306e63%\u3092\u4ee3\u8868\u3057\u3001\u4e16\u754c\u7684\u306b\u91cd\u8981\u306a\u4f4d\u7f6e\u3092\u5360\u3081\u3066\u3044\u307e\u3059\u3002<\/p>\n\n\n\n<p class=\"has-text-align-left has-text-color has-link-color has-normal-font-size wp-elements-f62cb7c1dc1a6dcc749d3751fc370573\" style=\"color:#494944\">\u7d30\u304f\u3066\u4e08\u592b\u3067\u4e08\u592b\u306a\u7e4a\u7dad\u3092\u4f7f\u7528\u3057\u305f\u9ad8\u7d1a\u30ea\u30cd\u30f3\u3067\u3059\u3002<\/p>\n\n\n\n<p class=\"has-text-align-left has-text-color has-link-color has-normal-font-size wp-elements-308439dc01177f48e7df82c7c62ee7c6\" style=\"color:#494944\">\u74b0\u5883\u306b\u914d\u616e\u3057\u305f\u30ea\u30cd\u30f3\u306f\u3001\u30a8\u30b3\u30ed\u30b8\u30ab\u30eb\u30d5\u30a1\u30a4\u30d0\u30fc\u306e\u30ea\u30fc\u30c0\u30fc\u3067\u3059\u3002\u305d\u306e\u683d\u57f9\u306e\u305f\u3081\u306b\u3001\u305d\u308c\u306f\u975e\u5e38\u306b\u5c11\u306a\u3044\u6c34\u3092\u5fc5\u8981\u3068\u3057\u3001\u80a5\u6599\u3092\u5fc5\u8981\u3068\u305b\u305a\u3001\u3059\u3079\u3066\u304c\u30ea\u30b5\u30a4\u30af\u30eb\u3055\u308c\u308b\u306e\u3067\u5ec3\u68c4\u7269\u3092\u751f\u307f\u51fa\u3057\u307e\u305b\u3093\u3002<em><mark style=\"background-color:rgba(0, 0, 0, 0);color:#5b5858\" class=\"has-inline-color\"><\/mark><\/em><\/p>\n\n\n\n<div class=\"wp-block-buttons is-content-justification-center is-layout-flex wp-container-core-buttons-is-layout-a89b3969 wp-block-buttons-is-layout-flex\"><\/div>\n\n\n\n<h1 class=\"wp-block-heading has-text-align-center has-text-color\" style=\"color:#494944\"><strong>\u79c1\u305f\u3061\u306e\u30d5\u30ec\u30f3\u30c1\u30ea\u30cd\u30f3\u751f\u5730<\/strong><\/h1>\n\n\n\n<figure class=\"wp-block-image alignwide size-full\"><a href=\"https:\/\/maisonnormande.boutique\/ja\/product-category\/tissus-lin-au-metre\/\" target=\"_blank\" rel=\"noreferrer noopener\"><img loading=\"lazy\" decoding=\"async\" width=\"600\" height=\"450\" src=\"https:\/\/maisonnormande.boutique\/wp-content\/uploads\/2024\/01\/Tissus-lin-Maison-Normande-Home-Decor-new-colors-2024.jpg\" alt=\"tissus lin francais au metre\" class=\"wp-image-1201930\" srcset=\"https:\/\/maisonnormande.boutique\/wp-content\/uploads\/2024\/01\/Tissus-lin-Maison-Normande-Home-Decor-new-colors-2024.jpg 600w, https:\/\/maisonnormande.boutique\/wp-content\/uploads\/2024\/01\/Tissus-lin-Maison-Normande-Home-Decor-new-colors-2024-324x243.jpg 324w, https:\/\/maisonnormande.boutique\/wp-content\/uploads\/2024\/01\/Tissus-lin-Maison-Normande-Home-Decor-new-colors-2024-416x312.jpg 416w, https:\/\/maisonnormande.boutique\/wp-content\/uploads\/2024\/01\/Tissus-lin-Maison-Normande-Home-Decor-new-colors-2024-300x225.jpg 300w, https:\/\/maisonnormande.boutique\/wp-content\/uploads\/2024\/01\/Tissus-lin-Maison-Normande-Home-Decor-new-colors-2024-16x12.jpg 16w\" sizes=\"auto, (max-width: 600px) 100vw, 600px\" \/><\/a><figcaption class=\"wp-element-caption\"><em>\u30e1\u30fc\u30bf\u30fc\u3067\u8ca9\u58f2\u3055\u308c\u3066\u3044\u308b\u30d5\u30e9\u30f3\u30b9\u306e\u30ea\u30cd\u30f3\u751f\u5730<\/em><\/figcaption><\/figure>\n\n\n\n<p class=\"has-text-color has-link-color wp-elements-9c5b8164ef80e3c5ca47a1207071e3d1\" style=\"color:#494944\">Maison Normande Home Decor \u3067\u306f\u3001\u3055\u307e\u3056\u307e\u306a\u30d5\u30ec\u30f3\u30c1 \u30ea\u30cd\u30f3\u751f\u5730\u3092\u30e1\u30fc\u30c8\u30eb\u5358\u4f4d\u3067\u8ca9\u58f2\u3057\u3066\u3044\u307e\u3059\u3002<\/p>\n\n\n\n<p class=\"has-text-color has-link-color wp-elements-c2b13c4034ead02bfff215d632696cb8\" style=\"color:#494944\">\u5f53\u793e\u306e\u751f\u5730\u306f\u30d5\u30e9\u30f3\u30b9\u3067\u67d3\u8272\u3001\u7e54\u3089\u308c\u3066\u304a\u308a\u3001\u4e00\u90e8\u306e\u751f\u5730\u306f\u6d17\u6fef\u6a5f\u3067\u6d17\u3048\u308b\u3068\u3044\u3046\u7279\u6b8a\u6027\u3092\u5099\u3048\u3066\u3044\u307e\u3059\u3002<\/p>\n\n\n\n<p class=\"has-text-color has-link-color wp-elements-57b2b14585d652ece62254eec3ad5655\" style=\"color:#494944\">\u975e\u5e38\u306b\u9ad8\u54c1\u8cea\u306e\u30d5\u30ec\u30f3\u30c1\u30ea\u30cd\u30f3\u751f\u5730\u306f\u3001\u6642\u9593\u306e\u7d4c\u904e\u3068\u3068\u3082\u306b\u53cd\u308a\u304c\u306a\u304f\u3001\u3057\u308f\u304c\u5bc4\u308a\u307e\u305b\u3093\u3002<\/p>\n\n\n\n<p class=\"has-text-color has-link-color wp-elements-089777023e5ef71b9cc584246278f971\" style=\"color:#494944\">\u305d\u308c\u306f\u4f4e\u30a2\u30ec\u30eb\u30ae\u30fc\u6027\u3001\u6297\u83cc\u6027\u304a\u3088\u3073\u6297\u30b9\u30c8\u30ec\u30b9\u7279\u6027\u3092\u6301\u3063\u3066\u3044\u307e\u3059\u3002\u305d\u308c\u306f\u7761\u7720\u3055\u3048\u4fc3\u9032\u3057\u307e\u3059\u3002<\/p>\n\n\n\n<p class=\"has-text-color has-link-color wp-elements-5efc0d23c7a9a1e3298e41602be22e0c\" style=\"color:#494944\">\u30ea\u30cd\u30f3\u751f\u5730\u306f\u4f53\u6e29\u8abf\u7bc0\u6a5f\u80fd\u304c\u3042\u308a\u3001\u51ac\u306f\u6696\u304b\u304f\u3001\u590f\u306f\u6dbc\u3057\u304f\u3002<\/p>\n\n\n\n<p class=\"has-text-color has-link-color wp-elements-6edbd61237c423150cf4e0743d5d7142\" style=\"color:#494944\">\u5353\u8d8a\u3057\u305f\u9ad8\u8cb4\u306a\u7d20\u6750\u3067\u3001\u5bb6\u5177\u3001\u5bb6\u5ead\u7528\u30ea\u30cd\u30f3\u3001\u8863\u985e\u306b\u6700\u9069\u3067\u3059\u3002<\/p>\n\n\n\n<p class=\"has-text-color has-link-color wp-elements-ce052ab1a2df604bdd07c46f6a14fb84\" style=\"color:#494944\">\u5f53\u793e\u306e\u30aa\u30f3\u30e9\u30a4\u30f3\u30d6\u30c6\u30a3\u30c3\u30af\u3067\u306f\u3001\u3055\u307e\u3056\u307e\u306a\u91cd\u3055\u3068\u8272\u306e\u30d5\u30ec\u30f3\u30c1\u30ea\u30cd\u30f3\u751f\u5730\u306e\u3055\u307e\u3056\u307e\u306a\u30b3\u30ec\u30af\u30b7\u30e7\u30f3\u3084\u3001\u304a\u597d\u307f\u306e\u8272\u306e\u670d\u3092\u4f5c\u308b\u305f\u3081\u306e\u3059\u3050\u306b\u67d3\u8272\u3067\u304d\u308b\u30ea\u30cd\u30f3\u751f\u5730\u3092\u3054\u89a7\u304f\u3060\u3055\u3044\u3002<\/p>\n\n\n\n<hr class=\"wp-block-separator has-alpha-channel-opacity\"\/>\n<\/div><\/div>\n\n\n\n<p class=\"has-text-color has-link-color wp-elements-b3255740c9a233992ca7b1248a4230a6\" style=\"color:#494944\">\u79c1\u305f\u3061\u306f\u3001\u30e6\u30cb\u30fc\u30af\u3067\u8010\u4e45\u6027\u304c\u3042\u308a\u3001\u6642\u4ee3\u3092\u8d85\u8d8a\u3057\u305f\u3001\u30b7\u30f3\u30d7\u30eb\u3067\u30a8\u30ec\u30ac\u30f3\u30c8\u306a\u30c7\u30b6\u30a4\u30f3\u3092\u3044\u304f\u3064\u304b\u4f5c\u6210\u3057\u307e\u3057\u305f\u3002<\/p>\n\n\n\n<p class=\"has-text-color has-link-color wp-elements-9de180880f46fe87d078cbf9f3261985\" style=\"color:#494944\">\u3053\u308c\u306f\u3001\u30d5\u30ec\u30f3\u30c1\u30ea\u30cd\u30f3\u751f\u5730\u3067\u4f55\u304c\u3067\u304d\u308b\u304b\u3092\u793a\u3059\u30b7\u30e7\u30fc\u30b1\u30fc\u30b9\u3067\u3059\u3002<\/p>\n\n\n\n<h1 class=\"wp-block-heading has-text-align-center has-text-color\" style=\"color:#494944\"><em><strong>\u30c6\u30fc\u30d6\u30eb\u30af\u30ed\u30b9<\/strong><\/em><\/h1>\n\n\n\n<figure class=\"wp-block-gallery alignwide has-nested-images columns-default is-cropped wp-block-gallery-2 is-layout-flex wp-block-gallery-is-layout-flex\">\n<figure class=\"wp-block-image size-full\"><img loading=\"lazy\" decoding=\"async\" width=\"800\" height=\"600\" data-id=\"1240233\" src=\"https:\/\/maisonnormande.boutique\/wp-content\/uploads\/2024\/02\/Table-linen2-MNHD.jpg\" alt=\"linge de table en lin francais\" class=\"wp-image-1240233\" srcset=\"https:\/\/maisonnormande.boutique\/wp-content\/uploads\/2024\/02\/Table-linen2-MNHD.jpg 800w, https:\/\/maisonnormande.boutique\/wp-content\/uploads\/2024\/02\/Table-linen2-MNHD-324x243.jpg 324w, https:\/\/maisonnormande.boutique\/wp-content\/uploads\/2024\/02\/Table-linen2-MNHD-416x312.jpg 416w, https:\/\/maisonnormande.boutique\/wp-content\/uploads\/2024\/02\/Table-linen2-MNHD-300x225.jpg 300w, https:\/\/maisonnormande.boutique\/wp-content\/uploads\/2024\/02\/Table-linen2-MNHD-768x576.jpg 768w, https:\/\/maisonnormande.boutique\/wp-content\/uploads\/2024\/02\/Table-linen2-MNHD-16x12.jpg 16w\" sizes=\"auto, (max-width: 800px) 100vw, 800px\" \/><\/figure>\n\n\n\n<figure class=\"wp-block-image size-full\"><img loading=\"lazy\" decoding=\"async\" width=\"800\" height=\"600\" data-id=\"1240196\" src=\"https:\/\/maisonnormande.boutique\/wp-content\/uploads\/2024\/02\/Table-linen-MNHD.jpg\" alt=\"linge de table en lin francais\" class=\"wp-image-1240196\" srcset=\"https:\/\/maisonnormande.boutique\/wp-content\/uploads\/2024\/02\/Table-linen-MNHD.jpg 800w, https:\/\/maisonnormande.boutique\/wp-content\/uploads\/2024\/02\/Table-linen-MNHD-324x243.jpg 324w, https:\/\/maisonnormande.boutique\/wp-content\/uploads\/2024\/02\/Table-linen-MNHD-416x312.jpg 416w, https:\/\/maisonnormande.boutique\/wp-content\/uploads\/2024\/02\/Table-linen-MNHD-300x225.jpg 300w, https:\/\/maisonnormande.boutique\/wp-content\/uploads\/2024\/02\/Table-linen-MNHD-768x576.jpg 768w, https:\/\/maisonnormande.boutique\/wp-content\/uploads\/2024\/02\/Table-linen-MNHD-16x12.jpg 16w\" sizes=\"auto, (max-width: 800px) 100vw, 800px\" \/><\/figure>\n<\/figure>\n\n\n\n<h1 class=\"wp-block-heading has-text-align-center has-text-color has-huge-font-size\" style=\"color:#494944\"><em><strong>\u5bdd\u5177<\/strong><\/em><\/h1>\n\n\n<div class=\"wp-block-image\">\n<figure class=\"aligncenter size-full\"><img loading=\"lazy\" decoding=\"async\" width=\"800\" height=\"600\" src=\"https:\/\/maisonnormande.boutique\/wp-content\/uploads\/2024\/02\/Linge-de-lit-MNHD.jpg\" alt=\"\" class=\"wp-image-1240224\" srcset=\"https:\/\/maisonnormande.boutique\/wp-content\/uploads\/2024\/02\/Linge-de-lit-MNHD.jpg 800w, https:\/\/maisonnormande.boutique\/wp-content\/uploads\/2024\/02\/Linge-de-lit-MNHD-324x243.jpg 324w, https:\/\/maisonnormande.boutique\/wp-content\/uploads\/2024\/02\/Linge-de-lit-MNHD-416x312.jpg 416w, https:\/\/maisonnormande.boutique\/wp-content\/uploads\/2024\/02\/Linge-de-lit-MNHD-300x225.jpg 300w, https:\/\/maisonnormande.boutique\/wp-content\/uploads\/2024\/02\/Linge-de-lit-MNHD-768x576.jpg 768w, https:\/\/maisonnormande.boutique\/wp-content\/uploads\/2024\/02\/Linge-de-lit-MNHD-16x12.jpg 16w\" sizes=\"auto, (max-width: 800px) 100vw, 800px\" \/><\/figure>\n<\/div>\n\n\n<h1 class=\"wp-block-heading has-text-align-center has-text-color has-link-color wp-elements-aa5cc8103af9446a84cfe73008d00fdd\" style=\"color:#494944\"><strong><em>\u88c5\u98fe<\/em><\/strong><\/h1>\n\n\n\n<div class=\"wp-block-group alignwide\"><div class=\"wp-block-group__inner-container is-layout-flow wp-block-group-is-layout-flow\">\n<figure class=\"wp-block-gallery alignwide has-nested-images columns-default is-cropped wp-block-gallery-3 is-layout-flex wp-block-gallery-is-layout-flex\">\n<figure class=\"wp-block-image size-large\"><img loading=\"lazy\" decoding=\"async\" width=\"600\" height=\"400\" data-id=\"238761\" src=\"https:\/\/maisonnormande.boutique\/wp-content\/uploads\/2021\/08\/9-Coussins-en-lin-MN-Home-Decor\u00ae-.jpg\" alt=\"coussins en lin francais\" class=\"wp-image-238761\" srcset=\"https:\/\/maisonnormande.boutique\/wp-content\/uploads\/2021\/08\/9-Coussins-en-lin-MN-Home-Decor\u00ae-.jpg 600w, https:\/\/maisonnormande.boutique\/wp-content\/uploads\/2021\/08\/9-Coussins-en-lin-MN-Home-Decor\u00ae--416x277.jpg 416w, https:\/\/maisonnormande.boutique\/wp-content\/uploads\/2021\/08\/9-Coussins-en-lin-MN-Home-Decor\u00ae--300x200.jpg 300w, https:\/\/maisonnormande.boutique\/wp-content\/uploads\/2021\/08\/9-Coussins-en-lin-MN-Home-Decor\u00ae--18x12.jpg 18w\" sizes=\"auto, (max-width: 600px) 100vw, 600px\" \/><figcaption class=\"wp-element-caption\"><em> <\/em><\/figcaption><\/figure>\n\n\n\n<figure class=\"wp-block-image size-full\"><img loading=\"lazy\" decoding=\"async\" width=\"800\" height=\"599\" data-id=\"1240203\" src=\"https:\/\/maisonnormande.boutique\/wp-content\/uploads\/2024\/02\/linen-curtain-MNHD.jpg\" alt=\"Rideaux en lin francais\" class=\"wp-image-1240203\" srcset=\"https:\/\/maisonnormande.boutique\/wp-content\/uploads\/2024\/02\/linen-curtain-MNHD.jpg 800w, https:\/\/maisonnormande.boutique\/wp-content\/uploads\/2024\/02\/linen-curtain-MNHD-324x243.jpg 324w, https:\/\/maisonnormande.boutique\/wp-content\/uploads\/2024\/02\/linen-curtain-MNHD-416x311.jpg 416w, https:\/\/maisonnormande.boutique\/wp-content\/uploads\/2024\/02\/linen-curtain-MNHD-300x225.jpg 300w, https:\/\/maisonnormande.boutique\/wp-content\/uploads\/2024\/02\/linen-curtain-MNHD-768x575.jpg 768w, https:\/\/maisonnormande.boutique\/wp-content\/uploads\/2024\/02\/linen-curtain-MNHD-16x12.jpg 16w\" sizes=\"auto, (max-width: 800px) 100vw, 800px\" \/><\/figure>\n<\/figure>\n<\/div><\/div>\n\n\n\n<div style=\"height:15px\" aria-hidden=\"true\" class=\"wp-block-spacer\"><\/div>\n\n\n\n<h1 class=\"wp-block-heading has-text-align-center has-text-color has-link-color wp-elements-33dbf1276614a3a71b7d23c4dc81cec4\" style=\"color:#494944\"><strong><em>\u30ea\u30cd\u30f3\u30a2\u30af\u30bb\u30b5\u30ea\u30fc<\/em><\/strong><\/h1>\n\n\n<div class=\"wp-block-image\">\n<figure class=\"aligncenter size-full\"><a href=\"https:\/\/maisonnormande.boutique\/ja\/product-category\/accessoires-en-lin\/\"><img loading=\"lazy\" decoding=\"async\" width=\"711\" height=\"533\" src=\"https:\/\/maisonnormande.boutique\/wp-content\/uploads\/2024\/02\/Echarpe-MNHD3-edited.jpg\" alt=\"Accessoires en lin echarpes\" class=\"wp-image-1240245\" srcset=\"https:\/\/maisonnormande.boutique\/wp-content\/uploads\/2024\/02\/Echarpe-MNHD3-edited.jpg 711w, https:\/\/maisonnormande.boutique\/wp-content\/uploads\/2024\/02\/Echarpe-MNHD3-edited-324x243.jpg 324w, https:\/\/maisonnormande.boutique\/wp-content\/uploads\/2024\/02\/Echarpe-MNHD3-edited-416x312.jpg 416w, https:\/\/maisonnormande.boutique\/wp-content\/uploads\/2024\/02\/Echarpe-MNHD3-edited-300x225.jpg 300w, https:\/\/maisonnormande.boutique\/wp-content\/uploads\/2024\/02\/Echarpe-MNHD3-edited-16x12.jpg 16w\" sizes=\"auto, (max-width: 711px) 100vw, 711px\" \/><\/a><\/figure>\n<\/div>","protected":false},"excerpt":{"rendered":"<p>&#8220;LE LIN, MATI\u00c8RE NOBLE, SUBTILE, NONCHALANTE, FRA\u00ceCHE ET L\u00c9G\u00c8RE&#8221; &#8211; KENZO Le lin, sp\u00e9cialit\u00e9 de notre r\u00e9gion, la Normandie, repr\u00e9sente 63% de la production fran\u00e7aise de lin textile et occupe une place primordiale au niveau mondial. C&#8217;est un lin haut de gamme aux fibres fines, robustes et r\u00e9sistantes. Respectueux de l&#8217;environnement, le lin est le leader des fibres \u00e9cologiques. Pour sa culture, il demande tr\u00e8s peu d&#8217;eau, n&#8217;a pas besoin d&#8217;engrais et ne produit pas de d\u00e9chets puisque tout est recycl\u00e9. NOS TISSUS LIN FRAN\u00c7AIS Maison Normande Home Decor vous propose une large gamme de tissus en lin fran\u00e7ais vendus au m\u00e8tre. Nos tissus sont teints et tiss\u00e9s en France [&hellip;]<\/p>\n","protected":false},"author":1,"featured_media":0,"parent":0,"menu_order":0,"comment_status":"closed","ping_status":"closed","template":"","meta":{"footnotes":""},"class_list":["post-1163","page","type-page","status-publish","hentry"],"_links":{"self":[{"href":"https:\/\/maisonnormande.boutique\/ja\/wp-json\/wp\/v2\/pages\/1163","targetHints":{"allow":["GET"]}}],"collection":[{"href":"https:\/\/maisonnormande.boutique\/ja\/wp-json\/wp\/v2\/pages"}],"about":[{"href":"https:\/\/maisonnormande.boutique\/ja\/wp-json\/wp\/v2\/types\/page"}],"author":[{"embeddable":true,"href":"https:\/\/maisonnormande.boutique\/ja\/wp-json\/wp\/v2\/users\/1"}],"replies":[{"embeddable":true,"href":"https:\/\/maisonnormande.boutique\/ja\/wp-json\/wp\/v2\/comments?post=1163"}],"version-history":[{"count":12,"href":"https:\/\/maisonnormande.boutique\/ja\/wp-json\/wp\/v2\/pages\/1163\/revisions"}],"predecessor-version":[{"id":1388216,"href":"https:\/\/maisonnormande.boutique\/ja\/wp-json\/wp\/v2\/pages\/1163\/revisions\/1388216"}],"wp:attachment":[{"href":"https:\/\/maisonnormande.boutique\/ja\/wp-json\/wp\/v2\/media?parent=1163"}],"curies":[{"name":"wp","href":"https:\/\/api.w.org\/{rel}","templated":true}]}}