{"id":2245,"date":"2020-08-12T16:31:23","date_gmt":"2020-08-12T14:31:23","guid":{"rendered":"https:\/\/maisonnormande.boutique\/?page_id=2245"},"modified":"2021-05-12T00:54:40","modified_gmt":"2021-05-11T22:54:40","slug":"conditions-generales-de-vente-maison-normande-boutique","status":"publish","type":"page","link":"https:\/\/maisonnormande.boutique\/ja\/conditions-generales-de-vente-maison-normande-boutique\/","title":{"rendered":"CGV"},"content":{"rendered":"<div style=\"height:100px\" aria-hidden=\"true\" class=\"wp-block-spacer\"><\/div>\n\n\n\n<h1 class=\"has-text-align-center wp-block-heading\"><strong>\u8ca9\u58f2\u6761\u4ef6<\/strong><\/h1>\n\n\n\n<div style=\"height:100px\" aria-hidden=\"true\" class=\"wp-block-spacer\"><\/div>\n\n\n\n<p class=\"has-text-align-left\">\u73fe\u5728 <strong>\u8ca9\u58f2\u6761\u4ef6<\/strong>  \u4e00\u65b9\u3067\u306f\u3001SARL MAISON NORMANDE HOME DECOR\u793e\u304c2,760\u30e6\u30fc\u30ed\u306e\u682a\u5f0f\u8cc7\u672c\u3092\u6301\u3061\u3001\u672c\u793e\u306f\u30d5\u30e9\u30f3\u30b9\u306e\u30e2\u30fc\u30b3\u30f3\u30d6\u30eb76680\u306e46 rue de la Liberation\u306b\u3042\u308a\u3001Trade and Companies Register\uff08RCS\uff09\u306b\u767b\u9332\u3055\u308c\u3066\u3044\u307e\u3059\u3002 DIEPPE\u306e\u756a\u53f7SIREN850 524 166\u3001\u4ee5\u4e0b\u300cMAISON NORMANDE HOME DECOR\u300d\u3068\u547c\u3073\u3001\u30b5\u30a4\u30c8www.maisonnormande.boutique\u3092\u7ba1\u7406\u3057\u3001\u4e00\u65b9\u3001\u30a6\u30a7\u30d6\u30b5\u30a4\u30c8www\u3002 .maisonnormande.boutique\u3001\u4ee5\u4e0b\u300c\u30d0\u30a4\u30e4\u30fc\u300d\u3068\u547c\u3073\u307e\u3059\u3002<\/p>\n\n\n\n<p><\/p>\n\n\n\n<h2 class=\"wp-block-heading\"><strong>\u7b2c1\u6761\uff1a\u30aa\u30d6\u30b8\u30a7\u30af\u30c8<\/strong><\/h2>\n\n\n\n<p>\u3053\u308c\u3089\u306e\u4e00\u822c\u7684\u306a\u8ca9\u58f2\u6761\u4ef6\u306f\u3001MAISON NORMANDE HOME DECOR \u3068\u8cfc\u5165\u8005\u3068\u306e\u9593\u306e\u5951\u7d04\u95a2\u4fc2\u3001\u304a\u3088\u3073\u30a6\u30a7\u30d6\u30b5\u30a4\u30c8 www.maisonnormande.boutique \u3092\u901a\u3058\u3066\u884c\u308f\u308c\u305f\u8cfc\u5165\u306b\u9069\u7528\u3055\u308c\u308b\u6761\u4ef6\u3092\u5b9a\u7fa9\u3059\u308b\u3053\u3068\u3092\u76ee\u7684\u3068\u3057\u3066\u3044\u307e\u3059\u3002\u3053\u306e\u30b5\u30a4\u30c8\u3092\u901a\u3058\u3066\u88fd\u54c1\u3092\u8cfc\u5165\u3059\u308b\u3053\u3068\u306f\u3001\u8cfc\u5165\u8005\u304c\u3053\u308c\u3089\u306e\u4e00\u822c\u8ca9\u58f2\u6761\u4ef6\u3092\u7121\u6761\u4ef6\u3067\u53d7\u3051\u5165\u308c\u308b\u3053\u3068\u3092\u610f\u5473\u3057\u3001\u8cfc\u5165\u8005\u306f\u6ce8\u6587\u524d\u306b\u305d\u308c\u3092\u8aad\u3093\u3060\u3053\u3068\u3092\u8a8d\u3081\u307e\u3059\u3002\u53d6\u5f15\u306e\u524d\u306b\u3001\u8cfc\u5165\u8005\u306f\u3001\u30b5\u30a4\u30c8 www.maisonnormande.boutique \u3067\u306e\u88fd\u54c1\u306e\u8cfc\u5165\u306f\u3001\u5f7c\u306e\u5c02\u9580\u7684\u6d3b\u52d5\u306b\u76f4\u63a5\u95a2\u4fc2\u3059\u308b\u3082\u306e\u3067\u306f\u306a\u304f\u3001\u53b3\u5bc6\u306b\u500b\u4eba\u7684\u306a\u4f7f\u7528\u306b\u9650\u5b9a\u3055\u308c\u3066\u3044\u308b\u3053\u3068\u3092\u5ba3\u8a00\u3057\u307e\u3059\u3002\u3053\u308c\u3089\u306e\u4e00\u822c\u7684\u306a\u8ca9\u58f2\u6761\u4ef6\u306e\u4e0b\u3067\u5f7c\u304c\u30b3\u30df\u30c3\u30c8\u3059\u308b\u3053\u3068\u3092\u53ef\u80fd\u306b\u3059\u308b\u6cd5\u7684\u80fd\u529b\u3002<\/p>\n\n\n\n<p>SARL MAISON NORMANDE HOME DECOR\u306f\u3001\u65b0\u3057\u3044\u898f\u5236\u306b\u6e96\u62e0\u3059\u308b\u305f\u3081\u3001\u307e\u305f\u306f\u30b5\u30a4\u30c8\u306e\u4f7f\u7528\u3092\u6539\u5584\u3059\u308b\u305f\u3081\u306b\u3001\u3044\u3064\u3067\u3082\u4e00\u822c\u7684\u306a\u8ca9\u58f2\u6761\u4ef6\u3092\u5909\u66f4\u3059\u308b\u53ef\u80fd\u6027\u3092\u4fdd\u6301\u3057\u3066\u3044\u307e\u3059\u3002\u3057\u305f\u304c\u3063\u3066\u3001\u9069\u7528\u3055\u308c\u308b\u6761\u4ef6\u306f\u3001\u8cfc\u5165\u8005\u306b\u3088\u308b\u6ce8\u6587\u65e5\u306b\u6709\u52b9\u306a\u6761\u4ef6\u306b\u306a\u308a\u307e\u3059\u3002<\/p>\n\n\n\n<p><\/p>\n\n\n\n<h2 class=\"wp-block-heading\"><strong>\u7b2c2\u6761-\u88fd\u54c1<\/strong><\/h2>\n\n\n\n<p>\u63d0\u4f9b\u3055\u308c\u308b\u88fd\u54c1\u306f\u3001\u5f53\u793e\u306e\u30b5\u30a4\u30c8www.maisonnormande.boutique\u306b\u8868\u793a\u3055\u308c\u308b\u88fd\u54c1\u3067\u3059\u3002SARLMAISONNORMANDE HOME DECOR\u306f\u3001\u5229\u7528\u53ef\u80fd\u306a\u5728\u5eab\u306e\u7bc4\u56f2\u5185\u3067\u3059\u3002 SARL MAISON NORMANDE HOME DECOR\u306f\u3001\u88fd\u54c1\u306e\u54c1\u63c3\u3048\u3092\u3044\u3064\u3067\u3082\u5909\u66f4\u3059\u308b\u6a29\u5229\u3092\u7559\u4fdd\u3057\u307e\u3059\u3002\u5404\u88fd\u54c1\u306f\u3001\u305d\u306e\u4e3b\u306a\u6280\u8853\u7684\u7279\u5fb4\uff08\u8aac\u660e\u3001\u69cb\u6210\u3001\u4f7f\u7528\u6cd5\uff09\u3092\u793a\u3059\u8aac\u660e\u306e\u5f62\u5f0f\u3067Web\u30b5\u30a4\u30c8\u306b\u8868\u793a\u3055\u308c\u307e\u3059\u3002\u5199\u771f\u306f\u53ef\u80fd\u306a\u9650\u308a\u6b63\u78ba\u3067\u3059\u304c\u3001\u3044\u304b\u306a\u308b\u65b9\u6cd5\u3067\u3082\u58f2\u308a\u624b\u3092\u62d8\u675f\u3059\u308b\u3082\u306e\u3067\u306f\u3042\u308a\u307e\u305b\u3093\u3002\u30b5\u30a4\u30c8www.maisonnormande.boutique\u306b\u63b2\u8f09\u3055\u308c\u3066\u3044\u308b\u88fd\u54c1\u306e\u8ca9\u58f2\u306f\u3001\u3053\u308c\u3089\u306e\u88fd\u54c1\u306e\u9818\u57df\u3078\u306e\u53c2\u5165\u3092\u5b8c\u5168\u306b\u8a31\u53ef\u3057\u3066\u3044\u308b\u56fd\u306b\u5c45\u4f4f\u3059\u308b\u3059\u3079\u3066\u306e\u8cfc\u5165\u8005\u3092\u5bfe\u8c61\u3068\u3057\u3066\u3044\u307e\u3059\u3002\u5c45\u4f4f\u56fd\u306e\u898f\u5236\u3092\u78ba\u8a8d\u3059\u308b\u306e\u306f\u8cfc\u5165\u8005\u306e\u8cac\u4efb\u3067\u3059\u3002<\/p>\n\n\n\n<p><\/p>\n\n\n\n<h2 class=\"wp-block-heading\"><strong>\u7b2c3\u6761-\u4fa1\u683c<\/strong><\/h2>\n\n\n\n<p>\u30a4\u30f3\u30bf\u30fc\u30cd\u30c3\u30c8\u30ab\u30bf\u30ed\u30b0\u306e\u300c\u88fd\u54c1\u30b7\u30fc\u30c8\u300d\u306b\u8a18\u8f09\u3055\u308c\u3066\u3044\u308b\u4fa1\u683c\u306f\u3001\u6ce8\u6587\u65e5\u306b\u9069\u7528\u3055\u308c\u308bVAT\u3092\u8003\u616e\u3057\u305f\u3001\u30e6\u30fc\u30ed\uff08\u20ac\uff09\u306e\u3059\u3079\u3066\u306e\u7a0e\u91d1\uff08TTC\uff09\u3067\u306e\u4fa1\u683c\u3067\u3059\u3002 VAT\u7387\u306e\u5909\u66f4\u306f\u3001\u88fd\u54c1\u306e\u4fa1\u683c\u306b\u53cd\u6620\u3055\u308c\u308b\u5834\u5408\u304c\u3042\u308a\u307e\u3059\u3002 SARL MAISON NORMANDE HOME DECOR\u306f\u3001\u3044\u3064\u3067\u3082\u4fa1\u683c\u3092\u5909\u66f4\u3059\u308b\u6a29\u5229\u3092\u7559\u4fdd\u3057\u307e\u3059\u304c\u3001\u6ce8\u6587\u65e5\u306b\u30ab\u30bf\u30ed\u30b0\u306b\u8868\u793a\u3055\u308c\u3066\u3044\u308b\u4fa1\u683c\u306e\u307f\u304c\u8cfc\u5165\u8005\u306b\u9069\u7528\u3055\u308c\u308b\u3053\u3068\u3092\u7406\u89e3\u3057\u3066\u3044\u307e\u3059\u3002\u8868\u793a\u3055\u308c\u3066\u3044\u308b\u4fa1\u683c\u306b\u306f\u3001\u6ce8\u6587\u306e\u5408\u8a08\u91d1\u984d\u306b\u5fdc\u3058\u3066\u8cfc\u5165\u3057\u305f\u88fd\u54c1\u306e\u4fa1\u683c\u306b\u52a0\u3048\u3066\u3001\u8acb\u6c42\u3055\u308c\u305f\u914d\u9001\u6599\u306f\u542b\u307e\u308c\u3066\u3044\u307e\u305b\u3093\u3002<\/p>\n\n\n\n<p><strong>\u91cd\u8981\uff1a\u7a0e\u95a2\u3068\u8f38\u5165\u7a0e\u306f\u8cfc\u5165\u8005\u306e\u8cac\u4efb\u3067\u3059\u3002<\/strong><\/p>\n\n\n\n<p><\/p>\n\n\n\n<h2 class=\"wp-block-heading\"><strong>\u7b2c4\u6761-\u652f\u6255\u3044\u306e\u9806\u5e8f\u3068\u6761\u4ef6<\/strong><\/h2>\n\n\n\n<p>\u6ce8\u6587\u3059\u308b\u524d\u306b\u3001\u8cfc\u5165\u8005\u306f\u30b5\u30a4\u30c8www.maisonnormande.boutique\u3067\u30a2\u30ab\u30a6\u30f3\u30c8\u3092\u4f5c\u6210\u3059\u308b\u5fc5\u8981\u304c\u3042\u308a\u307e\u3059\u3002\u30a2\u30ab\u30a6\u30f3\u30c8\u4f5c\u6210\u30bb\u30af\u30b7\u30e7\u30f3\u306b\u306f\u3001\u300c\u30e1\u30cb\u30e5\u30fc\u300d\u30d0\u30fc\u304b\u3089\u76f4\u63a5\u30a2\u30af\u30bb\u30b9\u3067\u304d\u307e\u3059\u3002\u8a2a\u554f\u306e\u305f\u3073\u306b\u3001\u8cfc\u5165\u8005\u306f\u81ea\u5206\u306e\u30a2\u30ab\u30a6\u30f3\u30c8\uff08\u6ce8\u6587\u72b6\u6cc1\u3001\u30d7\u30ed\u30d5\u30a1\u30a4\u30eb\u306a\u3069\uff09\u3092\u6ce8\u6587\u307e\u305f\u306f\u53c2\u7167\u3059\u308b\u5834\u5408\u3001\u81ea\u5206\u306e\u60c5\u5831\u3092\u4f7f\u7528\u3057\u3066\u81ea\u5206\u81ea\u8eab\u3092\u7279\u5b9a\u3059\u308b\u5fc5\u8981\u304c\u3042\u308a\u307e\u3059\u3002<\/p>\n\n\n\n<p>SARL MAISON NORMANDE HOME DECOR\u793e\u306f\u3001\u3055\u307e\u3056\u307e\u306a\u652f\u6255\u3044\u65b9\u6cd5\u3067\u88fd\u54c1\u3092\u6ce8\u6587\u3057\u3066\u652f\u6255\u3046\u3053\u3068\u3092\u8cfc\u5165\u8005\u306b\u63d0\u4f9b\u3057\u3066\u3044\u307e\u3059\u3002<\/p>\n\n\n\n<p><strong>PAYPAL\u307e\u305f\u306f\u30af\u30ec\u30b8\u30c3\u30c8\u30ab\u30fc\u30c9\u306b\u3088\u308b\u5b89\u5168\u306a\u652f\u6255\u3044\uff08PAYPAL\u307e\u305f\u306fSTRIPE\u30b7\u30b9\u30c6\u30e0\u3092\u4ecb\u3057\u3066\uff09\uff1a<\/strong> \u8cfc\u5165\u8005\u306f\u3001\u6ce8\u6587\u3057\u305f\u3044\u5546\u54c1\u3092\u300c\u30d0\u30b9\u30b1\u30c3\u30c8\u300d\u3067\u9078\u629e\u3057\u3001\u5fc5\u8981\u306b\u5fdc\u3058\u3066\u5909\u66f4\u3057\uff08\u6570\u91cf\u3001\u53c2\u7167\u306a\u3069\uff09\u3001\u914d\u9001\u5148\u4f4f\u6240\u3092\u78ba\u8a8d\u3059\u308b\u304b\u3001\u65b0\u3057\u3044\u4f4f\u6240\u3092\u5165\u529b\u3057\u307e\u3059\u3002\u6b21\u306b\u3001\u9001\u6599\u304c\u8a08\u7b97\u3055\u308c\u3001\u904b\u9001\u696d\u8005\u306e\u540d\u524d\u3068\u3068\u3082\u306b\u8cfc\u5165\u8005\u306b\u9001\u4fe1\u3055\u308c\u307e\u3059\u3002\u6b21\u306b\u3001\u8cfc\u5165\u8005\u306f\u81ea\u5206\u304c\u9078\u629e\u3057\u305f\u652f\u6255\u3044\u65b9\u6cd5\u3092\u9078\u629e\u3057\u307e\u3059\u3002\u6b21\u306e\u30b9\u30c6\u30c3\u30d7\u306f\u3001\u3059\u3079\u3066\u306e\u60c5\u5831\u3092\u78ba\u8a8d\u3057\u3001\u5bfe\u5fdc\u3059\u308b\u30dc\u30c3\u30af\u30b9\u3092\u30c1\u30a7\u30c3\u30af\u3057\u3066\u3053\u308c\u3089\u306e\u4e00\u822c\u7684\u306a\u8ca9\u58f2\u6761\u4ef6\u3092\u8aad\u307f\u3001\u540c\u610f\u3057\u3066\u304b\u3089\u3001[\u6ce8\u6587\u3092\u78ba\u8a8d]\u30dc\u30bf\u30f3\u3092\u30af\u30ea\u30c3\u30af\u3057\u3066\u6ce8\u6587\u3092\u691c\u8a3c\u3059\u308b\u3088\u3046\u306b\u62db\u5f85\u3057\u307e\u3059\u3002\u6700\u5f8c\u306b\u3001\u8cfc\u5165\u8005\u306f\u3001\u652f\u6255\u3044\u3092\u884c\u3046\u305f\u3081\u306b\u30a2\u30ab\u30a6\u30f3\u30c8\u53c2\u7167\u3092\u5b89\u5168\u306b\u5165\u529b\u3059\u308b\u305f\u3081\u306b\u3001\u5b89\u5168\u306aPAYPAL\u307e\u305f\u306fSTRIPE\u30a4\u30f3\u30bf\u30fc\u30d5\u30a7\u30fc\u30b9\u306b\u30ea\u30c0\u30a4\u30ec\u30af\u30c8\u3055\u308c\u307e\u3059\u3002\u652f\u6255\u3044\u304c\u53d7\u7406\u3055\u308c\u308b\u3068\u3001\u6ce8\u6587\u304c\u767b\u9332\u3055\u308c\u3001\u5951\u7d04\u304c\u78ba\u5b9a\u7684\u306b\u5f62\u6210\u3055\u308c\u307e\u3059\u3002<\/p>\n\n\n\n<p><strong>PAYPAL\u307e\u305f\u306fSTRIPE\u30a2\u30ab\u30a6\u30f3\u30c8\u3001\u307e\u305f\u306f\u30af\u30ec\u30b8\u30c3\u30c8\u30ab\u30fc\u30c9\u306b\u3088\u308b\u652f\u6255\u3044\u306f\u53d6\u308a\u6d88\u305b\u307e\u305b\u3093\u3002<\/strong><\/p>\n\n\n\n<p>\u9280\u884c\u30ab\u30fc\u30c9\u306e\u4e0d\u6b63\u4f7f\u7528\u304c\u8a3c\u660e\u3055\u308c\u305f\u5834\u5408\u3001\u8cfc\u5165\u8005\u306f\u3001\u5c45\u4f4f\u56fd\u3067\u65bd\u884c\u3055\u308c\u3066\u3044\u308b\u898f\u5236\u304a\u3088\u3073\u6761\u4ef6\u306b\u5f93\u3063\u3066\u3001\u9280\u884c\u3078\u306e\u30ab\u30fc\u30c9\u306b\u3088\u308b\u652f\u6255\u3044\u306e\u30ad\u30e3\u30f3\u30bb\u30eb\u3092\u8981\u6c42\u3059\u308b\u3053\u3068\u304c\u3067\u304d\u307e\u3059\u3002\u4f1a\u793eSARLMAISON NORMANDENORMANDE\u306b\u91d1\u984d\u306e\u8fd4\u9084\u8cbb\u7528\u3092\u8acb\u6c42\u3059\u308b\u3053\u3068\u306f\u3067\u304d\u307e\u305b\u3093\u3002<\/p>\n\n\n\n<p>\u6ce8\u6587\u306e\u78ba\u8a8d\u306b\u306f\u3001\u3053\u308c\u3089\u306e\u4e00\u822c\u7684\u306a\u8ca9\u58f2\u6761\u4ef6\u306e\u53d7\u8afe\u3001\u305d\u308c\u3089\u306e\u5b8c\u5168\u306a\u77e5\u8b58\u3092\u6301\u3063\u3066\u3044\u308b\u3053\u3068\u306e\u8a8d\u8b58\u3001\u304a\u3088\u3073\u72ec\u81ea\u306e\u8cfc\u5165\u6761\u4ef6\u306e\u653e\u68c4\u304c\u542b\u307e\u308c\u307e\u3059\u3002\u63d0\u4f9b\u3055\u308c\u305f\u3059\u3079\u3066\u306e\u30c7\u30fc\u30bf\u3068\u8a18\u9332\u3055\u308c\u305f\u78ba\u8a8d\u306f\u3001\u30c8\u30e9\u30f3\u30b6\u30af\u30b7\u30e7\u30f3\u306e\u8a3c\u62e0\u3092\u69cb\u6210\u3057\u307e\u3059\u3002 SARL MAISON NORMANDE HOME DECOR\u793e\u306f\u3001\u6ce8\u6587\u30d5\u30a9\u30fc\u30e0\u306b\u8cfc\u5165\u8005\u304c\u8a18\u8f09\u3057\u305f\u96fb\u5b50\u30e1\u30fc\u30eb\u30a2\u30c9\u30ec\u30b9\u3092\u4ecb\u3057\u3066\u3001\u6ce8\u6587\u306e\u767b\u9332\u78ba\u8a8d\u3092\u96fb\u5b50\u30e1\u30fc\u30eb\u3067\u901a\u77e5\u3057\u307e\u3059\u3002<\/p>\n\n\n\n<p>\u8cfc\u5165\u8005\u304cSARLMAISON NORMANDE HOME DECOR\u306b\u9023\u7d61\u3059\u308b\u5834\u5408\u306f\u3001\u6b21\u306e\u30a2\u30c9\u30ec\u30b9\u306b\u90f5\u9001\u3059\u308b\u304b\u3001\u6b21\u306e\u30a2\u30c9\u30ec\u30b9\u306b\u96fb\u5b50\u30e1\u30fc\u30eb\u3067\u9001\u4fe1\u3067\u304d\u307e\u3059\uff1a46 rue de la Liberation\u300176680 Maucomble\u3001France\u3001\u307e\u305f\u306f\u6b21\u306e\u30a2\u30c9\u30ec\u30b9\u306b\u96fb\u5b50\u30e1\u30fc\u30eb\u3067\u9001\u4fe1\uff1acom @ maisonnormande .boutique\u3001\u307e\u305f\u306f\u96fb\u8a71\u3067+33788 730667\u3002<\/p>\n\n\n\n<p><\/p>\n\n\n\n<h2 class=\"wp-block-heading\"><strong>\u7b2c5\u6761-\u6240\u6709\u6a29\u306e\u4fdd\u6301<\/strong><\/h2>\n\n\n\n<p>SARL MAISON NORMANDE HOME DECOR\u793e\u306f\u3001\u8ca9\u58f2\u3055\u308c\u305f\u88fd\u54c1\u306e\u5b8c\u5168\u306a\u6240\u6709\u6a29\u3092\u3001\u539f\u5247\u3068\u3057\u3066\u3001\u8cbb\u7528\u3068\u7a0e\u91d1\u3092\u542b\u3080\u4fa1\u683c\u304c\u5168\u984d\u652f\u6255\u308f\u308c\u308b\u307e\u3067\u4fdd\u6301\u3057\u307e\u3059\u3002<\/p>\n\n\n\n<p><\/p>\n\n\n\n<h2 class=\"wp-block-heading\"><strong>\u7b2c6\u6761-\u64a4\u56de<\/strong><\/h2>\n\n\n\n<p>\u6d88\u8cbb\u8005\u6cd5\u7b2cL121-20\u6761\u306b\u57fa\u3065\u304d\u3001\u8cb7\u3044\u624b\u306f\u6ce8\u6587\u306e\u914d\u9054\u304b\u308914\u55b6\u696d\u65e5\u4ee5\u5185\u306b\u64a4\u56de\u306e\u6a29\u5229\u3092\u884c\u4f7f\u3057\u3001\u5546\u54c1\u3092\u58f2\u308a\u624b\u306b\u8fd4\u54c1\u3057\u3066\u3001\u9055\u7d04\u91d1\u306a\u3057\u3067\u4ea4\u63db\u307e\u305f\u306f\u8fd4\u91d1\u3057\u307e\u3059\u3002\u8fd4\u54c1\u8cbb\u7528\u3092\u9664\u304d\u307e\u3059\u3002<\/p>\n\n\n\n<p>\u88fd\u54c1\u306f\u3001\u5143\u306e\u30d1\u30c3\u30b1\u30fc\u30b8\u3068\u72b6\u614b\u3067\u8fd4\u9001\u3059\u308b\u5fc5\u8981\u304c\u3042\u308a\u307e\u3059\u3002\u305d\u308c\u4ee5\u5916\u306e\u5834\u5408\u306f\u3001\u300c\u88fd\u54c1\u4fa1\u5024\u306e\u640d\u5931\u306b\u5bfe\u3059\u308b\u300d\u6255\u3044\u623b\u3057\u306b\u5272\u5f15\u304c\u9069\u7528\u3055\u308c\u308b\u5834\u5408\u304c\u3042\u308a\u307e\u3059\u3002<\/p>\n\n\n\n<p>\u8cfc\u5165\u8005\u306f\u3001\u6b21\u306e\u88fd\u54c1\u306e\u64a4\u56de\u306e\u6a29\u5229\u306e\u6069\u6075\u3092\u53d7\u3051\u307e\u305b\u3093\u3002<\/p>\n\n\n\n<ul class=\"wp-block-list\"><li>\u8cfc\u5165\u8005\u306e\u8981\u6c42\u306b\u5fdc\u3058\u3066\u4f5c\u6210\u3055\u308c\u305f\u3001\u307e\u305f\u306f\u30d1\u30fc\u30bd\u30ca\u30e9\u30a4\u30ba\u3055\u308c\u305f\u88fd\u54c1\uff08\u305f\u3068\u3048\u3070\u3001\u5bb6\u5177\u3001\u30ab\u30fc\u30c6\u30f3\u3001\u307e\u305f\u306f\u6e2c\u5b9a\u3059\u308b\u5e03\u306e\u30ab\u30c3\u30c8\uff09\u3002<\/li><li>\u885b\u751f\u307e\u305f\u306f\u5065\u5eb7\u4fdd\u8b77\u306e\u7406\u7531\u306b\u3088\u308b\u30aa\u30fc\u30d7\u30f3\u3067\u8fd4\u54c1\u4e0d\u53ef\u306e\u88fd\u54c1\uff08\u7279\u306b\u5316\u7ca7\u54c1\u304a\u3088\u3073\u4e0b\u7740\uff09\u3002<\/li><li>\u3059\u3067\u306b\u7740\u7528\u304a\u3088\u3073\/\u307e\u305f\u306f\u6d17\u6fef\u3055\u308c\u305f\u670d\uff08\u8a66\u7740\u3055\u308c\u305f\u3060\u3051\u304b\u3082\u3057\u308c\u307e\u305b\u3093\uff09\u3002<\/li><li>\u4ed6\u306e\u8a18\u4e8b\u3068\u5207\u308a\u96e2\u305b\u306a\u3044\u5546\u54c1\u3002<\/li><\/ul>\n\n\n\n<p><\/p>\n\n\n\n<h2 class=\"wp-block-heading\"><strong>\u7b2c7\u6761-\u914d\u9054<\/strong><\/h2>\n\n\n\n<p>\u914d\u9001\u306f\u3001\u6ce8\u6587\u30d5\u30a9\u30fc\u30e0\u306b\u8a18\u8f09\u3055\u308c\u3066\u3044\u308b\u4f4f\u6240\u306b\u884c\u308f\u308c\u307e\u3059\u3002\u3053\u306e\u4f4f\u6240\u306f\u3001\u8cfc\u5165\u6642\u306b\u5408\u610f\u3055\u308c\u305f\u5730\u57df\u306b\u306e\u307f\u5b58\u5728\u3057\u307e\u3059\u3002<\/p>\n\n\n\n<p>\u914d\u9001\u30b5\u30fc\u30d3\u30b9\u306f\u3001\u6ce8\u6587\u6642\u306b\u8cfc\u5165\u8005\u304c\u9078\u629e\u3057\u305f\u8f38\u9001\u8cbb\u3068\u4fdd\u967a\u306e\u6761\u4ef6\u306b\u5f93\u3063\u3066\u3001COLISSIMO\u304a\u3088\u3073\/\u307e\u305f\u306fMONDIALRELAY\u3092\u4ecb\u3057\u3066LaPoste\u306b\u3088\u3063\u3066\u5b9f\u884c\u3055\u308c\u307e\u3059\u3002\u7279\u5225\u6ce8\u6587\u306e\u5834\u5408\u3001\u304a\u5ba2\u69d8\u306e\u660e\u793a\u7684\u306a\u8981\u6c42\u306b\u5fdc\u3058\u3066\u5225\u306e\u904b\u9001\u696d\u8005\u3092\u6307\u5b9a\u3057\u3001MAISON NORMANDE HOMEDECOR\u3068\u5408\u610f\u3059\u308b\u3053\u3068\u304c\u3067\u304d\u307e\u3059\u3002 SARL MAISON NORMANDE HOME DECOR\u793e\u306f\u3001\u8cfc\u5165\u8005\u306b\u8377\u7269\u306e\u8ffd\u8de1\u756a\u53f7\u3092\u30e1\u30fc\u30eb\u3067\u63d0\u4f9b\u3067\u304d\u307e\u3059\u3002<\/p>\n\n\n\n<p>\u767a\u9001\u6642\u9593\u306f\u76ee\u5b89\u3067\u3042\u308a\u3001MAISON NORMANDE HOME DECOR\u306f\u3001\u6ce8\u6587\u5f8c\u306e\u55b6\u696d\u65e5\u306b\u3067\u304d\u308b\u3060\u3051\u65e9\u304f\u8377\u7269\u3092\u90f5\u4fbf\u5c40\u3084\u904b\u9001\u696d\u8005\u306b\u914d\u9054\u3059\u308b\u3088\u3046\u52aa\u3081\u307e\u3059\u3002\u305f\u3060\u3057\u3001MAISON NORMANDE HOME DECOR\u304c\u6ce8\u6587\u304b\u308930\u65e5\u3092\u8d85\u3048\u3066\u90f5\u4fbf\u5c40\u306b\u8377\u7269\u3092\u914d\u9054\u3057\u306a\u304b\u3063\u305f\u5834\u5408\u3001\u58f2\u8cb7\u5951\u7d04\u304c\u7d42\u4e86\u3057\u3001\u8cfc\u5165\u8005\u306b\u8fd4\u91d1\u3055\u308c\u308b\u5834\u5408\u304c\u3042\u308a\u307e\u3059\u3002\u7279\u5225\u6ce8\u6587\u306e\u671f\u9650\u3001\u304a\u3088\u3073\/\u307e\u305f\u306f\u5f53\u793e\u306e\u30b5\u30a4\u30c8www.maisonnormande.boutique\u306b\u8a18\u8f09\u3055\u308c\u3066\u3044\u308b\u300c\u30aa\u30fc\u30c0\u30fc\u30e1\u30a4\u30c9\u300d\u88fd\u54c1\u306e\u671f\u9650\u304c30\u65e5\u3092\u8d85\u3048\u308b\u5834\u5408\u306f\u300130\u65e5\u306e\u671f\u9650\u306e\u6255\u3044\u623b\u3057\u6761\u4ef6\u306b\u306f\u306a\u308a\u307e\u305b\u3093\u3002\u307e\u305f\u3001\u6ce8\u6587\u6642\u306b\u8ca9\u58f2\u8005\u3068\u8cfc\u5165\u8005\u306e\u9593\u3067\u3001\u96fb\u5b50\u30e1\u30fc\u30eb\u4ea4\u63db\u306b\u3088\u308b\u660e\u793a\u7684\u306a\u5408\u610f\u304c\u5fc5\u8981\u306b\u306a\u308a\u307e\u3059\u3002<\/p>\n\n\n\n<p>\u904b\u9001\u696d\u8005\u306b\u3088\u308b\u8377\u7269\u306e\u914d\u9054\u306e\u6642\u70b9\u3067\u3001\u904b\u9001\u696d\u8005\u307e\u305f\u306fLa Poste Colissimo\u3001\u307e\u305f\u306fColissimo International\u306e\u4e00\u822c\u7684\u306a\u8ca9\u58f2\u6761\u4ef6\u304c\u3001\u914d\u9054\u6642\u9593\u3001\u4fdd\u967a\u3001\u6255\u3044\u623b\u3057\u3001\u4fdd\u5b58\u3001\u30bb\u30ad\u30e5\u30ea\u30c6\u30a3\u3001\u304a\u3088\u3073\u8377\u7269\u306e\u914d\u9054\u306b\u95a2\u3057\u3066\u65bd\u884c\u3055\u308c\u307e\u3059\u3002\u304a\u5ba2\u69d8\u3002<\/p>\n\n\n\n<p><strong>\u56fd\u969b\u914d\u9001\u306e\u5834\u5408\u3001\u914d\u9001\u5148\u306e\u56fd\u3067\u9069\u7528\u3055\u308c\u308b\u898f\u5247\u306b\u5f93\u3063\u3066\u914d\u9001\u304c\u884c\u308f\u308c\u307e\u3059\u3002<\/strong><\/p>\n\n\n\n<p>\u8cfc\u5165\u8005\u306f\u3001La Poste\u306e\u5f93\u696d\u54e1\u307e\u305f\u306f\u914d\u9054\u54e1\u306e\u7acb\u4f1a\u3044\u306e\u3082\u3068\u3067\u3001\u5546\u54c1\u306e\u68b1\u5305\u72b6\u614b\u3068\u914d\u9054\u6642\u306e\u5185\u5bb9\u3092\u78ba\u8a8d\u3059\u308b\u5fc5\u8981\u304c\u3042\u308a\u307e\u3059\u3002\u8f38\u9001\u4e2d\u306b\u640d\u50b7\u304c\u767a\u751f\u3057\u305f\u5834\u5408\u306f\u3001\u914d\u9054\u304b\u30893\u65e5\u4ee5\u5185\u306b\u904b\u9001\u696d\u8005\u306b\u6297\u8b70\u3059\u308b\u5fc5\u8981\u304c\u3042\u308a\u307e\u3059\u3002\u30d5\u30e9\u30f3\u30b9\u4ee5\u5916\u306e\u76ee\u7684\u5730\u306e\u56fd\u3067\u306f\u3001\u7570\u306a\u308b\u671f\u9650\u304c\u9069\u7528\u3055\u308c\u308b\u5834\u5408\u304c\u3042\u308a\u307e\u3059\u3002\u304a\u5ba2\u69d8\u306f\u3001\u5c45\u4f4f\u56fd\u3067\u65bd\u884c\u3055\u308c\u3066\u3044\u308b\u898f\u5236\u306b\u3064\u3044\u3066\u81ea\u5206\u81ea\u8eab\u306b\u901a\u77e5\u3059\u308b\u5fc5\u8981\u304c\u3042\u308a\u307e\u3059\u3002<\/p>\n\n\n\n<p><\/p>\n\n\n\n<h2 class=\"wp-block-heading\"><strong>\u7b2c8\u6761-\u4fdd\u8a3c<\/strong><\/h2>\n\n\n\n<p>SARL MAISON NORMANDE HOME DECOR\u304c\u63d0\u4f9b\u3059\u308b\u3059\u3079\u3066\u306e\u88fd\u54c1\u306f\u3001\u6c11\u6cd5\u7b2c1641\u6761\u4ee5\u964d\u306b\u898f\u5b9a\u3055\u308c\u3066\u3044\u308b\u6cd5\u7684\u4fdd\u8a3c\u306e\u6069\u6075\u3092\u53d7\u3051\u3066\u3044\u307e\u3059\u3002\u8ca9\u58f2\u3055\u308c\u305f\u88fd\u54c1\u306b\u9055\u53cd\u304c\u3042\u3063\u305f\u5834\u5408\u306f\u3001SARL MAISON NORMANDE HOME DECOR\u306b\u8fd4\u9001\u3055\u308c\u3001\u8fd4\u54c1\u3001\u4ea4\u63db\u3001\u307e\u305f\u306f\u8fd4\u91d1\u304c\u884c\u308f\u308c\u307e\u3059\u3002\u3059\u3079\u3066\u306e\u82e6\u60c5\u3001\u4ea4\u63db\u307e\u305f\u306f\u8fd4\u91d1\u306e\u30ea\u30af\u30a8\u30b9\u30c8\u306f\u3001\u914d\u9054\u5f8c\u6700\u592730\u65e5\u4ee5\u5185\u306b\u6b21\u306e\u30a2\u30c9\u30ec\u30b9\u306b\u96fb\u5b50\u30e1\u30fc\u30eb\u3067\u9001\u4fe1\u3059\u308b\u5fc5\u8981\u304c\u3042\u308a\u307e\u3059\uff1acom@maisonnormande.boutique\u3002<\/p>\n\n\n\n<p><\/p>\n\n\n\n<h2 class=\"wp-block-heading\"><strong>\u7b2c9\u6761-\u8cac\u4efb<\/strong><\/h2>\n\n\n\n<p>SARL MAISON NORMANDE HOME DECOR\u793e\u306f\u3001\u9060\u9694\u8ca9\u58f2\u30d7\u30ed\u30bb\u30b9\u306b\u304a\u3044\u3066\u3001\u624b\u6bb5\u306e\u7fa9\u52d9\u306b\u3088\u3063\u3066\u306e\u307f\u62d8\u675f\u3055\u308c\u307e\u3059\u3002\u30c7\u30fc\u30bf\u306e\u640d\u5931\u3001\u4fb5\u5165\u3001\u30a6\u30a4\u30eb\u30b9\u3001\u30b5\u30fc\u30d3\u30b9\u306e\u4e2d\u65ad\u3001\u307e\u305f\u306f\u56fd\u5185\u307e\u305f\u306f\u56fd\u969b\u7684\u306a\u30a4\u30d9\u30f3\u30c8\u306b\u95a2\u9023\u3059\u308b\u4f8b\u5916\u7684\u306a\u72b6\u6cc1\u306a\u3069\u3001\u30a4\u30f3\u30bf\u30fc\u30cd\u30c3\u30c8\u30cd\u30c3\u30c8\u30ef\u30fc\u30af\u306e\u4f7f\u7528\u306b\u8d77\u56e0\u3059\u308b\u640d\u5bb3\u306b\u3064\u3044\u3066\u306f\u8cac\u4efb\u3092\u8ca0\u3044\u307e\u305b\u3093\u3002<\/p>\n\n\n\n<p><\/p>\n\n\n\n<h2 class=\"wp-block-heading\"><strong>\u7b2c10\u6761-\u77e5\u7684\u8ca1\u7523<\/strong><\/h2>\n\n\n\n<p>\u30b5\u30a4\u30c8 www.maisonnormande.boutique \u306e\u3059\u3079\u3066\u306e\u8981\u7d20\u306f\u3001SARL MAISON NORMANDE HOME DECOR \u306e\u72ec\u5360\u7684\u306a\u77e5\u7684\u8ca1\u7523\u3067\u3042\u308a\u3001\u4eca\u5f8c\u3082\u7dad\u6301\u3055\u308c\u307e\u3059\u3002\u5199\u771f\u3001\u30ed\u30b4\u3001\u30d3\u30b8\u30e5\u30a2\u30eb\u3001\u307e\u305f\u306f\u30c6\u30ad\u30b9\u30c8\u306e\u5f62\u5f0f\u3092\u554f\u308f\u305a\u3001\u30b5\u30a4\u30c8\u306e\u8981\u7d20\u3092\u90e8\u5206\u7684\u306b\u3067\u3042\u3063\u3066\u3082\u3001\u3044\u304b\u306a\u308b\u7406\u7531\u3067\u3082\u8907\u88fd\u3001\u60aa\u7528\u3001\u307e\u305f\u306f\u4f7f\u7528\u3059\u308b\u3053\u3068\u306f\u8ab0\u306b\u3082\u8a31\u53ef\u3055\u308c\u3066\u3044\u307e\u305b\u3093\u3002<\/p>\n\n\n\n<p><\/p>\n\n\n\n<h2 class=\"wp-block-heading\"><strong>\u7b2c11\u6761-\u500b\u4eba\u30c7\u30fc\u30bf<\/strong><\/h2>\n\n\n\n<p>SARL MAISON NORMANDE HOME DECOR\u793e\u306f\u3001\u7279\u5b9a\u306e\u30b5\u30fc\u30d3\u30b9\u3092\u4f7f\u7528\u3059\u308b\u305f\u3081\u306b\u9001\u4fe1\u3059\u308b\u5fc5\u8981\u306e\u3042\u308b\u3001\u8cfc\u5165\u8005\u304b\u3089\u63d0\u4f9b\u3055\u308c\u305f\u60c5\u5831\u306e\u6a5f\u5bc6\u6027\u3092\u4fdd\u6301\u3059\u308b\u3053\u3068\u3092\u7d04\u675f\u3057\u307e\u3059\u3002\u5f7c\u306b\u95a2\u3059\u308b\u60c5\u5831\u306f\u30011978\u5e741\u67086\u65e5\u306e\u6cd5\u5f8bn\u00b078-17\u306e\u898f\u5b9a\u306b\u5f93\u3046\u3082\u306e\u3068\u3057\u307e\u3059\u3002\u305d\u306e\u305f\u3081\u3001\u30a4\u30f3\u30bf\u30fc\u30cd\u30c3\u30c8\u30e6\u30fc\u30b6\u30fc\u306f\u3001\u5f7c\u306b\u95a2\u3059\u308b\u60c5\u5831\u306b\u30a2\u30af\u30bb\u30b9\u3001\u5909\u66f4\u3001\u304a\u3088\u3073\u524a\u9664\u3059\u308b\u6a29\u5229\u3092\u6709\u3057\u307e\u3059\u3002\u5f7c\u306f\u6b21\u306e\u30a2\u30c9\u30ec\u30b9\u306b\u96fb\u5b50\u30e1\u30fc\u30eb\u3067\u3044\u3064\u3067\u3082\u305d\u308c\u3092\u8981\u6c42\u3059\u308b\u3053\u3068\u304c\u3067\u304d\u307e\u3059\uff1acontact@maisonnormande.boutique\u3002<\/p>\n\n\n\n<p><\/p>\n\n\n\n<h2 class=\"wp-block-heading\"><strong>\u7b2c12\u6761-\u7d1b\u4e89\u306e\u89e3\u6c7a<\/strong><\/h2>\n\n\n\n<p>\u3053\u308c\u3089\u306e\u9060\u9694\u8ca9\u58f2\u6761\u4ef6\u306f\u30d5\u30e9\u30f3\u30b9\u306e\u6cd5\u5f8b\u306e\u5bfe\u8c61\u3068\u306a\u308a\u307e\u3059\u3002\u7d1b\u4e89\u3084\u8a34\u8a1f\u306b\u3064\u3044\u3066\u306f\u3001\u7ba1\u8f44\u306e\u884c\u653f\u88c1\u5224\u6240\u304c\u30eb\u30fc\u30a2\u30f3\u306e\u884c\u653f\u88c1\u5224\u6240\u306b\u306a\u308a\u307e\u3059\u3002<\/p>","protected":false},"excerpt":{"rendered":"<p>CONDITIONS G\u00c9N\u00c9RALES DE VENTE Les pr\u00e9sentes CONDITIONS G\u00c9N\u00c9RALES DE VENTE sont conclues, d&#8217;une part, par la Soci\u00e9t\u00e9 SARL MAISON NORMANDE HOME DECOR au capital social de 2760\u20ac dont le si\u00e8ge social est situ\u00e9 au 46 rue de la lib\u00e9ration, 76680 Maucomble, France, immatricul\u00e9e au Registre du Commerce et des Soci\u00e9t\u00e9s (RCS) de DIEPPE sous le num\u00e9ro SIREN 850 524 166, ci-apr\u00e8s d\u00e9nomm\u00e9e &#8220;MAISON NORMANDE HOME DECOR&#8221; et g\u00e9rant le site www.maisonnormande.boutique et, d&#8217;autre part, par toute personne physique ou morale souhaitant proc\u00e9der \u00e0 un achat via le site internet www.maisonnormande.boutique, d\u00e9nomm\u00e9 ci-apr\u00e8s &#8220;l&#8217;acheteur&#8221;. ARTICLE 1 &#8211; OBJET Les pr\u00e9sentes conditions g\u00e9n\u00e9rales de vente visent \u00e0 d\u00e9finir les relations contractuelles entre [&hellip;]<\/p>\n","protected":false},"author":1,"featured_media":0,"parent":0,"menu_order":0,"comment_status":"closed","ping_status":"closed","template":"","meta":{"footnotes":""},"class_list":["post-2245","page","type-page","status-publish","hentry"],"_links":{"self":[{"href":"https:\/\/maisonnormande.boutique\/ja\/wp-json\/wp\/v2\/pages\/2245","targetHints":{"allow":["GET"]}}],"collection":[{"href":"https:\/\/maisonnormande.boutique\/ja\/wp-json\/wp\/v2\/pages"}],"about":[{"href":"https:\/\/maisonnormande.boutique\/ja\/wp-json\/wp\/v2\/types\/page"}],"author":[{"embeddable":true,"href":"https:\/\/maisonnormande.boutique\/ja\/wp-json\/wp\/v2\/users\/1"}],"replies":[{"embeddable":true,"href":"https:\/\/maisonnormande.boutique\/ja\/wp-json\/wp\/v2\/comments?post=2245"}],"version-history":[{"count":0,"href":"https:\/\/maisonnormande.boutique\/ja\/wp-json\/wp\/v2\/pages\/2245\/revisions"}],"wp:attachment":[{"href":"https:\/\/maisonnormande.boutique\/ja\/wp-json\/wp\/v2\/media?parent=2245"}],"curies":[{"name":"wp","href":"https:\/\/api.w.org\/{rel}","templated":true}]}}