{"id":3,"date":"2020-06-22T18:05:58","date_gmt":"2020-06-22T18:05:58","guid":{"rendered":"https:\/\/maisonnormande.boutique\/?page_id=3"},"modified":"2024-06-26T23:28:53","modified_gmt":"2024-06-26T21:28:53","slug":"privacy-policy","status":"publish","type":"page","link":"https:\/\/maisonnormande.boutique\/ja\/privacy-policy\/","title":{"rendered":"\u6cd5\u7684\u901a\u77e5"},"content":{"rendered":"\n<div style=\"height:100px\" aria-hidden=\"true\" class=\"wp-block-spacer\"><\/div>\n\n\n\n<h1 class=\"has-text-align-center wp-block-heading\" id=\"mentions-legales\"><strong>MENTIONS L\u00c9GALES<\/strong><\/h1>\n\n\n\n<div style=\"height:123px\" aria-hidden=\"true\" class=\"wp-block-spacer\"><\/div>\n\n\n\n<h2 class=\"wp-block-heading\" id=\"proprietaire\"><em><strong>Propri\u00e9taire<\/strong><\/em><\/h2>\n\n\n\n<p><strong>Raison sociale :<\/strong> SARL Maison Normande Home Decor<\/p>\n\n\n\n<p><strong>Si\u00e8ge social :<\/strong> 46 rue de la Lib\u00e9ration, 76680 Maucomble &#8211; France<\/p>\n\n\n\n<p><strong>Adresse \u00e9lectronique :<\/strong> contact@maisonnormande.boutique<\/p>\n\n\n\n<p><strong>SIREN :<\/strong> 850524166 &#8211; R.C.S. DIEPPE<\/p>\n\n\n\n<h2 class=\"wp-block-heading\" id=\"donnees-personnelles-dans-l-union-europeenne\" style=\"line-height:2.8\"><strong><em>DONN\u00c9ES PERSONNELLES DANS L&#8217;UNION EUROP\u00c9ENNE<\/em><\/strong><\/h2>\n\n\n\n<p>Ce site internet s&#8217;efforce d&#8217;\u00eatre conforme au RGPD (R\u00e8glement Europ\u00e9en sur la Protection des Donn\u00e9es).<\/p>\n\n\n\n<p>Les informations recueillies sur les formulaires de ce site internet sont enregistr\u00e9es dans un fichier informatis\u00e9 par SARL MAISON NORMANDE HOME DECOR pour effectuer des traitements de donn\u00e9es personnelles destin\u00e9s au fonctionnement des services propos\u00e9s.<\/p>\n\n\n\n<p>Elles sont conserv\u00e9es pendant une dur\u00e9e variable en fonction des traitements et sont destin\u00e9es au responsable du traitement ainsi qu&#8217;aux collaborateurs de ce site internet.<\/p>\n\n\n\n<p>Conform\u00e9ment \u00e0 la loi &#8220;Informatique et Libert\u00e9s&#8221;, vous pouvez exercer votre droit d&#8217;acc\u00e8s aux donn\u00e9es vous concernant et les faire rectifier en contactant SARL MAISON NORMANDE HOME DECOR par mail : contact@maisonnormande.boutique.<\/p>\n\n\n\n<p>Nous vous informons de l&#8217;existence de la liste d&#8217;opposition au d\u00e9marchage t\u00e9l\u00e9phonique &#8220;Bloctel&#8221; sur laquelle vous pouvez vous inscrire ici : <a href=\"https:\/\/www.bloctel.gouv.fr\/\" target=\"_blank\" rel=\"noopener\">https:\/\/www.bloctel.gouv.fr\/<\/a>      <\/p>\n\n\n\n<p><\/p>\n\n\n\n<h2 class=\"wp-block-heading\" id=\"donnees-personnelles-hors-de-l-union-europeenne\"><em><strong>Donn\u00e9es personnelles hors de l&#8217;Union Europ\u00e9enne<\/strong><\/em><\/h2>\n\n\n\n<p>SARL MAISON NORMANDE HOME DECOR dispose de moyens informatiques destin\u00e9s \u00e0 effectuer des traitements de donn\u00e9es personnelles destin\u00e9s au fonctionnement des services propos\u00e9s.<\/p>\n\n\n\n<p>Les informations enregistr\u00e9es sont r\u00e9serv\u00e9es \u00e0 l&#8217;usage du (ou des) service(s) concern\u00e9(s) et ne peuvent \u00eatre communiqu\u00e9s qu&#8217;aux destinataires suivants : Responsable du traitement et collaborateurs de ce site internet.<\/p>\n\n\n\n<p>Certains de ces destinataires sont situ\u00e9s en dehors de l&#8217;Union Europ\u00e9enne, et en particulier, les destinataires suivants : Google, Facebook, Instagram, Twitter etc &#8230;<\/p>\n\n\n\n<p>Ces destinataires auront communication des donn\u00e9es suivantes : donn\u00e9es personnelles basiques.<\/p>\n\n\n\n<p>La transmission de ces donn\u00e9es aux destinataires situ\u00e9s en dehors de l&#8217;Union Europ\u00e9enne est destin\u00e9e \u00e0 effectuer des traitements de donn\u00e9es personnelles destin\u00e9s au fonctionnement des services propos\u00e9s.<\/p>\n\n\n\n<p>Conform\u00e9ment \u00e0 la loi &#8220;Informatique et Libert\u00e9s&#8221; du 6 janvier 1978 modifi\u00e9e, vous disposez d&#8217;un droit d&#8217;acc\u00e8s et de rectification aux informations qui vous concernent.<\/p>\n\n\n\n<p>Vous pouvez acc\u00e9der aux informations vous concernant en vous adressant \u00e0 SARL MAISON NORMANDE HOME DECOR par mail : contact@maisonnormande.boutique.<\/p>\n\n\n\n<p><\/p>\n\n\n\n<h2 class=\"wp-block-heading\" id=\"hebergeur\"><em><strong>H\u00c9BERGEUR<\/strong><\/em><\/h2>\n\n\n\n<p>L&#8217;h\u00e9bergeur su site www.maisonnormande.boutique est la Soci\u00e9t\u00e9 O2SWITCH, dont le si\u00e8ge social est situ\u00e9 au 222-224 boulevard Gustave Flaubert, 63000 Clermont-Ferrand, France, avec le num\u00e9ro de t\u00e9l\u00e9phone : +33 444 446 040.<\/p>\n\n\n\n<p><\/p>\n\n\n\n<h2 class=\"wp-block-heading\" id=\"creation-du-site-e-commerce\"><em><strong>CR\u00c9ATION DU SITE E-COMMERCE<\/strong><\/em><\/h2>\n\n\n\n<p><strong>Conception graphique, commerciale et marketing<\/strong> : SPARECONSULT_UY &#8211; Colonia del Sacramento &#8211; URUGUAY<\/p>\n\n\n\n<p><\/p>\n\n\n\n<h2 class=\"wp-block-heading\" id=\"informations-et-contact\"><em><strong>INFORMATIONS ET CONTACT<\/strong><\/em><\/h2>\n\n\n\n<p><strong>SAR<\/strong>L<strong> MAISON NORMANDE<\/strong> <strong>HOME DECOR<\/strong> &#8211; 46 rue de la Lib\u00e9ration &#8211; 76680 MAUCOMBLE &#8211; FRANCE<\/p>\n\n\n\n<p>Compl\u00e9ter la fiche contact de la boutique ou envoyer un mail \u00e0:  <span style=\"color:#5188a6\" class=\"has-inline-color\">contact@maisonnormande.boutique<\/span><\/p>\n\n\n\n<p>ou t\u00e9l\u00e9phoner au num\u00e9ro de t\u00e9l\u00e9phone:  <a href=\"tel:+ 33 788 730 667\" data-type=\"tel\">+33 788 730 667<\/a><\/p>\n\n\n\n<p><\/p>\n\n\n\n<h2 class=\"wp-block-heading\" id=\"confidentialite-des-donnees-d-analyse-des-utilisateurs-et-des-clients-sur-notre-e-boutique\"><strong><em>CONFIDENTIALIT\u00c9 DES DONN\u00c9ES D&#8217;ANALYSE DES UTILISATEURS ET DES CLIENTS SUR NOTRE E-BOUTIQUE<\/em><\/strong><\/h2>\n\n\n\n<p>Respecter la vie priv\u00e9e est un droit fondamental, et afin de prot\u00e9ger la confidentialit\u00e9 de nos utilisateurs, nous utilisons exclusivement le logiciel Matamo Analytics.<\/p>\n\n\n\n<p>Contrairement aux pratiques des g\u00e9ants du WEB qui proposent des logiciels d&#8217;analyse puissants mais qui, en contrepartie, utilisent vos donn\u00e9es, nous avons choisi la d\u00e9marche inverse.<\/p>\n\n\n\n<p>Bien que Matamo Analytics soit un logiciel d&#8217;analyse web qui a pour but de suivre l&#8217;activit\u00e9 des utilisateurs sur notre site www.maisonnormande.boutique, nous prenons la confidentialit\u00e9 tr\u00e8s au s\u00e9rieux.<\/p>\n\n\n\n<p class=\"has-black-color has-text-color\">Le code source de ce logiciel est open-source, donc des centaines de personnes l&#8217;ont examin\u00e9 pour s&#8217;assurer qu&#8217;il est secure et conserve vos donn\u00e9es d&#8217;activit\u00e9 exclusivement sur notre base de donn\u00e9es. Aucune autre entreprise ne peut acc\u00e9der \u00e0 ces informations qui restent strictement confidentielles et les journaux ou les donn\u00e9es de rapport ne seront jamais envoy\u00e9s \u00e0 d&#8217;autres serveurs.<\/p>\n\n\n\n<p>Toutefois, et en toute transparence, si vous ne souhaitez pas que notre outil d&#8217;analyse utilise vos informations, vous avez la possibilit\u00e9 de le d\u00e9connecter : <\/p>\n\n\n\n[matomo_opt_out]\n\n\n\n<div style=\"height:18px\" aria-hidden=\"true\" class=\"wp-block-spacer\"><\/div>\n\n\n\n<blockquote class=\"wp-block-quote has-text-align-center is-layout-flow wp-block-quote-is-layout-flow\"><p><strong>Pour de plus amples informations, se rapporter aux Conditions G\u00e9n\u00e9rales de Vente su site www.maisonnormande.boutique, accessibles sous la rubrique &#8220;CGV&#8221;<\/strong>.<\/p><\/blockquote>\n\n\n\n<hr class=\"wp-block-separator alignwide\"\/>\n\n\n\n<p><strong>IMPORTANT <\/strong>: <strong>la connexion et la navigation sur le site www.maisonnormande.boutique par l&#8217;utilisateur implique l&#8217;acceptation int\u00e9grale et sans r\u00e9serve des pr\u00e9sentes mentions l\u00e9gales ainsi, le cas \u00e9ch\u00e9ant, des conditions g\u00e9n\u00e9rales de vente.<\/strong><\/p>\n\n\n\n<hr class=\"wp-block-separator alignwide\"\/>\n\n\n\n<p>Toute utilisation, reproduction, diffusion, commercialisation, modification de toute ou partie du site <strong>www.maisonnormande.boutique<\/strong>, sans autorisation du propri\u00e9taire ou du concepteur, est prohib\u00e9e et pourra entra\u00eener des actions et poursuites judiciaires telles que notamment pr\u00e9vues par le Code de la Propri\u00e9t\u00e9 Intellectuelle et le Code Civil.<\/p>\n\n\n\n<div style=\"height:30px\" aria-hidden=\"true\" class=\"wp-block-spacer\"><\/div>\n","protected":false},"excerpt":{"rendered":"<p>MENTIONS L\u00c9GALES Propri\u00e9taire Raison sociale : SARL Maison Normande Home Decor Si\u00e8ge social : 46 rue de la Lib\u00e9ration, 76680 Maucomble &#8211; France Adresse \u00e9lectronique : contact@maisonnormande.boutique SIREN : 850524166 &#8211; R.C.S. DIEPPE DONN\u00c9ES PERSONNELLES DANS L&#8217;UNION EUROP\u00c9ENNE Ce site internet s&#8217;efforce d&#8217;\u00eatre conforme au RGPD (R\u00e8glement Europ\u00e9en sur la Protection des Donn\u00e9es). Les informations recueillies sur les formulaires de ce site internet sont enregistr\u00e9es dans un fichier informatis\u00e9 par SARL MAISON NORMANDE HOME DECOR pour effectuer des traitements de donn\u00e9es personnelles destin\u00e9s au fonctionnement des services propos\u00e9s. Elles sont conserv\u00e9es pendant une dur\u00e9e variable en fonction des traitements et sont destin\u00e9es au responsable du traitement ainsi qu&#8217;aux collaborateurs de [&hellip;]<\/p>\n","protected":false},"author":1,"featured_media":0,"parent":0,"menu_order":0,"comment_status":"closed","ping_status":"open","template":"","meta":{"footnotes":""},"class_list":["post-3","page","type-page","status-publish","hentry"],"_links":{"self":[{"href":"https:\/\/maisonnormande.boutique\/ja\/wp-json\/wp\/v2\/pages\/3","targetHints":{"allow":["GET"]}}],"collection":[{"href":"https:\/\/maisonnormande.boutique\/ja\/wp-json\/wp\/v2\/pages"}],"about":[{"href":"https:\/\/maisonnormande.boutique\/ja\/wp-json\/wp\/v2\/types\/page"}],"author":[{"embeddable":true,"href":"https:\/\/maisonnormande.boutique\/ja\/wp-json\/wp\/v2\/users\/1"}],"replies":[{"embeddable":true,"href":"https:\/\/maisonnormande.boutique\/ja\/wp-json\/wp\/v2\/comments?post=3"}],"version-history":[{"count":1,"href":"https:\/\/maisonnormande.boutique\/ja\/wp-json\/wp\/v2\/pages\/3\/revisions"}],"predecessor-version":[{"id":1406026,"href":"https:\/\/maisonnormande.boutique\/ja\/wp-json\/wp\/v2\/pages\/3\/revisions\/1406026"}],"wp:attachment":[{"href":"https:\/\/maisonnormande.boutique\/ja\/wp-json\/wp\/v2\/media?parent=3"}],"curies":[{"name":"wp","href":"https:\/\/api.w.org\/{rel}","templated":true}]}}